{"id":102,"date":"2024-01-19T10:20:11","date_gmt":"2024-01-19T01:20:11","guid":{"rendered":"https:\/\/www.ksgvietnam.com\/?page_id=102"},"modified":"2025-02-04T08:26:56","modified_gmt":"2025-02-03T23:26:56","slug":"ki-tuc","status":"publish","type":"page","link":"https:\/\/www.ksgvietnam.com\/?page_id=102","title":{"rendered":"K\u00ed t\u00fac"},"content":{"rendered":"\n<p class=\"has-pale-pink-background-color has-background has-medium-font-size\">Vi\u1ec7c t\u00ecm nh\u00e0 \u1edf Nh\u1eadt l\u00e0 vi\u1ec7c l\u00e0m r\u1ea5t kh\u00f3 kh\u0103n ngay c\u1ea3 v\u1edbi ng\u01b0\u1eddi b\u1ea3n s\u1ee9 . Sau khi t\u00ecm \u0111\u01b0\u1ee3c nh\u00e0 xong  c\u1ea7n l\u00e0m th\u1ee7 t\u1ee5c k\u00ed h\u1ee3p \u0111\u1ed3ng , t\u00ecm ng\u01b0\u1eddi b\u1ea3o l\u00e3nh ho\u1eb7c c\u00f4ng ty b\u1ea3o l\u00e3nh r\u1ea5t l\u1eb1ng nh\u1eb1ng v\u00e0 t\u1ed1n ti\u1ec1n . \u0110\u1eb7c bi\u1ec7t c\u00e1c b\u1ea1n du h\u1ecdc sinh m\u1edbi sang Nh\u1eadt ch\u01b0a c\u00f3 c\u00f4ng vi\u1ec7c l\u00e0m th\u00eam t\u1ea1i Nh\u1eadt n\u00ean vi\u1ec7c x\u00e9t duy\u1ec7t h\u1ed3 s\u01a1 thu\u00ea nh\u00e0 c\u00e0ng tr\u1edf n\u00ean kh\u00f3 kh\u0103n .<\/p>\n\n\n\n<p class=\"has-cyan-bluish-gray-background-color has-background has-medium-font-size\">\u0110\u1ec3 gi\u1ea3i quy\u1ebft v\u1ea5n \u0111\u1ec1 tr\u00ean : C\u00e1c b\u1ea1n du h\u1ecdc sinh c\u00f3 th\u1ec3 \u1edf nh\u00e0 ng\u01b0\u1eddi th\u00e2n \u1edf Nh\u1eadt ( n\u1ebfu c\u00f3) l\u00e0 t\u1ed1t nh\u1ea5t , ti\u1ebft ki\u1ec7m chi ph\u00ed cho c\u00e1c b\u1ea1n . C\u00e1ch th\u1ee9 2 l\u00e0 c\u00f3 th\u1ec3 \u1edf k\u00ed t\u00fac nh\u00e0 tr\u01b0\u1eddng chu\u1ea9n b\u1ecb theo h\u1ee3p \u0111\u1ed3ng 3 -6 th\u00e1ng . Sau khi \u1edf h\u1ebft h\u1ee3p \u0111\u1ed3ng c\u00f3 th\u1ec3 ra h\u1ea1n ti\u1ebfp ho\u1eb7c chuy\u1ec3n ra ngo\u00e0i s\u1ebd thu\u1eadn l\u1ee3i h\u01a1n cho c\u00e1c b\u1ea1n.<\/p>\n\n\n\n<p class=\"has-light-green-cyan-background-color has-background has-medium-font-size\">Nh\u00e0 tr\u01b0\u1eddng c\u00f3 chu\u1ea9n b\u1ecb k\u00ed t\u00fac : KSG Vi\u1ec7t nam xin gi\u1edbi thi\u1ec7u k\u00ed t\u00fac nh\u00e0 tr\u01b0\u1eddng .H\u1ee3p \u0111\u1ed3ng thu\u00ea t\u1ed1i thi\u1ec3u 6 th\u00e1ng tr\u1edf l\u00ean. Gi\u00e1 thu\u00ea : 45000 y\u00ean \/ th\u00e1ng ~+Ti\u1ec1n \u0111i\u1ec7n n\u01b0\u1edbc t\u00ednh ri\u00eang. 2 ng\u01b0\u1eddi s\u1ebd \u1edf chung 1 ph\u00f2ng. K\u00ed t\u00fac c\u00f3 khu v\u1ec7 sinh , nh\u00e0 t\u1eafm, n\u1ea5u \u0103n ri\u00eang bi\u1ec7t .<\/p>\n\n\n\n<p class=\"has-medium-font-size\">(N\u1ebfu c\u00f3 nhu c\u1ea7u  c\u00e1c h\u1ecdc sinh c\u00f3 th\u1ec3 \u0111\u0103ng k\u00ed ri\u00eang )<\/p>\n\n\n\n<p class=\"has-white-background-color has-background has-medium-font-size\">T\u00ean k\u00ed t\u00fac : AI KAMATA ,  \u0110\u1ecba ch\u1ec9 :  \u6771\u4eac\u90fd\u5927\u7530\u533a\u4ef2\u516d\u90f72\uff0d45\uff0d9<\/p>\n\n\n\n<div class=\"wp-block-columns is-layout-flex wp-container-core-columns-is-layout-1 wp-block-columns-is-layout-flex\">\n<div class=\"wp-block-column is-layout-flow wp-block-column-is-layout-flow\">\n<figure class=\"wp-block-image size-large\"><img loading=\"lazy\" decoding=\"async\" width=\"1024\" height=\"576\" src=\"https:\/\/www.ksgvietnam.com\/wp-content\/uploads\/2024\/01\/image-4-1024x576.png\" alt=\"\" class=\"wp-image-183\" srcset=\"https:\/\/www.ksgvietnam.com\/wp-content\/uploads\/2024\/01\/image-4-1024x576.png 1024w, https:\/\/www.ksgvietnam.com\/wp-content\/uploads\/2024\/01\/image-4-300x169.png 300w, https:\/\/www.ksgvietnam.com\/wp-content\/uploads\/2024\/01\/image-4-768x432.png 768w, https:\/\/www.ksgvietnam.com\/wp-content\/uploads\/2024\/01\/image-4-1536x864.png 1536w, https:\/\/www.ksgvietnam.com\/wp-content\/uploads\/2024\/01\/image-4-320x180.png 320w, https:\/\/www.ksgvietnam.com\/wp-content\/uploads\/2024\/01\/image-4.png 1600w\" sizes=\"(max-width: 1024px) 100vw, 1024px\" \/><\/figure>\n<\/div>\n\n\n\n<div class=\"wp-block-column is-layout-flow wp-block-column-is-layout-flow\">\n<figure class=\"wp-block-image size-large\"><img loading=\"lazy\" decoding=\"async\" width=\"1024\" height=\"576\" src=\"https:\/\/www.ksgvietnam.com\/wp-content\/uploads\/2024\/01\/image-5-1024x576.png\" alt=\"\" class=\"wp-image-184\" srcset=\"https:\/\/www.ksgvietnam.com\/wp-content\/uploads\/2024\/01\/image-5-1024x576.png 1024w, https:\/\/www.ksgvietnam.com\/wp-content\/uploads\/2024\/01\/image-5-300x169.png 300w, https:\/\/www.ksgvietnam.com\/wp-content\/uploads\/2024\/01\/image-5-768x432.png 768w, https:\/\/www.ksgvietnam.com\/wp-content\/uploads\/2024\/01\/image-5-1536x864.png 1536w, https:\/\/www.ksgvietnam.com\/wp-content\/uploads\/2024\/01\/image-5-320x180.png 320w, https:\/\/www.ksgvietnam.com\/wp-content\/uploads\/2024\/01\/image-5.png 1600w\" sizes=\"(max-width: 1024px) 100vw, 1024px\" \/><\/figure>\n<\/div>\n\n\n\n<div class=\"wp-block-column is-layout-flow wp-block-column-is-layout-flow\">\n<figure class=\"wp-block-image size-large\"><img loading=\"lazy\" decoding=\"async\" width=\"1024\" height=\"576\" src=\"https:\/\/www.ksgvietnam.com\/wp-content\/uploads\/2024\/01\/image-6-1024x576.png\" alt=\"\" class=\"wp-image-185\" srcset=\"https:\/\/www.ksgvietnam.com\/wp-content\/uploads\/2024\/01\/image-6-1024x576.png 1024w, https:\/\/www.ksgvietnam.com\/wp-content\/uploads\/2024\/01\/image-6-300x169.png 300w, https:\/\/www.ksgvietnam.com\/wp-content\/uploads\/2024\/01\/image-6-768x432.png 768w, https:\/\/www.ksgvietnam.com\/wp-content\/uploads\/2024\/01\/image-6-1536x864.png 1536w, https:\/\/www.ksgvietnam.com\/wp-content\/uploads\/2024\/01\/image-6-320x180.png 320w, https:\/\/www.ksgvietnam.com\/wp-content\/uploads\/2024\/01\/image-6.png 1600w\" sizes=\"(max-width: 1024px) 100vw, 1024px\" \/><\/figure>\n<\/div>\n<\/div>\n\n\n\n<div class=\"wp-block-columns is-layout-flex wp-container-core-columns-is-layout-2 wp-block-columns-is-layout-flex\">\n<div class=\"wp-block-column is-layout-flow wp-block-column-is-layout-flow\">\n<figure class=\"wp-block-image size-large\"><img loading=\"lazy\" decoding=\"async\" width=\"1024\" height=\"576\" src=\"https:\/\/www.ksgvietnam.com\/wp-content\/uploads\/2024\/01\/image-7-1024x576.png\" alt=\"\" class=\"wp-image-186\" srcset=\"https:\/\/www.ksgvietnam.com\/wp-content\/uploads\/2024\/01\/image-7-1024x576.png 1024w, https:\/\/www.ksgvietnam.com\/wp-content\/uploads\/2024\/01\/image-7-300x169.png 300w, https:\/\/www.ksgvietnam.com\/wp-content\/uploads\/2024\/01\/image-7-768x432.png 768w, https:\/\/www.ksgvietnam.com\/wp-content\/uploads\/2024\/01\/image-7-1536x864.png 1536w, https:\/\/www.ksgvietnam.com\/wp-content\/uploads\/2024\/01\/image-7-320x180.png 320w, https:\/\/www.ksgvietnam.com\/wp-content\/uploads\/2024\/01\/image-7.png 1600w\" sizes=\"(max-width: 1024px) 100vw, 1024px\" \/><\/figure>\n<\/div>\n\n\n\n<div class=\"wp-block-column is-layout-flow wp-block-column-is-layout-flow\">\n<figure class=\"wp-block-image size-large\"><img loading=\"lazy\" decoding=\"async\" width=\"1024\" height=\"576\" src=\"https:\/\/www.ksgvietnam.com\/wp-content\/uploads\/2024\/01\/image-8-1024x576.png\" alt=\"\" class=\"wp-image-187\" srcset=\"https:\/\/www.ksgvietnam.com\/wp-content\/uploads\/2024\/01\/image-8-1024x576.png 1024w, https:\/\/www.ksgvietnam.com\/wp-content\/uploads\/2024\/01\/image-8-300x169.png 300w, https:\/\/www.ksgvietnam.com\/wp-content\/uploads\/2024\/01\/image-8-768x432.png 768w, https:\/\/www.ksgvietnam.com\/wp-content\/uploads\/2024\/01\/image-8-1536x864.png 1536w, https:\/\/www.ksgvietnam.com\/wp-content\/uploads\/2024\/01\/image-8-320x180.png 320w, https:\/\/www.ksgvietnam.com\/wp-content\/uploads\/2024\/01\/image-8.png 1600w\" sizes=\"(max-width: 1024px) 100vw, 1024px\" \/><\/figure>\n<\/div>\n\n\n\n<div class=\"wp-block-column is-layout-flow wp-block-column-is-layout-flow\">\n<figure class=\"wp-block-image size-large\"><img loading=\"lazy\" decoding=\"async\" width=\"1024\" height=\"576\" src=\"https:\/\/www.ksgvietnam.com\/wp-content\/uploads\/2024\/01\/image-9-1024x576.png\" alt=\"\" class=\"wp-image-188\" srcset=\"https:\/\/www.ksgvietnam.com\/wp-content\/uploads\/2024\/01\/image-9-1024x576.png 1024w, https:\/\/www.ksgvietnam.com\/wp-content\/uploads\/2024\/01\/image-9-300x169.png 300w, https:\/\/www.ksgvietnam.com\/wp-content\/uploads\/2024\/01\/image-9-768x432.png 768w, https:\/\/www.ksgvietnam.com\/wp-content\/uploads\/2024\/01\/image-9-1536x864.png 1536w, https:\/\/www.ksgvietnam.com\/wp-content\/uploads\/2024\/01\/image-9-320x180.png 320w, https:\/\/www.ksgvietnam.com\/wp-content\/uploads\/2024\/01\/image-9.png 1600w\" sizes=\"(max-width: 1024px) 100vw, 1024px\" \/><\/figure>\n<\/div>\n<\/div>\n\n\n\n<div class=\"wp-block-columns is-layout-flex wp-container-core-columns-is-layout-3 wp-block-columns-is-layout-flex\">\n<div class=\"wp-block-column is-layout-flow wp-block-column-is-layout-flow\">\n<figure class=\"wp-block-image size-large\"><img loading=\"lazy\" decoding=\"async\" width=\"1024\" height=\"576\" src=\"https:\/\/www.ksgvietnam.com\/wp-content\/uploads\/2024\/01\/image-10-1024x576.png\" alt=\"\" class=\"wp-image-189\" srcset=\"https:\/\/www.ksgvietnam.com\/wp-content\/uploads\/2024\/01\/image-10-1024x576.png 1024w, https:\/\/www.ksgvietnam.com\/wp-content\/uploads\/2024\/01\/image-10-300x169.png 300w, https:\/\/www.ksgvietnam.com\/wp-content\/uploads\/2024\/01\/image-10-768x432.png 768w, https:\/\/www.ksgvietnam.com\/wp-content\/uploads\/2024\/01\/image-10-1536x864.png 1536w, https:\/\/www.ksgvietnam.com\/wp-content\/uploads\/2024\/01\/image-10-320x180.png 320w, https:\/\/www.ksgvietnam.com\/wp-content\/uploads\/2024\/01\/image-10.png 1600w\" sizes=\"(max-width: 1024px) 100vw, 1024px\" \/><\/figure>\n<\/div>\n\n\n\n<div class=\"wp-block-column is-layout-flow wp-block-column-is-layout-flow\">\n<figure class=\"wp-block-image size-large\"><img loading=\"lazy\" decoding=\"async\" width=\"1024\" height=\"576\" src=\"https:\/\/www.ksgvietnam.com\/wp-content\/uploads\/2024\/01\/image-11-1024x576.png\" alt=\"\" class=\"wp-image-190\" srcset=\"https:\/\/www.ksgvietnam.com\/wp-content\/uploads\/2024\/01\/image-11-1024x576.png 1024w, https:\/\/www.ksgvietnam.com\/wp-content\/uploads\/2024\/01\/image-11-300x169.png 300w, https:\/\/www.ksgvietnam.com\/wp-content\/uploads\/2024\/01\/image-11-768x432.png 768w, https:\/\/www.ksgvietnam.com\/wp-content\/uploads\/2024\/01\/image-11-1536x864.png 1536w, https:\/\/www.ksgvietnam.com\/wp-content\/uploads\/2024\/01\/image-11-320x180.png 320w, https:\/\/www.ksgvietnam.com\/wp-content\/uploads\/2024\/01\/image-11.png 1600w\" sizes=\"(max-width: 1024px) 100vw, 1024px\" \/><\/figure>\n<\/div>\n\n\n\n<div class=\"wp-block-column is-layout-flow wp-block-column-is-layout-flow\">\n<figure class=\"wp-block-image size-large\"><img loading=\"lazy\" decoding=\"async\" width=\"1024\" height=\"576\" src=\"https:\/\/www.ksgvietnam.com\/wp-content\/uploads\/2024\/01\/image-12-1024x576.png\" alt=\"\" class=\"wp-image-191\" srcset=\"https:\/\/www.ksgvietnam.com\/wp-content\/uploads\/2024\/01\/image-12-1024x576.png 1024w, https:\/\/www.ksgvietnam.com\/wp-content\/uploads\/2024\/01\/image-12-300x169.png 300w, https:\/\/www.ksgvietnam.com\/wp-content\/uploads\/2024\/01\/image-12-768x432.png 768w, https:\/\/www.ksgvietnam.com\/wp-content\/uploads\/2024\/01\/image-12-1536x864.png 1536w, https:\/\/www.ksgvietnam.com\/wp-content\/uploads\/2024\/01\/image-12-320x180.png 320w, https:\/\/www.ksgvietnam.com\/wp-content\/uploads\/2024\/01\/image-12.png 1600w\" sizes=\"(max-width: 1024px) 100vw, 1024px\" \/><\/figure>\n<\/div>\n<\/div>\n\n\n\n<div class=\"wp-block-columns is-layout-flex wp-container-core-columns-is-layout-4 wp-block-columns-is-layout-flex\">\n<div class=\"wp-block-column is-layout-flow wp-block-column-is-layout-flow\">\n<figure class=\"wp-block-image size-large\"><img loading=\"lazy\" decoding=\"async\" width=\"1024\" height=\"576\" src=\"https:\/\/www.ksgvietnam.com\/wp-content\/uploads\/2024\/01\/image-13-1024x576.png\" alt=\"\" class=\"wp-image-192\" srcset=\"https:\/\/www.ksgvietnam.com\/wp-content\/uploads\/2024\/01\/image-13-1024x576.png 1024w, https:\/\/www.ksgvietnam.com\/wp-content\/uploads\/2024\/01\/image-13-300x169.png 300w, https:\/\/www.ksgvietnam.com\/wp-content\/uploads\/2024\/01\/image-13-768x432.png 768w, https:\/\/www.ksgvietnam.com\/wp-content\/uploads\/2024\/01\/image-13-1536x864.png 1536w, https:\/\/www.ksgvietnam.com\/wp-content\/uploads\/2024\/01\/image-13-320x180.png 320w, https:\/\/www.ksgvietnam.com\/wp-content\/uploads\/2024\/01\/image-13.png 1600w\" sizes=\"(max-width: 1024px) 100vw, 1024px\" \/><\/figure>\n<\/div>\n\n\n\n<div class=\"wp-block-column is-layout-flow wp-block-column-is-layout-flow\">\n<figure class=\"wp-block-image size-large\"><img loading=\"lazy\" decoding=\"async\" width=\"1024\" height=\"576\" src=\"https:\/\/www.ksgvietnam.com\/wp-content\/uploads\/2024\/01\/image-14-1024x576.png\" alt=\"\" class=\"wp-image-193\" srcset=\"https:\/\/www.ksgvietnam.com\/wp-content\/uploads\/2024\/01\/image-14-1024x576.png 1024w, https:\/\/www.ksgvietnam.com\/wp-content\/uploads\/2024\/01\/image-14-300x169.png 300w, https:\/\/www.ksgvietnam.com\/wp-content\/uploads\/2024\/01\/image-14-768x432.png 768w, https:\/\/www.ksgvietnam.com\/wp-content\/uploads\/2024\/01\/image-14-1536x864.png 1536w, https:\/\/www.ksgvietnam.com\/wp-content\/uploads\/2024\/01\/image-14-320x180.png 320w, https:\/\/www.ksgvietnam.com\/wp-content\/uploads\/2024\/01\/image-14.png 1600w\" sizes=\"(max-width: 1024px) 100vw, 1024px\" \/><\/figure>\n<\/div>\n\n\n\n<div class=\"wp-block-column is-layout-flow wp-block-column-is-layout-flow\">\n<figure class=\"wp-block-image size-large\"><img loading=\"lazy\" decoding=\"async\" width=\"1024\" height=\"576\" src=\"https:\/\/www.ksgvietnam.com\/wp-content\/uploads\/2024\/01\/image-15-1024x576.png\" alt=\"\" class=\"wp-image-194\" srcset=\"https:\/\/www.ksgvietnam.com\/wp-content\/uploads\/2024\/01\/image-15-1024x576.png 1024w, https:\/\/www.ksgvietnam.com\/wp-content\/uploads\/2024\/01\/image-15-300x169.png 300w, https:\/\/www.ksgvietnam.com\/wp-content\/uploads\/2024\/01\/image-15-768x432.png 768w, https:\/\/www.ksgvietnam.com\/wp-content\/uploads\/2024\/01\/image-15-1536x864.png 1536w, https:\/\/www.ksgvietnam.com\/wp-content\/uploads\/2024\/01\/image-15-320x180.png 320w, https:\/\/www.ksgvietnam.com\/wp-content\/uploads\/2024\/01\/image-15.png 1600w\" sizes=\"(max-width: 1024px) 100vw, 1024px\" \/><\/figure>\n<\/div>\n<\/div>\n\n\n\n<div class=\"wp-block-columns is-layout-flex wp-container-core-columns-is-layout-5 wp-block-columns-is-layout-flex\">\n<div class=\"wp-block-column is-layout-flow wp-block-column-is-layout-flow\">\n<figure class=\"wp-block-image size-large\"><img loading=\"lazy\" decoding=\"async\" width=\"1024\" height=\"576\" src=\"https:\/\/www.ksgvietnam.com\/wp-content\/uploads\/2024\/01\/image-16-1024x576.png\" alt=\"\" class=\"wp-image-195\" srcset=\"https:\/\/www.ksgvietnam.com\/wp-content\/uploads\/2024\/01\/image-16-1024x576.png 1024w, https:\/\/www.ksgvietnam.com\/wp-content\/uploads\/2024\/01\/image-16-300x169.png 300w, https:\/\/www.ksgvietnam.com\/wp-content\/uploads\/2024\/01\/image-16-768x432.png 768w, https:\/\/www.ksgvietnam.com\/wp-content\/uploads\/2024\/01\/image-16-1536x864.png 1536w, https:\/\/www.ksgvietnam.com\/wp-content\/uploads\/2024\/01\/image-16-320x180.png 320w, https:\/\/www.ksgvietnam.com\/wp-content\/uploads\/2024\/01\/image-16.png 1600w\" sizes=\"(max-width: 1024px) 100vw, 1024px\" \/><\/figure>\n<\/div>\n\n\n\n<div class=\"wp-block-column is-layout-flow wp-block-column-is-layout-flow\">\n<figure class=\"wp-block-image size-large\"><img loading=\"lazy\" decoding=\"async\" width=\"1024\" height=\"576\" src=\"https:\/\/www.ksgvietnam.com\/wp-content\/uploads\/2024\/01\/image-17-1024x576.png\" alt=\"\" class=\"wp-image-196\" srcset=\"https:\/\/www.ksgvietnam.com\/wp-content\/uploads\/2024\/01\/image-17-1024x576.png 1024w, https:\/\/www.ksgvietnam.com\/wp-content\/uploads\/2024\/01\/image-17-300x169.png 300w, https:\/\/www.ksgvietnam.com\/wp-content\/uploads\/2024\/01\/image-17-768x432.png 768w, https:\/\/www.ksgvietnam.com\/wp-content\/uploads\/2024\/01\/image-17-1536x864.png 1536w, https:\/\/www.ksgvietnam.com\/wp-content\/uploads\/2024\/01\/image-17-320x180.png 320w, https:\/\/www.ksgvietnam.com\/wp-content\/uploads\/2024\/01\/image-17.png 1600w\" sizes=\"(max-width: 1024px) 100vw, 1024px\" \/><\/figure>\n<\/div>\n\n\n\n<div class=\"wp-block-column is-layout-flow wp-block-column-is-layout-flow\">\n<figure class=\"wp-block-image size-large\"><img loading=\"lazy\" decoding=\"async\" width=\"1024\" height=\"576\" src=\"https:\/\/www.ksgvietnam.com\/wp-content\/uploads\/2024\/01\/image-18-1024x576.png\" alt=\"\" class=\"wp-image-197\" srcset=\"https:\/\/www.ksgvietnam.com\/wp-content\/uploads\/2024\/01\/image-18-1024x576.png 1024w, https:\/\/www.ksgvietnam.com\/wp-content\/uploads\/2024\/01\/image-18-300x169.png 300w, https:\/\/www.ksgvietnam.com\/wp-content\/uploads\/2024\/01\/image-18-768x432.png 768w, https:\/\/www.ksgvietnam.com\/wp-content\/uploads\/2024\/01\/image-18-1536x864.png 1536w, https:\/\/www.ksgvietnam.com\/wp-content\/uploads\/2024\/01\/image-18-320x180.png 320w, https:\/\/www.ksgvietnam.com\/wp-content\/uploads\/2024\/01\/image-18.png 1600w\" sizes=\"(max-width: 1024px) 100vw, 1024px\" \/><\/figure>\n<\/div>\n<\/div>\n\n\n\n<div class=\"wp-block-columns is-layout-flex wp-container-core-columns-is-layout-6 wp-block-columns-is-layout-flex\">\n<div class=\"wp-block-column is-layout-flow wp-block-column-is-layout-flow\">\n<figure class=\"wp-block-image size-large\"><img loading=\"lazy\" decoding=\"async\" width=\"1024\" height=\"576\" src=\"https:\/\/www.ksgvietnam.com\/wp-content\/uploads\/2024\/01\/image-20-1024x576.png\" alt=\"\" class=\"wp-image-199\" srcset=\"https:\/\/www.ksgvietnam.com\/wp-content\/uploads\/2024\/01\/image-20-1024x576.png 1024w, https:\/\/www.ksgvietnam.com\/wp-content\/uploads\/2024\/01\/image-20-300x169.png 300w, https:\/\/www.ksgvietnam.com\/wp-content\/uploads\/2024\/01\/image-20-768x432.png 768w, https:\/\/www.ksgvietnam.com\/wp-content\/uploads\/2024\/01\/image-20-1536x864.png 1536w, https:\/\/www.ksgvietnam.com\/wp-content\/uploads\/2024\/01\/image-20-320x180.png 320w, https:\/\/www.ksgvietnam.com\/wp-content\/uploads\/2024\/01\/image-20.png 1600w\" sizes=\"(max-width: 1024px) 100vw, 1024px\" \/><\/figure>\n<\/div>\n\n\n\n<div class=\"wp-block-column is-layout-flow wp-block-column-is-layout-flow\">\n<figure class=\"wp-block-image size-large\"><img loading=\"lazy\" decoding=\"async\" width=\"1024\" height=\"576\" src=\"https:\/\/www.ksgvietnam.com\/wp-content\/uploads\/2024\/01\/image-21-1024x576.png\" alt=\"\" class=\"wp-image-200\" srcset=\"https:\/\/www.ksgvietnam.com\/wp-content\/uploads\/2024\/01\/image-21-1024x576.png 1024w, https:\/\/www.ksgvietnam.com\/wp-content\/uploads\/2024\/01\/image-21-300x169.png 300w, https:\/\/www.ksgvietnam.com\/wp-content\/uploads\/2024\/01\/image-21-768x432.png 768w, https:\/\/www.ksgvietnam.com\/wp-content\/uploads\/2024\/01\/image-21-1536x864.png 1536w, https:\/\/www.ksgvietnam.com\/wp-content\/uploads\/2024\/01\/image-21-320x180.png 320w, https:\/\/www.ksgvietnam.com\/wp-content\/uploads\/2024\/01\/image-21.png 1600w\" sizes=\"(max-width: 1024px) 100vw, 1024px\" \/><\/figure>\n<\/div>\n\n\n\n<div class=\"wp-block-column is-layout-flow wp-block-column-is-layout-flow\">\n<figure class=\"wp-block-image size-large\"><img loading=\"lazy\" decoding=\"async\" width=\"1024\" height=\"576\" src=\"https:\/\/www.ksgvietnam.com\/wp-content\/uploads\/2024\/01\/image-22-1024x576.png\" alt=\"\" class=\"wp-image-201\" srcset=\"https:\/\/www.ksgvietnam.com\/wp-content\/uploads\/2024\/01\/image-22-1024x576.png 1024w, https:\/\/www.ksgvietnam.com\/wp-content\/uploads\/2024\/01\/image-22-300x169.png 300w, https:\/\/www.ksgvietnam.com\/wp-content\/uploads\/2024\/01\/image-22-768x432.png 768w, https:\/\/www.ksgvietnam.com\/wp-content\/uploads\/2024\/01\/image-22-1536x864.png 1536w, https:\/\/www.ksgvietnam.com\/wp-content\/uploads\/2024\/01\/image-22-320x180.png 320w, https:\/\/www.ksgvietnam.com\/wp-content\/uploads\/2024\/01\/image-22.png 1600w\" sizes=\"(max-width: 1024px) 100vw, 1024px\" \/><\/figure>\n<\/div>\n<\/div>\n\n\n\n<div class=\"wp-block-columns is-layout-flex wp-container-core-columns-is-layout-7 wp-block-columns-is-layout-flex\">\n<div class=\"wp-block-column is-layout-flow wp-block-column-is-layout-flow\">\n<figure class=\"wp-block-image size-large\"><img loading=\"lazy\" decoding=\"async\" width=\"1024\" height=\"576\" src=\"https:\/\/www.ksgvietnam.com\/wp-content\/uploads\/2024\/01\/image-23-1024x576.png\" alt=\"\" class=\"wp-image-202\" srcset=\"https:\/\/www.ksgvietnam.com\/wp-content\/uploads\/2024\/01\/image-23-1024x576.png 1024w, https:\/\/www.ksgvietnam.com\/wp-content\/uploads\/2024\/01\/image-23-300x169.png 300w, https:\/\/www.ksgvietnam.com\/wp-content\/uploads\/2024\/01\/image-23-768x432.png 768w, https:\/\/www.ksgvietnam.com\/wp-content\/uploads\/2024\/01\/image-23-1536x864.png 1536w, https:\/\/www.ksgvietnam.com\/wp-content\/uploads\/2024\/01\/image-23-320x180.png 320w, https:\/\/www.ksgvietnam.com\/wp-content\/uploads\/2024\/01\/image-23.png 1600w\" sizes=\"(max-width: 1024px) 100vw, 1024px\" \/><\/figure>\n<\/div>\n\n\n\n<div class=\"wp-block-column is-layout-flow wp-block-column-is-layout-flow\">\n<figure class=\"wp-block-image size-large\"><img loading=\"lazy\" decoding=\"async\" width=\"1024\" height=\"576\" src=\"https:\/\/www.ksgvietnam.com\/wp-content\/uploads\/2024\/01\/image-24-1024x576.png\" alt=\"\" class=\"wp-image-203\" srcset=\"https:\/\/www.ksgvietnam.com\/wp-content\/uploads\/2024\/01\/image-24-1024x576.png 1024w, https:\/\/www.ksgvietnam.com\/wp-content\/uploads\/2024\/01\/image-24-300x169.png 300w, https:\/\/www.ksgvietnam.com\/wp-content\/uploads\/2024\/01\/image-24-768x432.png 768w, https:\/\/www.ksgvietnam.com\/wp-content\/uploads\/2024\/01\/image-24-1536x864.png 1536w, https:\/\/www.ksgvietnam.com\/wp-content\/uploads\/2024\/01\/image-24-320x180.png 320w, https:\/\/www.ksgvietnam.com\/wp-content\/uploads\/2024\/01\/image-24.png 1600w\" sizes=\"(max-width: 1024px) 100vw, 1024px\" \/><\/figure>\n<\/div>\n\n\n\n<div class=\"wp-block-column is-layout-flow wp-block-column-is-layout-flow\">\n<figure class=\"wp-block-image size-large\"><img loading=\"lazy\" decoding=\"async\" width=\"1024\" height=\"576\" src=\"https:\/\/www.ksgvietnam.com\/wp-content\/uploads\/2024\/01\/image-25-1024x576.png\" alt=\"\" class=\"wp-image-204\" srcset=\"https:\/\/www.ksgvietnam.com\/wp-content\/uploads\/2024\/01\/image-25-1024x576.png 1024w, https:\/\/www.ksgvietnam.com\/wp-content\/uploads\/2024\/01\/image-25-300x169.png 300w, https:\/\/www.ksgvietnam.com\/wp-content\/uploads\/2024\/01\/image-25-768x432.png 768w, https:\/\/www.ksgvietnam.com\/wp-content\/uploads\/2024\/01\/image-25-1536x864.png 1536w, https:\/\/www.ksgvietnam.com\/wp-content\/uploads\/2024\/01\/image-25-320x180.png 320w, https:\/\/www.ksgvietnam.com\/wp-content\/uploads\/2024\/01\/image-25.png 1600w\" sizes=\"(max-width: 1024px) 100vw, 1024px\" \/><\/figure>\n<\/div>\n<\/div>\n<div class=\"veu_socialSet veu_socialSet-position-after veu_contentAddSection\"><script>window.twttr=(function(d,s,id){var js,fjs=d.getElementsByTagName(s)[0],t=window.twttr||{};if(d.getElementById(id))return t;js=d.createElement(s);js.id=id;js.src=\"https:\/\/platform.twitter.com\/widgets.js\";fjs.parentNode.insertBefore(js,fjs);t._e=[];t.ready=function(f){t._e.push(f);};return t;}(document,\"script\",\"twitter-wjs\"));<\/script><ul><li class=\"sb_facebook sb_icon\"><a class=\"sb_icon_inner\" href=\"\/\/www.facebook.com\/sharer.php?src=bm&u=https%3A%2F%2Fwww.ksgvietnam.com%2F%3Fpage_id%3D102&amp;t=H%E1%BB%8CC%20VI%E1%BB%86N%20NH%E1%BA%ACT%20NG%E1%BB%AE%20TOKYO%20BAY\" target=\"_blank\" onclick=\"window.open(this.href,'FBwindow','width=650,height=450,menubar=no,toolbar=no,scrollbars=yes');return false;\"><span class=\"vk_icon_w_r_sns_fb icon_sns\"><\/span><span class=\"sns_txt\">Facebook<\/span><span class=\"veu_count_sns_fb\"><\/span><\/a><\/li><\/ul><\/div><!-- [ \/.socialSet ] -->","protected":false},"excerpt":{"rendered":"<p>Vi\u1ec7c t\u00ecm nh\u00e0 \u1edf Nh\u1eadt l\u00e0 vi\u1ec7c l\u00e0m r\u1ea5t kh\u00f3 kh\u0103n ngay c\u1ea3 v\u1edbi ng\u01b0\u1eddi b\u1ea3n s\u1ee9 . Sau khi t\u00ecm \u0111\u01b0\u1ee3c nh\u00e0 xong c\u1ea7n l\u00e0m th\u1ee7 t\u1ee5c k\u00ed h\u1ee3p \u0111\u1ed3ng , t\u00ecm ng\u01b0\u1eddi b\u1ea3o l\u00e3nh ho\u1eb7c c\u00f4ng ty b\u1ea3o l\u00e3nh r\u1ea5t l\u1eb1ng nh\u1eb1ng v\u00e0 t\u1ed1n ti\u1ec1n . \u0110\u1eb7c bi\u1ec7t c\u00e1c b\u1ea1n du h\u1ecdc sinh [&hellip;]<\/p>\n","protected":false},"author":1,"featured_media":0,"parent":0,"menu_order":0,"comment_status":"closed","ping_status":"closed","template":"","meta":{"om_disable_all_campaigns":false,"_monsterinsights_skip_tracking":false,"_monsterinsights_sitenote_active":false,"_monsterinsights_sitenote_note":"","_monsterinsights_sitenote_category":0,"_uf_show_specific_survey":0,"_uf_disable_surveys":false,"vkexunit_cta_each_option":"","footnotes":""},"aioseo_notices":[],"_links":{"self":[{"href":"https:\/\/www.ksgvietnam.com\/index.php?rest_route=\/wp\/v2\/pages\/102"}],"collection":[{"href":"https:\/\/www.ksgvietnam.com\/index.php?rest_route=\/wp\/v2\/pages"}],"about":[{"href":"https:\/\/www.ksgvietnam.com\/index.php?rest_route=\/wp\/v2\/types\/page"}],"author":[{"embeddable":true,"href":"https:\/\/www.ksgvietnam.com\/index.php?rest_route=\/wp\/v2\/users\/1"}],"replies":[{"embeddable":true,"href":"https:\/\/www.ksgvietnam.com\/index.php?rest_route=%2Fwp%2Fv2%2Fcomments&post=102"}],"version-history":[{"count":6,"href":"https:\/\/www.ksgvietnam.com\/index.php?rest_route=\/wp\/v2\/pages\/102\/revisions"}],"predecessor-version":[{"id":598,"href":"https:\/\/www.ksgvietnam.com\/index.php?rest_route=\/wp\/v2\/pages\/102\/revisions\/598"}],"wp:attachment":[{"href":"https:\/\/www.ksgvietnam.com\/index.php?rest_route=%2Fwp%2Fv2%2Fmedia&parent=102"}],"curies":[{"name":"wp","href":"https:\/\/api.w.org\/{rel}","templated":true}]}}