{"id":124,"date":"2024-01-19T13:09:51","date_gmt":"2024-01-19T04:09:51","guid":{"rendered":"https:\/\/www.ksgvietnam.com\/?page_id=124"},"modified":"2026-01-23T17:29:10","modified_gmt":"2026-01-23T08:29:10","slug":"thiet-bi-co-so-vat-chat","status":"publish","type":"page","link":"https:\/\/www.ksgvietnam.com\/?page_id=124","title":{"rendered":"Thi\u1ebft b\u1ecb c\u01a1 s\u1edf v\u1eadt ch\u1ea5t"},"content":{"rendered":"\n<p class=\"has-pale-cyan-blue-background-color has-background has-medium-font-size\"><strong>C\u01a0 S\u1ede V\u1eacT CH\u1ea4T<\/strong>:<\/p>\n\n\n\n<p>   Tokyo Bay s\u1edf h\u1eefu <strong>t\u00f2a nh\u00e0 5 t\u1ea7ng khang trang<\/strong>, ph\u00f2ng h\u1ecdc \u0111\u01b0\u1ee3c trang b\u1ecb \u0111\u1ea7y \u0111\u1ee7 c\u01a1 s\u1edf v\u1eadt ch\u1ea5t hi\u1ec7n \u0111\u1ea1i. B\u00ean c\u1ea1nh \u0111\u00f3, tr\u01b0\u1eddng c\u00f2n c\u00f3 <strong>ph\u00f2ng t\u1ef1 h\u1ecdc y\u00ean t\u0129nh<\/strong>, <strong>s\u1ea3nh sinh vi\u00ean<\/strong>, <strong>ph\u00f2ng y t\u1ebf<\/strong>, <strong>ph\u00f2ng t\u01b0 v\u1ea5n c\u00e1 nh\u00e2n<\/strong>, <strong>b\u00e3i \u0111\u1ec3 xe \u0111\u1ea1p<\/strong>, c\u00f9ng <strong>Wi-Fi mi\u1ec5n ph\u00ed<\/strong> ph\u1ee5c v\u1ee5 t\u1ed1i \u0111a cho vi\u1ec7c h\u1ecdc t\u1eadp v\u00e0 sinh ho\u1ea1t c\u1ee7a h\u1ecdc vi\u00ean.<\/p>\n\n\n\n<p>  Tr\u01b0\u1eddng t\u1ecda l\u1ea1c <strong>g\u1ea7n ga Heiwajima (qu\u1eadn \u014cta, Tokyo)<\/strong> \u2013 khu v\u1ef1c n\u0103ng \u0111\u1ed9ng, thu\u1eadn ti\u1ec7n di chuy\u1ec3n. \u0110\u1eb7c bi\u1ec7t, n\u01a1i \u0111\u00e2y <strong>g\u1ea7n s\u00e2n bay Haneda<\/strong>, \u201cc\u1eeda ng\u00f5\u201d k\u1ebft n\u1ed1i Tokyo v\u1edbi th\u1ebf gi\u1edbi, v\u00e0 n\u1eb1m c\u1ea1nh <strong>v\u1ecbnh Tokyo<\/strong> \u2013 trung t\u00e2m ph\u00e1t tri\u1ec3n s\u00f4i \u0111\u1ed9ng b\u1eadc nh\u1ea5t th\u1ee7 \u0111\u00f4.<br>H\u1ecdc t\u1eadp t\u1ea1i Tokyo Bay kh\u00f4ng ch\u1ec9 l\u00e0 h\u1ecdc ti\u1ebfng Nh\u1eadt, m\u00e0 c\u00f2n l\u00e0 c\u01a1 h\u1ed9i s\u1ed1ng v\u00e0 tr\u01b0\u1edfng th\u00e0nh ngay gi\u1eefa nh\u1ecbp ph\u00e1t tri\u1ec3n hi\u1ec7n \u0111\u1ea1i c\u1ee7a Tokyo.<\/p>\n\n\n\n<p class=\"has-light-green-cyan-background-color has-background\"><strong>T\u1ea6NG 1<\/strong><\/p>\n\n\n\n<ul>\n<li class=\"has-medium-font-size\">B\u00e3i \u0111\u1ec3 xe \u0111\u1ea1p<\/li>\n\n\n\n<li class=\"has-medium-font-size\">Ph\u00f2ng y t\u1ebf<\/li>\n<\/ul>\n\n\n\n<div class=\"wp-block-cover is-light\" style=\"min-height:292px;aspect-ratio:unset;\"><span aria-hidden=\"true\" class=\"wp-block-cover__background has-background-dim\" style=\"background-color:#a8a4a6\"><\/span><img loading=\"lazy\" decoding=\"async\" width=\"1041\" height=\"1573\" class=\"wp-block-cover__image-background wp-image-418\" alt=\"\" src=\"https:\/\/www.ksgvietnam.com\/wp-content\/uploads\/2024\/04\/\u6b63\u97622-4.jpg\" data-object-fit=\"cover\" srcset=\"https:\/\/www.ksgvietnam.com\/wp-content\/uploads\/2024\/04\/\u6b63\u97622-4.jpg 1041w, https:\/\/www.ksgvietnam.com\/wp-content\/uploads\/2024\/04\/\u6b63\u97622-4-199x300.jpg 199w, https:\/\/www.ksgvietnam.com\/wp-content\/uploads\/2024\/04\/\u6b63\u97622-4-678x1024.jpg 678w, https:\/\/www.ksgvietnam.com\/wp-content\/uploads\/2024\/04\/\u6b63\u97622-4-768x1160.jpg 768w, https:\/\/www.ksgvietnam.com\/wp-content\/uploads\/2024\/04\/\u6b63\u97622-4-1017x1536.jpg 1017w\" sizes=\"(max-width: 1041px) 100vw, 1041px\" \/><div class=\"wp-block-cover__inner-container is-layout-flow wp-block-cover-is-layout-flow\">\n<p class=\"has-text-align-center has-vivid-cyan-blue-color has-text-color has-link-color has-large-font-size wp-elements-26a1742f0004a95cc931948e4ddcd6d7\"><strong>\u1ea2NH B\u00caN NGO\u00c0I NH\u00c0 TR\u01af\u1edcNG<\/strong><\/p>\n<\/div><\/div>\n\n\n\n<figure class=\"wp-block-image is-resized\"><img decoding=\"async\" src=\"https:\/\/ks-global.jp\/img\/shisetsu-02.jpg\" alt=\"\u4fdd\u5065\u5ba4\" style=\"width:567px;height:auto\"\/><figcaption class=\"wp-element-caption\">PH\u00d2NG Y T\u00ca<\/figcaption><\/figure>\n\n\n\n<p class=\"has-vivid-green-cyan-background-color has-background\">T\u1ea6NG 3, 4, 5<\/p>\n\n\n\n<ul>\n<li class=\"has-medium-font-size\">Ph\u00f2ng h\u1ecdc (6 ph\u00f2ng, 20 ng\u01b0\u1eddi\/ph\u00f2ng), ph\u00f2ng h\u1ecdc c\u00f3 \u0111\u1ea7y \u0111\u1ee7 \u00e1nh s\u00e1ng v\u00e0 h\u1ec7 th\u1ed1ng th\u00f4ng gi\u00f3<\/li>\n\n\n\n<li class=\"has-medium-font-size\">Th\u01b0 vi\u1ec7n: s\u00e1ch b\u00e1o, t\u00e0i li\u1ec7u n\u1ed9i dung gi\u00e1o d\u1ee5c, lu\u00f4n s\u1eb5n s\u00e0ng m\u1edf c\u1eeda cho sinh vi\u00ean<\/li>\n\n\n\n<li class=\"has-medium-font-size\">Ph\u00f2ng sinh ho\u1ea1t chung: n\u01a1i sinh vi\u00ean c\u00f3 th\u1ec3 tho\u00e1i m\u00e1i giao l\u01b0u ngo\u00e0i gi\u1edd h\u1ecdc<\/li>\n\n\n\n<li class=\"has-medium-font-size\">Ph\u00f2ng t\u01b0 v\u1ea5n: n\u01a1i sinh vi\u00ean c\u00f3 \u0111\u01b0\u1ee3c nh\u1eefng c\u00e2u tr\u1ea3 l\u1eddi v\u1ec1 nh\u1eefng b\u0103n kho\u0103n hay lo l\u1eafng c\u1ee7a m\u00ecnh, v\u1ec1 con \u0111\u01b0\u1eddng s\u1ef1 nghi\u1ec7p hay vi\u1ec7c l\u00e0m b\u00e1n th\u1eddi gian<\/li>\n\n\n\n<li class=\"has-medium-font-size\">Nh\u00e0 v\u1ec7 sinh \u0111\u01b0\u1ee3c l\u1eafp \u0111\u1eb7t t\u1eebng t\u1ea7ng<\/li>\n<\/ul>\n\n\n\n<figure class=\"wp-block-image is-resized\"><img decoding=\"async\" src=\"https:\/\/ks-global.jp\/img\/shisetsu-03.jpg\" alt=\"3\u968e\u6559\u5ba4\" style=\"width:530px;height:auto\"\/><figcaption class=\"wp-element-caption\"><small><strong>Ph\u00f2ng h\u1ecdc t\u1ea7ng 3<\/strong><\/small><\/figcaption><\/figure>\n\n\n\n<figure class=\"wp-block-image is-resized\"><img decoding=\"async\" src=\"https:\/\/ks-global.jp\/img\/shisetsu-04.jpg\" alt=\"\u56f3\u66f8\u5ba4\" style=\"width:530px;height:auto\"\/><figcaption class=\"wp-element-caption\"><small><strong>Th\u01b0 vi\u1ec7n<\/strong><\/small><\/figcaption><\/figure>\n\n\n\n<figure class=\"wp-block-image is-resized\"><img decoding=\"async\" src=\"https:\/\/ks-global.jp\/img\/shisetsu-05.jpg\" alt=\"\u8ac7\u8a71\u5ba4\" style=\"width:534px;height:auto\"\/><figcaption class=\"wp-element-caption\"><small><strong>Ph\u00f2ng sinh ho\u1ea1t chung<\/strong><\/small><\/figcaption><\/figure>\n\n\n\n<figure class=\"wp-block-image is-resized\"><img decoding=\"async\" src=\"https:\/\/ks-global.jp\/img\/shisetsu-06.jpg\" alt=\"4\u968e\u6559\u5ba4\" style=\"width:536px;height:auto\"\/><figcaption class=\"wp-element-caption\"><small><strong>Ph\u00f2ng h\u1ecdc t\u1ea7ng 4<\/strong><\/small><\/figcaption><\/figure>\n<div class=\"veu_socialSet veu_socialSet-position-after veu_contentAddSection\"><script>window.twttr=(function(d,s,id){var js,fjs=d.getElementsByTagName(s)[0],t=window.twttr||{};if(d.getElementById(id))return t;js=d.createElement(s);js.id=id;js.src=\"https:\/\/platform.twitter.com\/widgets.js\";fjs.parentNode.insertBefore(js,fjs);t._e=[];t.ready=function(f){t._e.push(f);};return t;}(document,\"script\",\"twitter-wjs\"));<\/script><ul><li class=\"sb_facebook sb_icon\"><a class=\"sb_icon_inner\" href=\"\/\/www.facebook.com\/sharer.php?src=bm&u=https%3A%2F%2Fwww.ksgvietnam.com%2F%3Fpage_id%3D124&amp;t=H%E1%BB%8CC%20VI%E1%BB%86N%20NH%E1%BA%ACT%20NG%E1%BB%AE%20TOKYO%20BAY\" target=\"_blank\" onclick=\"window.open(this.href,'FBwindow','width=650,height=450,menubar=no,toolbar=no,scrollbars=yes');return false;\"><span class=\"vk_icon_w_r_sns_fb icon_sns\"><\/span><span class=\"sns_txt\">Facebook<\/span><span class=\"veu_count_sns_fb\"><\/span><\/a><\/li><\/ul><\/div><!-- [ \/.socialSet ] -->","protected":false},"excerpt":{"rendered":"<p>C\u01a0 S\u1ede V\u1eacT CH\u1ea4T: Tokyo Bay s\u1edf h\u1eefu t\u00f2a nh\u00e0 5 t\u1ea7ng khang trang, ph\u00f2ng h\u1ecdc \u0111\u01b0\u1ee3c trang b\u1ecb \u0111\u1ea7y \u0111\u1ee7 c\u01a1 s\u1edf v\u1eadt ch\u1ea5t hi\u1ec7n \u0111\u1ea1i. B\u00ean c\u1ea1nh \u0111\u00f3, tr\u01b0\u1eddng c\u00f2n c\u00f3 ph\u00f2ng t\u1ef1 h\u1ecdc y\u00ean t\u0129nh, s\u1ea3nh sinh vi\u00ean, ph\u00f2ng y t\u1ebf, ph\u00f2ng t\u01b0 v\u1ea5n c\u00e1 nh\u00e2n, b\u00e3i \u0111\u1ec3 xe \u0111\u1ea1p, c\u00f9ng Wi-Fi [&hellip;]<\/p>\n","protected":false},"author":1,"featured_media":0,"parent":0,"menu_order":0,"comment_status":"closed","ping_status":"closed","template":"","meta":{"om_disable_all_campaigns":false,"_monsterinsights_skip_tracking":false,"_monsterinsights_sitenote_active":false,"_monsterinsights_sitenote_note":"","_monsterinsights_sitenote_category":0,"_uf_show_specific_survey":0,"_uf_disable_surveys":false,"vkexunit_cta_each_option":"","footnotes":""},"aioseo_notices":[],"_links":{"self":[{"href":"https:\/\/www.ksgvietnam.com\/index.php?rest_route=\/wp\/v2\/pages\/124"}],"collection":[{"href":"https:\/\/www.ksgvietnam.com\/index.php?rest_route=\/wp\/v2\/pages"}],"about":[{"href":"https:\/\/www.ksgvietnam.com\/index.php?rest_route=\/wp\/v2\/types\/page"}],"author":[{"embeddable":true,"href":"https:\/\/www.ksgvietnam.com\/index.php?rest_route=\/wp\/v2\/users\/1"}],"replies":[{"embeddable":true,"href":"https:\/\/www.ksgvietnam.com\/index.php?rest_route=%2Fwp%2Fv2%2Fcomments&post=124"}],"version-history":[{"count":15,"href":"https:\/\/www.ksgvietnam.com\/index.php?rest_route=\/wp\/v2\/pages\/124\/revisions"}],"predecessor-version":[{"id":707,"href":"https:\/\/www.ksgvietnam.com\/index.php?rest_route=\/wp\/v2\/pages\/124\/revisions\/707"}],"wp:attachment":[{"href":"https:\/\/www.ksgvietnam.com\/index.php?rest_route=%2Fwp%2Fv2%2Fmedia&parent=124"}],"curies":[{"name":"wp","href":"https:\/\/api.w.org\/{rel}","templated":true}]}}