{"id":2,"date":"2024-01-17T23:22:41","date_gmt":"2024-01-17T23:22:41","guid":{"rendered":"https:\/\/www.ksgvietnam.com\/?page_id=2"},"modified":"2026-01-20T13:57:51","modified_gmt":"2026-01-20T04:57:51","slug":"sample-page","status":"publish","type":"page","link":"https:\/\/www.ksgvietnam.com\/?page_id=2","title":{"rendered":"Tuy\u1ec3n sinh: K\u00ec nh\u1eadp h\u1ecdc  th\u00e1ng 10  2026"},"content":{"rendered":"\n<h2 class=\"wp-block-heading has-luminous-vivid-orange-background-color has-background has-medium-font-size\">Tr\u01b0\u1eddng H\u1ecdc Vi\u1ec7n Nh\u1eadt Ng\u1eef Tokyo tuy\u1ec3n sinh k\u00ec th\u00e1ng 10 n\u0103m 2026<\/h2>\n\n\n\n<p>B\u1ea1n \u0111ang mu\u1ed1n sang Nh\u1eadt h\u1ecdc t\u1eadp \u2013 tr\u1ea3i nghi\u1ec7m cu\u1ed9c s\u1ed1ng \u2013 m\u1edf r\u1ed9ng t\u01b0\u01a1ng lai?<br><strong>V\u0103n ph\u00f2ng ti\u1ebfp nh\u1eadn h\u1ed3 s\u01a1<\/strong> ch\u00ednh th\u1ee9c m\u1edf \u0111\u1ee3t <strong>tuy\u1ec3n sinh k\u1ef3 th\u00e1ng 10\/2026<\/strong> cho Tr\u01b0\u1eddng Nh\u1eadt ng\u1eef <strong>Tokyo Bay Gakuin (Nh\u1eadt B\u1ea3n)<\/strong> v\u1edbi ch\u1ec9 ti\u00eau gi\u1edbi h\u1ea1n.<\/p>\n\n\n\n<p>\u2705 <strong>Ch\u1ec9 ti\u00eau d\u1ef1 ki\u1ebfn:<\/strong> 10 \u2013 15 h\u1ecdc vi\u00ean Vi\u1ec7t Nam<br>\u2705 <strong>Th\u1eddi gian h\u1ecdc:<\/strong> 1.5 n\u0103m<br>\u2705 <strong>T\u1ed1t nghi\u1ec7p:<\/strong> Th\u00e1ng 3\/2028<\/p>\n\n\n\n<p>\ud83d\udccc <em>S\u1ed1 l\u01b0\u1ee3ng \u00edt \u2013 nh\u1eadn h\u1ed3 s\u01a1 s\u1edbm \u2013 x\u00e9t tr\u01b0\u1edbc, \u01b0u ti\u00ean tr\u01b0\u1edbc.<\/em><\/p>\n\n\n\n<p><\/p>\n\n\n\n<hr class=\"wp-block-separator has-alpha-channel-opacity\"\/>\n\n\n\n<h2 class=\"wp-block-heading\">\u2705 H\u00ccNH TH\u1ee8C X\u00c9T TUY\u1ec2N (KH\u00d4NG THI VI\u1ebeT)<\/h2>\n\n\n\n<p>H\u1ecdc vi\u00ean s\u1ebd \u0111\u01b0\u1ee3c x\u00e9t tuy\u1ec3n d\u1ef1a tr\u00ean h\u1ed3 s\u01a1 v\u00e0 ph\u1ecfng v\u1ea5n, bao g\u1ed3m:<\/p>\n\n\n\n<ul>\n<li><strong>X\u00e9t h\u1ecdc b\u1ea1<\/strong><\/li>\n\n\n\n<li><strong>X\u00e9t l\u00fd l\u1ecbch \u2013 m\u1ee5c ti\u00eau h\u1ecdc t\u1eadp<\/strong><\/li>\n\n\n\n<li><strong>Ph\u1ecfng v\u1ea5n t\u1ea1i V\u0103n ph\u00f2ng ti\u1ebfp nh\u1eadn h\u1ed3 s\u01a1<\/strong><\/li>\n\n\n\n<li><strong>Ph\u1ecfng v\u1ea5n v\u1edbi Tr\u01b0\u1eddng Tokyo Bay Gakuin t\u1ea1i Nh\u1eadt<\/strong><\/li>\n<\/ul>\n\n\n\n<p>\ud83d\udc49 \u0110\u00e2y l\u00e0 h\u00ecnh th\u1ee9c x\u00e9t tuy\u1ec3n ph\u00f9 h\u1ee3p v\u1edbi c\u00e1c b\u1ea1n mu\u1ed1n \u0111i du h\u1ecdc Nh\u1eadt theo h\u01b0\u1edbng <strong>nghi\u00eam t\u00fac, r\u00f5 r\u00e0ng, an to\u00e0n<\/strong>.<\/p>\n\n\n\n<hr class=\"wp-block-separator has-alpha-channel-opacity\"\/>\n\n\n\n<h2 class=\"wp-block-heading\">\ud83d\uddd3\ufe0f TH\u1edcI GIAN NH\u1eacN H\u1ed2 S\u01a0<\/h2>\n\n\n\n<p>\ud83d\udccd <strong>T\u1eeb 01\/03\/2026 \u0111\u1ebfn 30\/04\/2026<\/strong><br>\u26a0\ufe0f Tuy nhi\u00ean, do ch\u1ec9 ti\u00eau ch\u1ec9 10\u201315 ng\u01b0\u1eddi, <strong>c\u00f3 th\u1ec3 k\u1ebft th\u00fac s\u1edbm<\/strong> n\u1ebfu \u0111\u1ee7 s\u1ed1 l\u01b0\u1ee3ng \u1ee9ng tuy\u1ec3n.<\/p>\n\n\n\n<p>\u2705 N\u1ed9p h\u1ed3 s\u01a1 s\u1edbm s\u1ebd c\u00f3 l\u1ee3i th\u1ebf:<\/p>\n\n\n\n<ul>\n<li>\u0110\u01b0\u1ee3c h\u1ed7 tr\u1ee3 chu\u1ea9n b\u1ecb h\u1ed3 s\u01a1 k\u1ef9 h\u01a1n<\/li>\n\n\n\n<li>T\u0103ng t\u1ef7 l\u1ec7 \u0111\u1eadu x\u00e9t tuy\u1ec3n<\/li>\n\n\n\n<li>Ch\u1ee7 \u0111\u1ed9ng th\u1eddi gian ho\u00e0n thi\u1ec7n gi\u1ea5y t\u1edd<\/li>\n<\/ul>\n\n\n\n<hr class=\"wp-block-separator has-alpha-channel-opacity\"\/>\n\n\n\n<h2 class=\"wp-block-heading\">\ud83d\udcb0 CHI PH\u00cd T\u1ed0I THI\u1ec2U KHI SANG NH\u1eacT (D\u1ef0 KI\u1ebeN)<\/h2>\n\n\n\n<p><em>(Chi ph\u00ed c\u00f3 th\u1ec3 thay \u0111\u1ed5i t\u00f9y theo bi\u1ebfn \u0111\u1ed9ng t\u1ef7 gi\u00e1 v\u00e0 chi ph\u00ed th\u1ef1c t\u1ebf t\u1ea1i th\u1eddi \u0111i\u1ec3m \u0111\u00f3ng)<\/em><\/p>\n\n\n\n<h3 class=\"wp-block-heading\">1) H\u1ecdc ph\u00ed (t\u1ed1i thi\u1ec3u 6 th\u00e1ng)<\/h3>\n\n\n\n<p><strong>~ 75.000.000 VN\u0110<\/strong><br>\u27a1\ufe0f N\u1ed9p cho tr\u01b0\u1eddng theo t\u1ef7 gi\u00e1 t\u1ea1i th\u1eddi \u0111i\u1ec3m chuy\u1ec3n<\/p>\n\n\n\n<h3 class=\"wp-block-heading\">2) Ph\u00ed h\u1ed3 s\u01a1 + ch\u1ee9ng minh t\u00e0i ch\u00ednh (tr\u1ecdn g\u00f3i)<\/h3>\n\n\n\n<p><strong>~ 10.000.000 VN\u0110<\/strong><\/p>\n\n\n\n<h3 class=\"wp-block-heading\">3) V\u00e9 m\u00e1y bay<\/h3>\n\n\n\n<p><strong>~ 7.000.000 \u2013 10.000.000 VN\u0110<\/strong> <em>(t\u00f9y th\u1eddi \u0111i\u1ec3m bay)<\/em><\/p>\n\n\n\n<h3 class=\"wp-block-heading\">4) Ph\u00ed h\u1ecdc ti\u1ebfng Nh\u1eadt t\u1ea1i Vi\u1ec7t Nam (n\u1ebfu c\u1ea7n)<\/h3>\n\n\n\n<p><strong>~ 10.000.000 VN\u0110<\/strong> <em>(bao g\u1ed3m h\u1ecdc + k\u00fd t\u00fac)<\/em><br>\u2705 N\u1ebfu \u0111\u00e3 c\u00f3 <strong>N5 t\u1ed1i thi\u1ec3u ho\u1eb7c NAT-TEST\u2026<\/strong> th\u00ec <strong>c\u00f3 th\u1ec3 kh\u00f4ng c\u1ea7n h\u1ecdc<\/strong><\/p>\n\n\n\n<h3 class=\"wp-block-heading\">5) K\u00fd t\u00fac x\u00e1 t\u1ea1i tr\u01b0\u1eddng (n\u1ebfu c\u00f3 nhu c\u1ea7u)<\/h3>\n\n\n\n<p><strong>~ 20.000.000 \u2013 30.000.000 VN\u0110<\/strong><\/p>\n\n\n\n<hr class=\"wp-block-separator has-alpha-channel-opacity\"\/>\n\n\n\n<h2 class=\"wp-block-heading\">\ud83d\udccc T\u1ed4NG CHI PH\u00cd D\u1ef0 KI\u1ebeN<\/h2>\n\n\n\n<p>\u2705 <strong>Kho\u1ea3ng 100.000.000 \u2013 130.000.000 VN\u0110<\/strong><br><em>(t\u00f9y nhu c\u1ea7u k\u00fd t\u00fac x\u00e1 v\u00e0 t\u1ef7 gi\u00e1 t\u1ea1i th\u1eddi \u0111i\u1ec3m \u0111\u00f3ng)<\/em><\/p>\n\n\n\n<p><\/p>\n\n\n\n<hr class=\"wp-block-separator has-alpha-channel-opacity\"\/>\n\n\n\n<h2 class=\"wp-block-heading\">\ud83c\udfaf \u0110\u0102NG K\u00dd S\u1edaM \u2013 GI\u1eee CH\u1ed6 \u01afU TI\u00caN<\/h2>\n\n\n\n<p>V\u00ec ch\u1ec9 ti\u00eau gi\u1edbi h\u1ea1n, h\u1ecdc vi\u00ean vui l\u00f2ng \u0111\u0103ng k\u00fd s\u1edbm \u0111\u1ec3 \u0111\u01b0\u1ee3c:<br>\u2705 t\u01b0 v\u1ea5n l\u1ed9 tr\u00ecnh ph\u00f9 h\u1ee3p<br>\u2705 h\u01b0\u1edbng d\u1eabn chu\u1ea9n b\u1ecb h\u1ed3 s\u01a1 \u0111\u00fang ngay t\u1eeb \u0111\u1ea7u<br>\u2705 h\u1ed7 tr\u1ee3 ph\u1ecfng v\u1ea5n v\u00e0 ho\u00e0n thi\u1ec7n gi\u1ea5y t\u1edd<br>\u2705 t\u0103ng t\u1ef7 l\u1ec7 \u0111\u1eadu COE &amp; visa<\/p>\n\n\n\n<p>\ud83d\udce9 <strong>Li\u00ean h\u1ec7 V\u0103n ph\u00f2ng ti\u1ebfp nh\u1eadn h\u1ed3 s\u01a1 \u0111\u1ec3 \u0111\u01b0\u1ee3c t\u01b0 v\u1ea5n mi\u1ec5n ph\u00ed v\u00e0 \u0111\u0103ng k\u00fd ngay h\u00f4m nay!<\/strong><\/p>\n\n\n\n<p class=\"has-pale-pink-background-color has-background has-medium-font-size\"><strong>C\u00e1ch th\u1ee9c n\u1ed9p h\u1ed3 s\u01a1 :&nbsp;&nbsp;<\/strong><\/p>\n\n\n\n<p class=\"has-light-green-cyan-background-color has-background has-medium-font-size\"><strong>STEP 1<\/strong> <strong>\u0110\u0103ng k\u00ed t\u01b0 v\u1ea5n :<\/strong>Nh\u00e2n vi\u00ean v\u0103n ph\u00f2ng nh\u00e0 tr\u01b0\u1eddng \u0111\u1ea1i di\u1ec7n KSG Vi\u1ec7t Nam s\u1ebd gi\u1ea3i th\u00edch \u0111\u1ea7y \u0111\u1ee7 h\u1ecdc ph\u00ed , chi ph\u00ed , vi\u1ec7c l\u00e0m &#8230;.Check ki\u1ec3m tra n\u0103ng l\u1ef1c ti\u1ebfng , x\u1ebfp l\u1ecbch ph\u1ecfng v\u1ea5n online v\u1edbi ph\u1ee5 tr\u00e1ch ban tuy\u1ec3n sinh nh\u00e0 \u1edf b\u00ean Nh\u1eadt .Sau khi ph\u1ecfng v\u1ea5n \u0111\u1eadu ph\u1ecfng v\u1ea5n KSG Viet Nam s\u1ebd x\u1ebfp l\u1edbp ch\u1ed7 h\u1ecdc cho h\u1ecdc vi\u00ean v\u1edbi c\u00e1c b\u1ea1n ch\u01b0a c\u00f3 tr\u00ecnh \u0111\u1ed9 ti\u1ebfng nh\u1eadt t\u1ed1i thi\u1ec3u N5.<\/p>\n\n\n\n<p class=\"has-pale-cyan-blue-background-color has-background has-medium-font-size\"><strong>STEP 2<\/strong> <strong>\u0110\u0103ng k\u00ed-K\u00ed h\u1ee3p \u0111\u1ed3ng :<\/strong>Sau khi \u0111\u1ed3ng \u00fd v\u1edbi c\u00e1c \u0111i\u1ec1u kho\u1ea3n h\u1ecdc ph\u00ed , ph\u1ee5 ph\u00ed h\u1ecdc vi\u00ean s\u1ebd k\u00ed h\u1ee3p \u0111\u1ed3ng v\u1edbi \u0111\u1ea1i di\u1ec7n tuy\u1ec3n sinh&nbsp; cty KSG Vi\u1ec7t Nam. C\u00e1c ph\u00e1t sinh ,th\u1eafc m\u1eafc ,chi ph\u00ed s\u1ebd \u0111\u01b0\u1ee3c  gi\u1ea3i quy\u1ebft d\u1ef1a tr\u00ean h\u1ee3p \u0111\u1ed3ng k\u00ed k\u1ebft 2 b\u00ean.<\/p>\n\n\n\n<p class=\"has-cyan-bluish-gray-background-color has-background has-medium-font-size\"><strong>STEP 3   <\/strong><strong>H\u1ecdc ti\u1ebfng nh\u1eadt:<\/strong> C\u00f3 th\u1ec3 t\u1ef1 h\u1ecdc ti\u1ebfng nh\u1eadt g\u1ea7n t\u1ea1i n\u01a1i m\u00ecnh sinh s\u1ed1ng ho\u1eb7c do KSG Vi\u1ec7t Nam ch\u1ec9 \u0111\u1ecbnh h\u1ecdc ti\u1ebfng , trong qu\u00e1 tr\u00ednh h\u1ecdc ti\u1ebfng ng\u01b0\u1eddi trung t\u00e2m s\u1ebd support h\u1ed7 tr\u1ee3 ,check n\u0103ng l\u1ef1c ti\u1ebfng trong qu\u00e1 tr\u00ecnh t\u1ea1i Vi\u1ec7t Nam. C\u00e1c b\u1ea1n \u0111\u00e3 c\u00f3 ch\u1ee9ng ch\u1ec9 ti\u1ebfng nh\u1eadt t\u1ed1i thi\u1ec3u N5 , Nast-test c\u00f3 th\u1ec3 kh\u00f4ng ph\u1ea3i tham gia ch\u01b0\u01a1ng tr\u00ecnh h\u1ecdc n\u00e0y. N\u1ebfu ch\u01b0a c\u00f3 b\u1eaft bu\u1ed9c ph\u1ea3i tham gia. (Chi ph\u00ed kho\u1ea3ng 10 tri\u1ec7u\/Kh\u00f3a h\u1ecdc-bao g\u1ed3m k\u00ed t\u00fac n\u1ed9i th\u00e0nh H\u00e0 N\u1ed9i)<\/p>\n\n\n\n<p class=\"has-medium-font-size\">C\u00e1c l\u1edbp h\u1ecdc ti\u1ebfng:T\u1ef1 h\u1ecdc t\u1ea1i trung t\u00e2m Nh\u1eadt Ng\u1eef g\u1ea7n n\u01a1i dhs sinh s\u1ed1ng . T\u1ed5 tr\u1ee9c trong n\u1ed9i th\u00e0nh H\u00e0 N\u1ed9i<\/p>\n\n\n\n<p class=\"has-pale-pink-background-color has-background has-medium-font-size\"><strong>\u00a0STEP 4<\/strong> :<strong>N\u1ed9p h\u1ed3 s\u01a1, \u0111\u1ee3i COE:<\/strong> \u0110\u1ea1i di\u1ec7n nh\u00e0 tr\u01b0\u1eddng c\u00f4ng ty KSG Vi\u1ec7t Nam c\u00f9ng h\u1ecdc vi\u00ean l\u00e0m h\u1ed3 s\u01a1, n\u1ed9p sang tr\u01b0\u1eddng Nh\u1eadt Ng\u1eef .K\u1ebft qu\u1ea3\u00a0 COE (gi\u1ea5y ch\u1ee9ng nh\u1eadn t\u01b0 c\u00e1ch l\u01b0u tr\u00fa) s\u1ebd c\u00f3 k\u1ebft qu\u1ea3 v\u00e0o th\u00e1ng 8 n\u0103m 2026.\u00a0<\/p>\n\n\n\n<p class=\"has-light-green-cyan-background-color has-background has-medium-font-size\">\u00a0<strong>STEP 5  Sang Nh\u1eadt: <\/strong>Sau khi \u0111\u00f3ng h\u1ecdc ph\u00ed s\u1ebd mua v\u00e9 m\u00e1y bay ,quy\u1ebft \u0111\u1ecbnh ng\u00e0y \u0111\u1ebfn Nh\u1eadt (D\u1ef1 \u0111\u1ecbnh cu\u1ed1i th\u00e1ng 8 ho\u1eb7c \u0111\u1ea7u th\u00e1ng 9 n\u0103m 2026)<\/p>\n\n\n\n<p class=\"has-large-font-size\"><strong>C\u00e1c gi\u1ea5y t\u1edd chu\u1ea9n b\u1ecb \u0111\u1ec3 l\u00e0m h\u1ed3 s\u01a1 : Xem Ph\u00eda d\u01b0\u1edbi ~ \u0110\u0103ng k\u00ed: Click ph\u00eda d\u01b0\u1edbi<\/strong><\/p>\n\n\n\n<div style=\"height:36px\" aria-hidden=\"true\" class=\"wp-block-spacer\"><\/div>\n\n\n\n<div class=\"wp-block-buttons has-custom-font-size has-medium-font-size is-content-justification-center is-layout-flex wp-container-core-buttons-is-layout-1 wp-block-buttons-is-layout-flex\">\n<div class=\"wp-block-button has-custom-width wp-block-button__width-75 is-style-outline\"><a class=\"wp-block-button__link wp-element-button\" href=\"https:\/\/forms.gle\/zNc1BsPbzb4PJgSCA\"><strong>\u0110\u0103ng k\u00ed t\u01b0 V\u1ea5n n\u1ed9p h\u1ed3 s\u01a1 <\/strong>Du h\u1ecdc<\/a><\/div>\n<\/div>\n\n\n\n<div style=\"height:36px\" aria-hidden=\"true\" class=\"wp-block-spacer\"><\/div>\n\n\n\n<figure class=\"wp-block-image size-full is-style-default\"><img loading=\"lazy\" decoding=\"async\" width=\"671\" height=\"593\" src=\"https:\/\/www.ksgvietnam.com\/wp-content\/uploads\/2024\/03\/image-1.png\" alt=\"\" class=\"wp-image-317\" srcset=\"https:\/\/www.ksgvietnam.com\/wp-content\/uploads\/2024\/03\/image-1.png 671w, https:\/\/www.ksgvietnam.com\/wp-content\/uploads\/2024\/03\/image-1-300x265.png 300w\" sizes=\"(max-width: 671px) 100vw, 671px\" \/><\/figure>\n\n\n\n<figure class=\"wp-block-image size-full\"><img loading=\"lazy\" decoding=\"async\" width=\"679\" height=\"411\" src=\"https:\/\/www.ksgvietnam.com\/wp-content\/uploads\/2024\/03\/image-2.png\" alt=\"\" class=\"wp-image-319\" srcset=\"https:\/\/www.ksgvietnam.com\/wp-content\/uploads\/2024\/03\/image-2.png 679w, https:\/\/www.ksgvietnam.com\/wp-content\/uploads\/2024\/03\/image-2-300x182.png 300w\" sizes=\"(max-width: 679px) 100vw, 679px\" \/><\/figure>\n<div class=\"veu_socialSet veu_socialSet-position-after veu_contentAddSection\"><script>window.twttr=(function(d,s,id){var js,fjs=d.getElementsByTagName(s)[0],t=window.twttr||{};if(d.getElementById(id))return t;js=d.createElement(s);js.id=id;js.src=\"https:\/\/platform.twitter.com\/widgets.js\";fjs.parentNode.insertBefore(js,fjs);t._e=[];t.ready=function(f){t._e.push(f);};return t;}(document,\"script\",\"twitter-wjs\"));<\/script><ul><li class=\"sb_facebook sb_icon\"><a class=\"sb_icon_inner\" href=\"\/\/www.facebook.com\/sharer.php?src=bm&u=https%3A%2F%2Fwww.ksgvietnam.com%2F%3Fpage_id%3D2&amp;t=H%E1%BB%8CC%20VI%E1%BB%86N%20NH%E1%BA%ACT%20NG%E1%BB%AE%20TOKYO%20BAY\" target=\"_blank\" onclick=\"window.open(this.href,'FBwindow','width=650,height=450,menubar=no,toolbar=no,scrollbars=yes');return false;\"><span class=\"vk_icon_w_r_sns_fb icon_sns\"><\/span><span class=\"sns_txt\">Facebook<\/span><span class=\"veu_count_sns_fb\"><\/span><\/a><\/li><\/ul><\/div><!-- [ \/.socialSet ] -->","protected":false},"excerpt":{"rendered":"<p>Tr\u01b0\u1eddng H\u1ecdc Vi\u1ec7n Nh\u1eadt Ng\u1eef Tokyo tuy\u1ec3n sinh k\u00ec th\u00e1ng 10 n\u0103m 2026 B\u1ea1n \u0111ang mu\u1ed1n sang Nh\u1eadt h\u1ecdc t\u1eadp \u2013 tr\u1ea3i nghi\u1ec7m cu\u1ed9c s\u1ed1ng \u2013 m\u1edf r\u1ed9ng t\u01b0\u01a1ng lai?V\u0103n ph\u00f2ng ti\u1ebfp nh\u1eadn h\u1ed3 s\u01a1 ch\u00ednh th\u1ee9c m\u1edf \u0111\u1ee3t tuy\u1ec3n sinh k\u1ef3 th\u00e1ng 10\/2026 cho Tr\u01b0\u1eddng Nh\u1eadt ng\u1eef Tokyo Bay Gakuin (Nh\u1eadt B\u1ea3n) v\u1edbi ch\u1ec9 [&hellip;]<\/p>\n","protected":false},"author":1,"featured_media":0,"parent":0,"menu_order":0,"comment_status":"closed","ping_status":"closed","template":"","meta":{"om_disable_all_campaigns":false,"_monsterinsights_skip_tracking":false,"_monsterinsights_sitenote_active":false,"_monsterinsights_sitenote_note":"","_monsterinsights_sitenote_category":0,"_uf_show_specific_survey":0,"_uf_disable_surveys":false,"vkexunit_cta_each_option":"","footnotes":""},"aioseo_notices":[],"_links":{"self":[{"href":"https:\/\/www.ksgvietnam.com\/index.php?rest_route=\/wp\/v2\/pages\/2"}],"collection":[{"href":"https:\/\/www.ksgvietnam.com\/index.php?rest_route=\/wp\/v2\/pages"}],"about":[{"href":"https:\/\/www.ksgvietnam.com\/index.php?rest_route=\/wp\/v2\/types\/page"}],"author":[{"embeddable":true,"href":"https:\/\/www.ksgvietnam.com\/index.php?rest_route=\/wp\/v2\/users\/1"}],"replies":[{"embeddable":true,"href":"https:\/\/www.ksgvietnam.com\/index.php?rest_route=%2Fwp%2Fv2%2Fcomments&post=2"}],"version-history":[{"count":50,"href":"https:\/\/www.ksgvietnam.com\/index.php?rest_route=\/wp\/v2\/pages\/2\/revisions"}],"predecessor-version":[{"id":667,"href":"https:\/\/www.ksgvietnam.com\/index.php?rest_route=\/wp\/v2\/pages\/2\/revisions\/667"}],"wp:attachment":[{"href":"https:\/\/www.ksgvietnam.com\/index.php?rest_route=%2Fwp%2Fv2%2Fmedia&parent=2"}],"curies":[{"name":"wp","href":"https:\/\/api.w.org\/{rel}","templated":true}]}}