{"id":21,"date":"2024-01-18T13:48:27","date_gmt":"2024-01-18T04:48:27","guid":{"rendered":"https:\/\/www.ksgvietnam.com\/?page_id=21"},"modified":"2024-06-08T12:05:41","modified_gmt":"2024-06-08T03:05:41","slug":"lien-he","status":"publish","type":"page","link":"https:\/\/www.ksgvietnam.com\/?page_id=21","title":{"rendered":"Li\u00ean h\u1ec7"},"content":{"rendered":"\n<h4 class=\"wp-block-heading has-medium-font-size\">C\u00f4ng ty c\u1ed5 ph\u1ea7n th\u01b0\u01a1ng m\u1ea1i qu\u1ed1c t\u1ebf KSG VI\u1ec6T NAM<\/h4>\n\n\n\n<p class=\"has-medium-font-size\"><strong>Tr\u1ee5 s\u1edf \u0111\u0103ng k\u00ed kinh doanh \uff1a14 TT Gi\u00e1o Vi\u00ean Nguy\u1ec5n Hu\u1ec7, Nguy\u1ec5n Tr\u00e3i , H\u00e0 \u0110\u00f4ng ,H\u00e0 N\u1ed9i.<\/strong><\/p>\n\n\n\n<p class=\"has-medium-font-size\"><strong>Tr\u1ee5 V\u0103n Ph\u00f2ng:<\/strong>&nbsp;T<strong>\u1ea7ng 12A, T\u00f2a Nh\u00e0 MD Complex, S\u1ed1 68 Nguy\u1ec5n C\u01a1 Th\u1ea1ch, K\u0110T M\u1ef9 \u0110\u00ecnh 1, Qu\u1eadn Nam T\u1eeb Li\u00eam, H\u00e0 N\u1ed9i <\/strong><\/p>\n\n\n\n<p class=\"has-medium-font-size\"><strong>Li\u00ean H\u1ec7:<\/strong>\u00a0Zalo +81 9012002297 \u3000<br><strong>Email:<\/strong>\u00a0info@ksgvietnam.com<br><strong>Website:<\/strong>\u00a0ksgvietnam.com<\/p>\n\n\n\n<p class=\"has-medium-font-size\"><strong>Fanpage:<\/strong>https:\/\/www.facebook.com\/nhatngutokyobay<\/p>\n\n\n\n<p class=\"has-medium-font-size\"><strong>Tokyo Bay Japanese Language School<\/strong> <\/p>\n\n\n\n<p><strong>website :https:\/\/ks-global.jp\/<\/strong><\/p>\n\n\n\n<p><strong>\u0110\u1ecba ch\u1ec9 tr\u01b0\u1eddng Tokyo bay t\u1ea1i Nh\u1eadt B\u1ea3n:<\/strong><\/p>\n\n\n\n<p>1-9-17 Ohmori Honcho, Ohta-ku, Tokyo 143-0011TEL\uff1a03-6410-8323  FAX\uff1a03-6410-8324<br><strong>Email:<\/strong>&nbsp;tokyo-bay@ks-global.jp<\/p>\n<div class=\"veu_socialSet veu_socialSet-position-after veu_contentAddSection\"><script>window.twttr=(function(d,s,id){var js,fjs=d.getElementsByTagName(s)[0],t=window.twttr||{};if(d.getElementById(id))return t;js=d.createElement(s);js.id=id;js.src=\"https:\/\/platform.twitter.com\/widgets.js\";fjs.parentNode.insertBefore(js,fjs);t._e=[];t.ready=function(f){t._e.push(f);};return t;}(document,\"script\",\"twitter-wjs\"));<\/script><ul><li class=\"sb_facebook sb_icon\"><a class=\"sb_icon_inner\" href=\"\/\/www.facebook.com\/sharer.php?src=bm&u=https%3A%2F%2Fwww.ksgvietnam.com%2F%3Fpage_id%3D21&amp;t=H%E1%BB%8CC%20VI%E1%BB%86N%20NH%E1%BA%ACT%20NG%E1%BB%AE%20TOKYO%20BAY\" target=\"_blank\" onclick=\"window.open(this.href,'FBwindow','width=650,height=450,menubar=no,toolbar=no,scrollbars=yes');return false;\"><span class=\"vk_icon_w_r_sns_fb icon_sns\"><\/span><span class=\"sns_txt\">Facebook<\/span><span class=\"veu_count_sns_fb\"><\/span><\/a><\/li><\/ul><\/div><!-- [ \/.socialSet ] -->","protected":false},"excerpt":{"rendered":"<p>C\u00f4ng ty c\u1ed5 ph\u1ea7n th\u01b0\u01a1ng m\u1ea1i qu\u1ed1c t\u1ebf KSG VI\u1ec6T NAM Tr\u1ee5 s\u1edf \u0111\u0103ng k\u00ed kinh doanh \uff1a14 TT Gi\u00e1o Vi\u00ean Nguy\u1ec5n Hu\u1ec7, Nguy\u1ec5n Tr\u00e3i , H\u00e0 \u0110\u00f4ng ,H\u00e0 N\u1ed9i. Tr\u1ee5 V\u0103n Ph\u00f2ng:&nbsp;T\u1ea7ng 12A, T\u00f2a Nh\u00e0 MD Complex, S\u1ed1 68 Nguy\u1ec5n C\u01a1 Th\u1ea1ch, K\u0110T M\u1ef9 \u0110\u00ecnh 1, Qu\u1eadn Nam T\u1eeb Li\u00eam, H\u00e0 N\u1ed9i Li\u00ean H\u1ec7:\u00a0Zalo [&hellip;]<\/p>\n","protected":false},"author":1,"featured_media":0,"parent":0,"menu_order":0,"comment_status":"closed","ping_status":"closed","template":"","meta":{"om_disable_all_campaigns":false,"_monsterinsights_skip_tracking":false,"_monsterinsights_sitenote_active":false,"_monsterinsights_sitenote_note":"","_monsterinsights_sitenote_category":0,"_uf_show_specific_survey":0,"_uf_disable_surveys":false,"vkexunit_cta_each_option":"","footnotes":""},"aioseo_notices":[],"_links":{"self":[{"href":"https:\/\/www.ksgvietnam.com\/index.php?rest_route=\/wp\/v2\/pages\/21"}],"collection":[{"href":"https:\/\/www.ksgvietnam.com\/index.php?rest_route=\/wp\/v2\/pages"}],"about":[{"href":"https:\/\/www.ksgvietnam.com\/index.php?rest_route=\/wp\/v2\/types\/page"}],"author":[{"embeddable":true,"href":"https:\/\/www.ksgvietnam.com\/index.php?rest_route=\/wp\/v2\/users\/1"}],"replies":[{"embeddable":true,"href":"https:\/\/www.ksgvietnam.com\/index.php?rest_route=%2Fwp%2Fv2%2Fcomments&post=21"}],"version-history":[{"count":8,"href":"https:\/\/www.ksgvietnam.com\/index.php?rest_route=\/wp\/v2\/pages\/21\/revisions"}],"predecessor-version":[{"id":586,"href":"https:\/\/www.ksgvietnam.com\/index.php?rest_route=\/wp\/v2\/pages\/21\/revisions\/586"}],"wp:attachment":[{"href":"https:\/\/www.ksgvietnam.com\/index.php?rest_route=%2Fwp%2Fv2%2Fmedia&parent=21"}],"curies":[{"name":"wp","href":"https:\/\/api.w.org\/{rel}","templated":true}]}}