{"id":437,"date":"2024-04-18T08:12:29","date_gmt":"2024-04-17T23:12:29","guid":{"rendered":"https:\/\/www.ksgvietnam.com\/?page_id=437"},"modified":"2026-01-22T17:34:51","modified_gmt":"2026-01-22T08:34:51","slug":"home","status":"publish","type":"page","link":"https:\/\/www.ksgvietnam.com\/","title":{"rendered":"TRANG CH\u1ee6"},"content":{"rendered":"\n<div class=\"wp-block-columns is-layout-flex wp-container-core-columns-is-layout-1 wp-block-columns-is-layout-flex\">\n<div class=\"wp-block-column is-layout-flow wp-block-column-is-layout-flow\" style=\"flex-basis:100%\">\n<div class=\"wp-block-cover alignfull is-light vk_block-margin-0--margin-top\" style=\"min-height:168px;aspect-ratio:unset;\"><span aria-hidden=\"true\" class=\"wp-block-cover__background has-white-background-color has-background-dim-100 has-background-dim\"><\/span><div class=\"wp-block-cover__inner-container is-layout-constrained wp-block-cover-is-layout-constrained\">\n<p class=\"has-text-align-center animated fadeInUp slow has-vivid-purple-color has-text-color has-link-color has-medium-font-size wp-elements-0e2b66fc9f2d69d7983bd1303a2a8e61\"><strong>~~M\u1ee5c \u0111\u00edch,ph\u01b0\u01a1ng ch\u00e2m gi\u00e1o d\u1ee5c~~<\/strong><\/p>\n\n\n\n<p class=\"animated fadeInUp slow has-luminous-vivid-orange-color has-text-color has-link-color has-large-font-size wp-elements-63c1404af0f667a085d214597bf95d9a\"><strong>M\u1ee4C TI\u00caU ,PH\u01af\u01a0NG CH\u00c2M<\/strong> <strong>\u0110\u00c0O T\u1ea0O<\/strong><\/p>\n\n\n\n<div class=\"wp-block-cover\" style=\"min-height:343px;aspect-ratio:unset;\"><span aria-hidden=\"true\" class=\"wp-block-cover__background has-background-dim\"><\/span><img loading=\"lazy\" decoding=\"async\" width=\"1024\" height=\"323\" class=\"wp-block-cover__image-background wp-image-479\" alt=\"\" src=\"https:\/\/www.ksgvietnam.com\/wp-content\/uploads\/2024\/04\/\u7121\u984c-1-2-1024x323.png\" data-object-fit=\"cover\" srcset=\"https:\/\/www.ksgvietnam.com\/wp-content\/uploads\/2024\/04\/\u7121\u984c-1-2-1024x323.png 1024w, https:\/\/www.ksgvietnam.com\/wp-content\/uploads\/2024\/04\/\u7121\u984c-1-2-300x95.png 300w, https:\/\/www.ksgvietnam.com\/wp-content\/uploads\/2024\/04\/\u7121\u984c-1-2-768x243.png 768w, https:\/\/www.ksgvietnam.com\/wp-content\/uploads\/2024\/04\/\u7121\u984c-1-2-1536x485.png 1536w, https:\/\/www.ksgvietnam.com\/wp-content\/uploads\/2024\/04\/\u7121\u984c-1-2.png 1900w\" sizes=\"(max-width: 1024px) 100vw, 1024px\" \/><div class=\"wp-block-cover__inner-container is-layout-flow wp-block-cover-is-layout-flow\">\n<p class=\"has-text-align-center has-large-font-size\"><\/p>\n<\/div><\/div>\n\n\n\n<p>Tokyo Bay \u0111\u00e0o t\u1ea1o ti\u1ebfng Nh\u1eadt d\u1ef1a tr\u00ean tri\u1ebft l\u00fd <strong>\u201cPh\u00e1t tri\u1ec3n ngu\u1ed3n nh\u00e2n l\u1ef1c qu\u1ed1c t\u1ebf th\u00f4ng qua gi\u00e1o d\u1ee5c ng\u00f4n ng\u1eef\u201d<\/strong>, g\u00f3p ph\u1ea7n th\u00fac \u0111\u1ea9y <strong>qu\u1ed1c t\u1ebf ho\u00e1 Tokyo \u2013 th\u1ee7 \u0111\u00f4 Nh\u1eadt B\u1ea3n<\/strong> v\u00e0 nu\u00f4i d\u01b0\u1ee1ng th\u1ebf h\u1ec7 h\u1ecdc vi\u00ean c\u00f3 <strong>t\u1ea7m nh\u00ecn to\u00e0n c\u1ea7u<\/strong>.<\/p>\n\n\n\n<p>T\u1ea1i tr\u01b0\u1eddng, h\u1ecdc vi\u00ean \u0111\u01b0\u1ee3c h\u1ecdc t\u1eadp trong m\u00f4i tr\u01b0\u1eddng \u0111a qu\u1ed1c t\u1ecbch, th\u01b0\u1eddng xuy\u00ean giao l\u01b0u v\u1edbi b\u1ea1n b\u00e8 t\u1eeb nhi\u1ec1u qu\u1ed1c gia, gi\u00fap m\u1edf r\u1ed9ng t\u01b0 duy, hi\u1ec3u s\u00e2u h\u01a1n v\u1ec1 <strong>v\u0103n ho\u00e1 Nh\u1eadt B\u1ea3n<\/strong> v\u00e0 c\u00e1c gi\u00e1 tr\u1ecb v\u0103n ho\u00e1 qu\u1ed1c t\u1ebf.<\/p>\n\n\n\n<p>B\u00ean c\u1ea1nh n\u0103ng l\u1ef1c ng\u00f4n ng\u1eef, nh\u00e0 tr\u01b0\u1eddng ch\u00fa tr\u1ecdng r\u00e8n luy\u1ec7n:<\/p>\n\n\n\n<ul>\n<li><strong>\u0110\u1ea1o \u0111\u1ee9c \u2013 tinh th\u1ea7n k\u1ef7 lu\u1eadt \u2013 t\u00e1c phong s\u1ed1ng v\u00e0 h\u1ecdc t\u1eadp<\/strong><\/li>\n\n\n\n<li><strong>N\u00e2ng cao h\u1ecdc l\u1ef1c<\/strong>, h\u01b0\u1edbng t\u1edbi m\u1ee5c ti\u00eau thi \u0111\u1ed7 <strong>JLPT N2 \u2013 N1<\/strong><\/li>\n\n\n\n<li><strong>T\u01b0 v\u1ea5n l\u1ed9 tr\u00ecnh t\u01b0\u01a1ng lai r\u00f5 r\u00e0ng<\/strong>: h\u1ecdc l\u00ean cao, \u0111\u1ecbnh h\u01b0\u1edbng ngh\u1ec1 nghi\u1ec7p, v\u00e0 k\u1ebf ho\u1ea1ch ph\u00e1t tri\u1ec3n sau khi t\u1ed1t nghi\u1ec7p<\/li>\n<\/ul>\n\n\n\n<p>Tokyo Bay kh\u00f4ng ch\u1ec9 d\u1ea1y ti\u1ebfng Nh\u1eadt, m\u00e0 c\u00f2n \u0111\u1ed3ng h\u00e0nh \u0111\u1ec3 h\u1ecdc vi\u00ean <strong>tr\u01b0\u1edfng th\u00e0nh to\u00e0n di\u1ec7n<\/strong> v\u00e0 s\u1eb5n s\u00e0ng cho t\u01b0\u01a1ng lai t\u1ea1i Nh\u1eadt B\u1ea3n.<\/p>\n\n\n\n<p><\/p>\n<\/div><\/div>\n<\/div>\n<\/div>\n\n\n\n<div style=\"height:27px\" aria-hidden=\"true\" class=\"wp-block-spacer\"><\/div>\n\n\n\n<div class=\"wp-block-cover alignfull is-light has-parallax\" style=\"min-height:281px;aspect-ratio:unset;\"><span aria-hidden=\"true\" class=\"wp-block-cover__background has-background-dim\" style=\"background-color:#8a8a8f\"><\/span><div class=\"wp-block-cover__image-background wp-image-483 has-parallax\" style=\"background-position:50% 50%;background-image:url(https:\/\/www.ksgvietnam.com\/wp-content\/uploads\/2024\/04\/tsuna.jpg)\"><\/div><div class=\"wp-block-cover__inner-container is-layout-constrained wp-block-cover-is-layout-constrained\">\n<p class=\"has-text-align-center animated fadeInUp slow has-luminous-vivid-orange-color has-text-color has-link-color has-large-font-size wp-elements-02fab4cc0b0d30e6601ecff2ad1ad843\">\u0110\u0102NG K\u00cd DU H\u1eccC TOKYO BAY T\u1ea0I VI\u1ec6T NAM <\/p>\n\n\n\n<div class=\"wp-block-buttons alignwide is-content-justification-center is-layout-flex wp-container-core-buttons-is-layout-1 wp-block-buttons-is-layout-flex\">\n<div class=\"wp-block-button has-custom-width wp-block-button__width-50 has-custom-font-size is-style-outline animated fadeInUp slower has-medium-font-size\"><a class=\"wp-block-button__link has-white-color has-text-color has-link-color has-text-align-center wp-element-button\" href=\"https:\/\/www.ksgvietnam.com\/?page_id=2\" style=\"border-radius:38px\"><strong>T\u00ecm hi\u1ec3u th\u00eam<\/strong><\/a><\/div>\n<\/div>\n\n\n\n<p><\/p>\n<\/div><\/div>\n\n\n\n<div class=\"wp-block-cover alignfull is-light animated fadeInDown\" style=\"min-height:292px;aspect-ratio:unset;\"><span aria-hidden=\"true\" class=\"wp-block-cover__background has-white-background-color has-background-dim-100 has-background-dim\"><\/span><div class=\"wp-block-cover__inner-container is-layout-constrained wp-block-cover-is-layout-constrained\">\n<p class=\"has-text-align-center animated fadeInUp slow has-vivid-cyan-blue-color has-text-color has-link-color has-large-font-size wp-elements-baa4c5daf4ab1c6a20165d3f3d3febab\">\u0110i\u1ec3m m\u1ea1nh c\u1ee7a Tokyo Bay<\/p>\n\n\n\n<p class=\"animated fadeInLeft slow has-medium-font-size\">   Tokyo Bay c\u00f3 \u0111\u1ed9i ng\u0169 gi\u00e1o vi\u00ean \u0111\u1eb7t chu\u1ea9n  \u2013 nh\u00e2n vi\u00ean <strong>h\u1ed7 tr\u1ee3 \u0111a ng\u00f4n ng\u1eef<\/strong> (Nh\u1eadt \/ Vi\u1ec7t \/ Trung \/ Anh\u2026), lu\u00f4n s\u1eb5n s\u00e0ng \u0111\u1ed3ng h\u00e0nh c\u00f9ng h\u1ecdc vi\u00ean.<br>Tr\u01b0\u1eddng c\u00f3 h\u1ec7 th\u1ed1ng t\u01b0 v\u1ea5n ph\u1ea3n h\u1ed3i nhanh, h\u1ed7 tr\u1ee3 <strong>t\u00ecm vi\u1ec7c l\u00e0m th\u00eam<\/strong>, gi\u1ea3i quy\u1ebft <strong>v\u1ea5n \u0111\u1ec1 cu\u1ed9c s\u1ed1ng<\/strong>, v\u00e0 \u0111\u1ecbnh h\u01b0\u1edbng <strong>h\u1ecdc l\u00ean cao<\/strong>.<br>   \u0110\u1eb7c bi\u1ec7t, Tokyo Bay l\u00e0 <strong>tr\u01b0\u1eddng \u0111\u1ea1t chu\u1ea9n \u8a8d\u5b9a\u6821<\/strong> c\u1ee7a C\u1ee5c Xu\u1ea5t Nh\u1eadp C\u1ea3nh Nh\u1eadt B\u1ea3n, gi\u00fap h\u1ed3 s\u01a1 xin visa <strong>\u0111\u01a1n gi\u1ea3n h\u01a1n<\/strong>, c\u00f3 th\u1ec3 <strong>l\u01b0\u1ee3c b\u1ecf m\u1ed9t s\u1ed1 gi\u1ea5y t\u1edd nh\u01b0  \u0111\u01a1n gi\u1ea3n h\u00f3a ch\u1ee9ng minh t\u00e0i ch\u00ednh<\/strong> khi du h\u1ecdc&#8230;<br>Ngo\u00e0i ra, tr\u01b0\u1eddng c\u00f3 <strong>Trung t\u00e2m ti\u1ebfp nh\u1eadn h\u1ed3 s\u01a1 tr\u1ef1c ti\u1ebfp t\u1ea1i Vi\u1ec7t Nam<\/strong>, h\u1ed7 tr\u1ee3 t\u01b0 v\u1ea5n v\u00e0 ho\u00e0n thi\u1ec7n h\u1ed3 s\u01a1 <strong>nhanh \u2013 chu\u1ea9n \u2013 ti\u1ebft ki\u1ec7m chi ph\u00ed<\/strong>, kh\u00f4ng qua trung gian.<\/p>\n\n\n\n<div class=\"wp-block-columns animated fadeInRight slow has-pale-pink-background-color has-background is-layout-flex wp-container-core-columns-is-layout-2 wp-block-columns-is-layout-flex\">\n<div class=\"wp-block-column is-layout-flow wp-block-column-is-layout-flow\">\n<figure class=\"wp-block-image size-full is-resized\"><img loading=\"lazy\" decoding=\"async\" width=\"600\" height=\"450\" src=\"https:\/\/www.ksgvietnam.com\/wp-content\/uploads\/2024\/04\/357722465_736934238440648_9073160181553091313_n.jpg\" alt=\"\" class=\"wp-image-491\" style=\"width:188px;height:auto\" srcset=\"https:\/\/www.ksgvietnam.com\/wp-content\/uploads\/2024\/04\/357722465_736934238440648_9073160181553091313_n.jpg 600w, https:\/\/www.ksgvietnam.com\/wp-content\/uploads\/2024\/04\/357722465_736934238440648_9073160181553091313_n-300x225.jpg 300w\" sizes=\"(max-width: 600px) 100vw, 600px\" \/><\/figure>\n<\/div>\n\n\n\n<div class=\"wp-block-column is-layout-flow wp-block-column-is-layout-flow\">\n<figure class=\"wp-block-image size-large is-resized\"><img loading=\"lazy\" decoding=\"async\" width=\"1024\" height=\"768\" src=\"https:\/\/www.ksgvietnam.com\/wp-content\/uploads\/2024\/04\/d1f1495630f09caec5e11-1024x768.jpg\" alt=\"\" class=\"wp-image-496\" style=\"width:191px;height:auto\" srcset=\"https:\/\/www.ksgvietnam.com\/wp-content\/uploads\/2024\/04\/d1f1495630f09caec5e11-1024x768.jpg 1024w, https:\/\/www.ksgvietnam.com\/wp-content\/uploads\/2024\/04\/d1f1495630f09caec5e11-300x225.jpg 300w, https:\/\/www.ksgvietnam.com\/wp-content\/uploads\/2024\/04\/d1f1495630f09caec5e11-768x576.jpg 768w, https:\/\/www.ksgvietnam.com\/wp-content\/uploads\/2024\/04\/d1f1495630f09caec5e11-1536x1152.jpg 1536w, https:\/\/www.ksgvietnam.com\/wp-content\/uploads\/2024\/04\/d1f1495630f09caec5e11-2048x1536.jpg 2048w\" sizes=\"(max-width: 1024px) 100vw, 1024px\" \/><\/figure>\n<\/div>\n\n\n\n<div class=\"wp-block-column is-layout-flow wp-block-column-is-layout-flow\">\n<figure class=\"wp-block-image size-large is-resized\"><img loading=\"lazy\" decoding=\"async\" width=\"1024\" height=\"768\" src=\"https:\/\/www.ksgvietnam.com\/wp-content\/uploads\/2024\/04\/12e7281c53baffe4a6ab9-1-1024x768.jpg\" alt=\"\" class=\"wp-image-493\" style=\"width:183px;height:auto\" srcset=\"https:\/\/www.ksgvietnam.com\/wp-content\/uploads\/2024\/04\/12e7281c53baffe4a6ab9-1-1024x768.jpg 1024w, https:\/\/www.ksgvietnam.com\/wp-content\/uploads\/2024\/04\/12e7281c53baffe4a6ab9-1-300x225.jpg 300w, https:\/\/www.ksgvietnam.com\/wp-content\/uploads\/2024\/04\/12e7281c53baffe4a6ab9-1-768x576.jpg 768w, https:\/\/www.ksgvietnam.com\/wp-content\/uploads\/2024\/04\/12e7281c53baffe4a6ab9-1-1536x1152.jpg 1536w, https:\/\/www.ksgvietnam.com\/wp-content\/uploads\/2024\/04\/12e7281c53baffe4a6ab9-1-2048x1536.jpg 2048w\" sizes=\"(max-width: 1024px) 100vw, 1024px\" \/><\/figure>\n<\/div>\n<\/div>\n<\/div><\/div>\n\n\n\n<div class=\"wp-block-cover alignfull is-light\" style=\"min-height:281px;aspect-ratio:unset;\"><span aria-hidden=\"true\" class=\"wp-block-cover__background has-background-dim\" style=\"background-color:#8990a7\"><\/span><img loading=\"lazy\" decoding=\"async\" width=\"1000\" height=\"666\" class=\"wp-block-cover__image-background wp-image-504\" alt=\"\" src=\"https:\/\/www.ksgvietnam.com\/wp-content\/uploads\/2024\/04\/hoa-sakura.jpg\" data-object-fit=\"cover\" srcset=\"https:\/\/www.ksgvietnam.com\/wp-content\/uploads\/2024\/04\/hoa-sakura.jpg 1000w, https:\/\/www.ksgvietnam.com\/wp-content\/uploads\/2024\/04\/hoa-sakura-300x200.jpg 300w, https:\/\/www.ksgvietnam.com\/wp-content\/uploads\/2024\/04\/hoa-sakura-768x511.jpg 768w\" sizes=\"(max-width: 1000px) 100vw, 1000px\" \/><div class=\"wp-block-cover__inner-container is-layout-constrained wp-block-cover-is-layout-constrained\">\n<p class=\"has-text-align-center animated fadeInUp slow has-white-color has-text-color has-link-color has-large-font-size wp-elements-f3c909b49a015102ec4307f3c69e641d\">\u201cV\u00ec sao n\u1ed9p h\u1ed3 s\u01a1 ngay t\u1ea1i Vi\u1ec7t Nam l\u00e0 t\u1ed1t nh\u1ea5t?\u201d<\/p>\n\n\n\n<p class=\"has-large-font-size\"><strong>N\u1ed9p h\u1ed3 s\u01a1 tr\u1ef1c ti\u1ebfp qua \u0111\u1ea1i di\u1ec7n tuy\u1ec3n sinh ch\u00ednh th\u1ee9c c\u1ee7a tr\u01b0\u1eddng qua v\u0103n ph\u00f2ng KSG Vi\u1ec7t Nam<\/strong><\/p>\n\n\n\n<div class=\"wp-block-columns animated fadeInUp is-layout-flex wp-container-core-columns-is-layout-3 wp-block-columns-is-layout-flex\">\n<div class=\"wp-block-column is-layout-flow wp-block-column-is-layout-flow\">\n<figure class=\"wp-block-image size-large is-resized\"><img loading=\"lazy\" decoding=\"async\" width=\"768\" height=\"1024\" src=\"https:\/\/www.ksgvietnam.com\/wp-content\/uploads\/2024\/04\/337171045_547773294152089_3889744041705100475_n-768x1024.jpg\" alt=\"\" class=\"wp-image-505\" style=\"width:458px;height:auto\" srcset=\"https:\/\/www.ksgvietnam.com\/wp-content\/uploads\/2024\/04\/337171045_547773294152089_3889744041705100475_n-768x1024.jpg 768w, https:\/\/www.ksgvietnam.com\/wp-content\/uploads\/2024\/04\/337171045_547773294152089_3889744041705100475_n-225x300.jpg 225w, https:\/\/www.ksgvietnam.com\/wp-content\/uploads\/2024\/04\/337171045_547773294152089_3889744041705100475_n-1152x1536.jpg 1152w, https:\/\/www.ksgvietnam.com\/wp-content\/uploads\/2024\/04\/337171045_547773294152089_3889744041705100475_n.jpg 1536w\" sizes=\"(max-width: 768px) 100vw, 768px\" \/><\/figure>\n<\/div>\n\n\n\n<div class=\"wp-block-column is-layout-flow wp-block-column-is-layout-flow\">\n<h2 class=\"wp-block-heading\">Ti\u1ebfp ki\u1ec7m t\u1ed1i \u0111a chi ph\u00ed cho du h\u1ecdc sinh n\u1ed9p h\u1ed3 s\u01a1 t\u1ea1i Vi\u1ec7t Nam.<\/h2>\n\n\n\n<p class=\"has-medium-font-size\">\u30fbH\u1ed3 s\u01a1 \u0111\u01b0\u1ee3c s\u1eed l\u00fd xong n\u1ed9p xong cho tr\u01b0\u1eddng.<\/p>\n\n\n\n<p class=\"has-medium-font-size\">\u30fbKh\u00f4ng t\u1ed1n ph\u00ed cho c\u00e1c c\u00f4ng ty m\u00f4i gi\u1edbi.<\/p>\n\n\n\n<p class=\"has-medium-font-size\">\u30fbChi ph\u00ed minh b\u1ea1ch , kh\u00f4ng thu th\u00eam b\u1ea5t k\u00ec chi ph\u00ed kh\u00e1c \u0111\u00e3 n\u00eau.<\/p>\n<\/div>\n<\/div>\n\n\n\n<p><\/p>\n<\/div><\/div>\n\n\n\n<h3 class=\"wp-block-heading\">TIN T\u1ee8C<\/h3>\n\n\n<ul class=\"wp-block-latest-posts__list wp-block-latest-posts\"><li><a class=\"wp-block-latest-posts__post-title\" href=\"https:\/\/www.ksgvietnam.com\/?p=704\">Du h\u1ecdc Nh\u1eadt kh\u00f4ng c\u1ea7n ch\u1ee9ng minh t\u00e0i ch\u00ednh c\u00f3 th\u1eadt kh\u00f4ng? (Gi\u1ea3i th\u00edch d\u1ec5 hi\u1ec3u 2026)<\/a><\/li>\n<li><a class=\"wp-block-latest-posts__post-title\" href=\"https:\/\/www.ksgvietnam.com\/?p=604\">7 n\u0103m du h\u1ecdc Nh\u1eadt \u2013 H\u00e0nh tr\u00ecnh t\u1eeb &#8220;g\u00e0 b\u00f4ng&#8221; \u0111\u1ebfn &#8220;c\u00e1 m\u1eadp<\/a><\/li>\n<li><a class=\"wp-block-latest-posts__post-title\" href=\"https:\/\/www.ksgvietnam.com\/?p=579\">X\u1ebfp h\u1ea1ng \u0110\u1ea1i h\u1ecdc: \u0110\u1ea1i h\u1ecdc n\u00e0o c\u00f3 s\u1ed1 l\u01b0\u1ee3ng sinh vi\u00ean qu\u1ed1c t\u1ebf v\u00e0 t\u1ef7 l\u1ec7 sinh vi\u00ean qu\u1ed1c t\u1ebf cao nh\u1ea5t trong c\u00e1c khoa?\u201d<\/a><\/li>\n<li><a class=\"wp-block-latest-posts__post-title\" href=\"https:\/\/www.ksgvietnam.com\/?p=576\">H\u1ecdc sinh n\u01b0\u1edbc ngo\u00e0i ng\u00e0y c\u00e0ng kh\u00f3 v\u00e0o tr\u01b0\u1eddng c\u00f4ng Nh\u1eadt B\u1ea3n<\/a><\/li>\n<li><a class=\"wp-block-latest-posts__post-title\" href=\"https:\/\/www.ksgvietnam.com\/?p=473\">L\u1ec5 t\u1ed1t nghi\u1ec7p cho c\u00e1c b\u1ea1n h\u1ecdc sinh th\u00e1ng 3 n\u0103m 2024<\/a><\/li>\n<\/ul>\n\n\n<div class=\"wp-block-cover alignfull is-light has-parallax\"><span aria-hidden=\"true\" class=\"wp-block-cover__background has-background-dim\" style=\"background-color:#897d76\"><\/span><div class=\"wp-block-cover__image-background wp-image-512 has-parallax\" style=\"background-position:50% 50%;background-image:url(https:\/\/www.ksgvietnam.com\/wp-content\/uploads\/2024\/04\/326680291_609171917687618_8934263515793973440_n-2.jpg)\"><\/div><div class=\"wp-block-cover__inner-container is-layout-constrained wp-block-cover-is-layout-constrained\">\n<p class=\"has-text-align-center has-white-color has-text-color has-link-color has-large-font-size wp-elements-affeb52156e65f76cfd13c66fc12f032\"><strong>V\u1ecb Tr\u00ed<\/strong><\/p>\n\n\n\n<p class=\"has-text-align-center has-white-color has-text-color has-link-color has-large-font-size wp-elements-09583a24df2f65ab2408a5336fe8ee5a\">                                                                                                  <strong>         \u0110\u1ecba \u0111i\u1ec3m c\u1eeda tr\u01b0\u1eddng t\u1ea1i Tokyo<\/strong><\/p>\n\n\n\n<div class=\"wp-block-columns is-layout-flex wp-container-core-columns-is-layout-4 wp-block-columns-is-layout-flex\">\n<div class=\"wp-block-column is-layout-flow wp-block-column-is-layout-flow\">\n<h1 class=\"wp-block-heading\">\u0110\u1ecba ch\u1ec9<\/h1>\n<\/div>\n\n\n\n<div class=\"wp-block-column is-layout-flow wp-block-column-is-layout-flow\"><\/div>\n<\/div>\n\n\n\n<h3 class=\"wp-block-heading\"><strong>H\u1ecdc Vi\u1ec7n Nh\u1eadt Ng\u1eef Tokyo Bay<\/strong><\/h3>\n\n\n\n<ul>\n<li>1-9-17 Oomorihoncho, Ota-ku, Tokyo \u3012143-0011 JAPAN<\/li>\n\n\n\n<li>TEL\uff1a03-6410-8323<\/li>\n\n\n\n<li>FAX\uff1a03-6410-8324<\/li>\n\n\n\n<li>Email\uff1atokyo-bay@ks-global.jp<\/li>\n<\/ul>\n<\/div><\/div>\n<div class=\"veu_socialSet veu_socialSet-position-after veu_contentAddSection\"><script>window.twttr=(function(d,s,id){var js,fjs=d.getElementsByTagName(s)[0],t=window.twttr||{};if(d.getElementById(id))return t;js=d.createElement(s);js.id=id;js.src=\"https:\/\/platform.twitter.com\/widgets.js\";fjs.parentNode.insertBefore(js,fjs);t._e=[];t.ready=function(f){t._e.push(f);};return t;}(document,\"script\",\"twitter-wjs\"));<\/script><ul><li class=\"sb_facebook sb_icon\"><a class=\"sb_icon_inner\" href=\"\/\/www.facebook.com\/sharer.php?src=bm&u=https%3A%2F%2Fwww.ksgvietnam.com%2F&amp;t=H%E1%BB%8CC%20VI%E1%BB%86N%20NH%E1%BA%ACT%20NG%E1%BB%AE%20TOKYO%20BAY\" target=\"_blank\" onclick=\"window.open(this.href,'FBwindow','width=650,height=450,menubar=no,toolbar=no,scrollbars=yes');return false;\"><span class=\"vk_icon_w_r_sns_fb icon_sns\"><\/span><span class=\"sns_txt\">Facebook<\/span><span class=\"veu_count_sns_fb\"><\/span><\/a><\/li><\/ul><\/div><!-- [ \/.socialSet ] -->","protected":false},"excerpt":{"rendered":"<p>TIN T\u1ee8C<\/p>\n","protected":false},"author":1,"featured_media":0,"parent":0,"menu_order":0,"comment_status":"closed","ping_status":"closed","template":"","meta":{"om_disable_all_campaigns":false,"_monsterinsights_skip_tracking":false,"_monsterinsights_sitenote_active":false,"_monsterinsights_sitenote_note":"","_monsterinsights_sitenote_category":0,"_uf_show_specific_survey":0,"_uf_disable_surveys":false,"vkexunit_cta_each_option":"","footnotes":""},"aioseo_notices":[],"_links":{"self":[{"href":"https:\/\/www.ksgvietnam.com\/index.php?rest_route=\/wp\/v2\/pages\/437"}],"collection":[{"href":"https:\/\/www.ksgvietnam.com\/index.php?rest_route=\/wp\/v2\/pages"}],"about":[{"href":"https:\/\/www.ksgvietnam.com\/index.php?rest_route=\/wp\/v2\/types\/page"}],"author":[{"embeddable":true,"href":"https:\/\/www.ksgvietnam.com\/index.php?rest_route=\/wp\/v2\/users\/1"}],"replies":[{"embeddable":true,"href":"https:\/\/www.ksgvietnam.com\/index.php?rest_route=%2Fwp%2Fv2%2Fcomments&post=437"}],"version-history":[{"count":39,"href":"https:\/\/www.ksgvietnam.com\/index.php?rest_route=\/wp\/v2\/pages\/437\/revisions"}],"predecessor-version":[{"id":700,"href":"https:\/\/www.ksgvietnam.com\/index.php?rest_route=\/wp\/v2\/pages\/437\/revisions\/700"}],"wp:attachment":[{"href":"https:\/\/www.ksgvietnam.com\/index.php?rest_route=%2Fwp%2Fv2%2Fmedia&parent=437"}],"curies":[{"name":"wp","href":"https:\/\/api.w.org\/{rel}","templated":true}]}}