{"id":678,"date":"2026-01-22T15:48:02","date_gmt":"2026-01-22T06:48:02","guid":{"rendered":"https:\/\/www.ksgvietnam.com\/?page_id=678"},"modified":"2026-01-22T16:05:24","modified_gmt":"2026-01-22T07:05:24","slug":"cau-hoi-thuong-gap-faq","status":"publish","type":"page","link":"https:\/\/www.ksgvietnam.com\/?page_id=678","title":{"rendered":"C\u00e2u h\u1ecfi th\u01b0\u1eddng g\u1eb7p (FAQ)"},"content":{"rendered":"\n<h1 class=\"wp-block-heading\">\ud83c\udf38 DU H\u1eccC NH\u1eacT B\u1ea2N \u2013 20 C\u00c2U H\u1eceI TH\u01af\u1edcNG G\u1eb6P \ud83c\udf92\ud83c\uddef\ud83c\uddf5<\/h1>\n\n\n\n<p><em>(D\u00e0nh cho h\u1ecdc sinh &amp; ph\u1ee5 huynh mu\u1ed1n \u0111i Nh\u1eadt an to\u00e0n \u2013 minh b\u1ea1ch \u2013 \u0111\u00fang l\u1ed9 tr\u00ecnh)<\/em><\/p>\n\n\n\n<hr class=\"wp-block-separator has-alpha-channel-opacity\"\/>\n\n\n\n<h2 class=\"wp-block-heading\">\ud83d\udc23 1) Em h\u1ecdc l\u1ef1c trung b\u00ecnh c\u00f3 \u0111i du h\u1ecdc Nh\u1eadt \u0111\u01b0\u1ee3c kh\u00f4ng?<\/h2>\n\n\n\n<p>\u2705 <strong>\u0110\u01b0\u1ee3c b\u1ea1n nh\u00e9!<\/strong> Quan tr\u1ecdng l\u00e0 l\u1ed9 tr\u00ecnh \u0111\u00fang + h\u1ed3 s\u01a1 h\u1ee3p l\u00fd + quy\u1ebft t\u00e2m h\u1ecdc ti\u1ebfng.<\/p>\n\n\n\n<hr class=\"wp-block-separator has-alpha-channel-opacity\"\/>\n\n\n\n<h2 class=\"wp-block-heading\">\ud83d\udc3c 2) Kh\u00f4ng bi\u1ebft ti\u1ebfng Nh\u1eadt c\u00f3 \u0111i \u0111\u01b0\u1ee3c kh\u00f4ng?<\/h2>\n\n\n\n<p>\u2705 <strong>\u0110i \u0111\u01b0\u1ee3c.<\/strong> B\u1ea1n c\u00f3 th\u1ec3 sang h\u1ecdc tr\u01b0\u1eddng ti\u1ebfng, nh\u01b0ng h\u1ecdc tr\u01b0\u1edbc N5\u2013N4 s\u1ebd \u201cnh\u1eb9 nh\u00e0ng\u201d h\u01a1n r\u1ea5t nhi\u1ec1u \ud83d\udcaa<\/p>\n\n\n\n<hr class=\"wp-block-separator has-alpha-channel-opacity\"\/>\n\n\n\n<h2 class=\"wp-block-heading\">\ud83e\udd8a 3) Xin COE\/Visa du h\u1ecdc Nh\u1eadt c\u00f3 kh\u00f3 kh\u00f4ng? (Tokyo Bay c\u00f3 uy t\u00edn kh\u00f4ng?)<\/h2>\n\n\n\n<p>\ud83c\udfaf <strong>H\u1ecdc vi\u1ec7n Nh\u1eadt ng\u1eef Tokyo Bay<\/strong> l\u00e0 tr\u01b0\u1eddng uy t\u00edn, \u0111\u1ea1t chu\u1ea9n <strong>NINTEI (\u9069\u6b63\u6821)<\/strong> theo ti\u00eau chu\u1ea9n \u0111\u00e1nh gi\u00e1 c\u1ee7a <strong>C\u1ee5c Xu\u1ea5t Nh\u1eadp C\u1ea3nh Nh\u1eadt B\u1ea3n<\/strong>, n\u00ean h\u1ed3 s\u01a1 th\u01b0\u1eddng <strong>\u1ed5n \u0111\u1ecbnh \u2013 d\u1ec5 x\u00e9t \u2013 th\u1ee7 t\u1ee5c g\u1ecdn h\u01a1n<\/strong>.<\/p>\n\n\n\n<p>\ud83d\udccc C\u01a1 b\u1ea3n b\u1ea1n c\u1ea7n chu\u1ea9n b\u1ecb:<br>\ud83d\udec2 H\u1ed9 chi\u1ebfu + \ud83d\udcf8 \u1ea2nh th\u1ebb + \ud83d\udcc4 Gi\u1ea5y t\u1edd h\u1ecdc t\u1eadp theo y\u00eau c\u1ea7u nh\u00e0 tr\u01b0\u1eddng<\/p>\n\n\n\n<p>\u2728 <strong>V\u0103n ph\u00f2ng \u0111\u1ea1i di\u1ec7n t\u1ea1i Vi\u1ec7t Nam<\/strong> s\u1ebd <strong>check h\u1ed3 s\u01a1 k\u1ef9 tr\u01b0\u1edbc khi n\u1ed9p<\/strong>, h\u01b0\u1edbng d\u1eabn chi ti\u1ebft \u0111\u1ec3 t\u0103ng t\u1ef7 l\u1ec7 \u0111\u1eadu ngay t\u1eeb l\u1ea7n \u0111\u1ea7u.<\/p>\n\n\n\n<hr class=\"wp-block-separator has-alpha-channel-opacity\"\/>\n\n\n\n<h2 class=\"wp-block-heading\">\ud83d\udc30 4) Th\u1eddi gian l\u00e0m h\u1ed3 s\u01a1 \u0111i Nh\u1eadt m\u1ea5t bao l\u00e2u?<\/h2>\n\n\n\n<p>\u23f3 Th\u01b0\u1eddng c\u1ea7n v\u00e0i th\u00e1ng t\u00f9y k\u1ef3 nh\u1eadp h\u1ecdc. <strong>V\u0103n ph\u00f2ng \u0111\u1ea1i di\u1ec7n t\u1ea1i Vi\u1ec7t Nam<\/strong> s\u1ebd b\u00e1o b\u1ea1n timeline r\u00f5 r\u00e0ng t\u1eebng b\u01b0\u1edbc.<\/p>\n\n\n\n<hr class=\"wp-block-separator has-alpha-channel-opacity\"\/>\n\n\n\n<h2 class=\"wp-block-heading\">\ud83d\udc2f 5) Em c\u00f3 b\u1ecb gi\u1edbi h\u1ea1n tu\u1ed5i khi \u0111i du h\u1ecdc Nh\u1eadt kh\u00f4ng?<\/h2>\n\n\n\n<p>\u2705 Kh\u00f4ng c\u00f3 \u201cm\u1ed9t con s\u1ed1 c\u1ed1 \u0111\u1ecbnh\u201d, quan tr\u1ecdng l\u00e0 <strong>h\u1ed3 s\u01a1 logic<\/strong> v\u00e0 <strong>m\u1ee5c ti\u00eau h\u1ecdc t\u1eadp r\u00f5 r\u00e0ng<\/strong>.<\/p>\n\n\n\n<hr class=\"wp-block-separator has-alpha-channel-opacity\"\/>\n\n\n\n<h2 class=\"wp-block-heading\">\ud83d\udc3b 6) C\u00f3 c\u1ea7n ch\u1ee9ng minh t\u00e0i ch\u00ednh kh\u00f4ng?<\/h2>\n\n\n\n<p>\ud83d\udca1 T\u00f9y tr\u01b0\u1eddng v\u00e0 h\u1ed3 s\u01a1. <strong>V\u0103n ph\u00f2ng \u0111\u1ea1i di\u1ec7n t\u1ea1i Vi\u1ec7t Nam<\/strong> s\u1ebd h\u01b0\u1edbng d\u1eabn chu\u1ea9n b\u1ecb <strong>minh b\u1ea1ch \u2013 \u0111\u00fang chu\u1ea9n \u2013 tr\u00e1nh r\u1ee7i ro<\/strong>.<\/p>\n\n\n\n<hr class=\"wp-block-separator has-alpha-channel-opacity\"\/>\n\n\n\n<h2 class=\"wp-block-heading\">\ud83d\udc38 7) N\u1ebfu em c\u00f3 kho\u1ea3ng tr\u1ed1ng 1\u20133 n\u0103m th\u00ec c\u00f3 \u0111i \u0111\u01b0\u1ee3c kh\u00f4ng?<\/h2>\n\n\n\n<p>\u2705 <strong>V\u1eabn \u0111i \u0111\u01b0\u1ee3c<\/strong> n\u1ebfu gi\u1ea3i tr\u00ecnh h\u1ee3p l\u00fd (\u0111i l\u00e0m, h\u1ecdc ngh\u1ec1, h\u1ecdc ti\u1ebfng\u2026). <strong>V\u0103n ph\u00f2ng \u0111\u1ea1i di\u1ec7n t\u1ea1i Vi\u1ec7t Nam<\/strong> s\u1ebd h\u1ed7 tr\u1ee3 b\u1ea1n vi\u1ebft gi\u1ea3i tr\u00ecnh thuy\u1ebft ph\u1ee5c.<\/p>\n\n\n\n<hr class=\"wp-block-separator has-alpha-channel-opacity\"\/>\n\n\n\n<h2 class=\"wp-block-heading\">\ud83d\udc31 8) Du h\u1ecdc Nh\u1eadt t\u1ed5ng chi ph\u00ed kho\u1ea3ng bao nhi\u00eau?<\/h2>\n\n\n\n<p>\ud83d\udcb0 T\u00f9y khu v\u1ef1c v\u00e0 tr\u01b0\u1eddng. <strong>V\u0103n ph\u00f2ng \u0111\u1ea1i di\u1ec7n t\u1ea1i Vi\u1ec7t Nam<\/strong> s\u1ebd g\u1eedi b\u1ea1n <strong>b\u1ea3ng d\u1ef1 to\u00e1n r\u00f5 r\u00e0ng<\/strong>: h\u1ecdc ph\u00ed + nh\u00e0 + sinh ho\u1ea1t + b\u1ea3o hi\u1ec3m + ph\u00ed ban \u0111\u1ea7u.<\/p>\n\n\n\n<hr class=\"wp-block-separator has-alpha-channel-opacity\"\/>\n\n\n\n<h2 class=\"wp-block-heading\">\ud83d\udc36 9) Du h\u1ecdc sinh c\u00f3 \u0111\u01b0\u1ee3c l\u00e0m th\u00eam kh\u00f4ng?<\/h2>\n\n\n\n<p>\u2705 C\u00f3. Nh\u01b0ng c\u1ea7n l\u00e0m \u0111\u00fang quy \u0111\u1ecbnh \u0111\u1ec3 kh\u00f4ng \u1ea3nh h\u01b0\u1edfng visa. <strong>V\u0103n ph\u00f2ng \u0111\u1ea1i di\u1ec7n t\u1ea1i Vi\u1ec7t Nam<\/strong> s\u1ebd h\u01b0\u1edbng d\u1eabn b\u1ea1n c\u00e1ch l\u00e0m th\u00eam an to\u00e0n.<\/p>\n\n\n\n<hr class=\"wp-block-separator has-alpha-channel-opacity\"\/>\n\n\n\n<h2 class=\"wp-block-heading\">\ud83d\udc39 10) Du h\u1ecdc sinh \u0111\u01b0\u1ee3c l\u00e0m th\u00eam t\u1ed1i \u0111a bao nhi\u00eau gi\u1edd?<\/h2>\n\n\n\n<p>\u23f0 Th\u01b0\u1eddng l\u00e0 <strong>t\u1ed1i \u0111a 28 gi\u1edd\/tu\u1ea7n<\/strong> (c\u00f3 quy \u0111\u1ecbnh ri\u00eang theo k\u1ef3 ngh\u1ec9). Kh\u00f4ng n\u00ean l\u00e0m qu\u00e1 gi\u1edd nha \ud83d\udeab<\/p>\n\n\n\n<hr class=\"wp-block-separator has-alpha-channel-opacity\"\/>\n\n\n\n<h2 class=\"wp-block-heading\">\ud83d\udc35 11) Em c\u00f3 th\u1ec3 ch\u1ecdn tr\u01b0\u1eddng theo ti\u00eau ch\u00ed \u201cd\u1ec5 \u0111\u1eadu \u2013 d\u1ec5 l\u00e0m th\u00eam \u2013 chi ph\u00ed th\u1ea5p\u201d kh\u00f4ng?<\/h2>\n\n\n\n<p>\u2705 \u0110\u01b0\u1ee3c lu\u00f4n! <strong>V\u0103n ph\u00f2ng \u0111\u1ea1i di\u1ec7n t\u1ea1i Vi\u1ec7t Nam<\/strong> s\u1ebd l\u1ecdc tr\u01b0\u1eddng theo ti\u00eau ch\u00ed c\u1ee7a b\u1ea1n + ph\u00f9 h\u1ee3p h\u1ed3 s\u01a1 \u0111\u1ec3 \u0111i ch\u1eafc.<\/p>\n\n\n\n<hr class=\"wp-block-separator has-alpha-channel-opacity\"\/>\n\n\n\n<h2 class=\"wp-block-heading\">\ud83e\udd81 12) Em n\u00ean h\u1ecdc tr\u01b0\u1eddng ti\u1ebfng hay h\u1ecdc ngh\u1ec1 (Senmon) lu\u00f4n?<\/h2>\n\n\n\n<p>\ud83c\udf93 T\u00f9y m\u1ee5c ti\u00eau:<\/p>\n\n\n\n<ul>\n<li>Tr\u01b0\u1eddng ti\u1ebfng: n\u1ec1n t\u1ea3ng ti\u1ebfng + l\u00e0m quen cu\u1ed9c s\u1ed1ng<\/li>\n\n\n\n<li>Senmon: h\u1ecdc ngh\u1ec1 + d\u1ec5 xin vi\u1ec7c<br>\ud83d\udc49 <strong>V\u0103n ph\u00f2ng \u0111\u1ea1i di\u1ec7n t\u1ea1i Vi\u1ec7t Nam<\/strong> s\u1ebd t\u01b0 v\u1ea5n l\u1ed9 tr\u00ecnh t\u1ed1i \u01b0u nh\u1ea5t cho b\u1ea1n.<\/li>\n<\/ul>\n\n\n\n<hr class=\"wp-block-separator has-alpha-channel-opacity\"\/>\n\n\n\n<h2 class=\"wp-block-heading\">\ud83d\udc37 13) Em c\u00f3 th\u1ec3 v\u1eeba h\u1ecdc v\u1eeba thi JLPT \u0111\u1ec3 l\u00ean N2\/N1 kh\u00f4ng?<\/h2>\n\n\n\n<p>\u2705 Ho\u00e0n to\u00e0n \u0111\u01b0\u1ee3c. <strong>V\u0103n ph\u00f2ng \u0111\u1ea1i di\u1ec7n t\u1ea1i Vi\u1ec7t Nam<\/strong> s\u1ebd g\u1ee3i \u00fd l\u1ed9 tr\u00ecnh h\u1ecdc \u0111\u1ec3 b\u1ea1n t\u0103ng t\u1ed1c ti\u1ebfng Nh\u1eadt nhanh h\u01a1n \ud83d\ude80<\/p>\n\n\n\n<hr class=\"wp-block-separator has-alpha-channel-opacity\"\/>\n\n\n\n<h2 class=\"wp-block-heading\">\ud83d\udc28 14) Sang Nh\u1eadt c\u00f3 ai h\u1ed7 tr\u1ee3 em ban \u0111\u1ea7u kh\u00f4ng?<\/h2>\n\n\n\n<p>\ud83d\udc9b C\u00f3! <strong>V\u0103n ph\u00f2ng \u0111\u1ea1i di\u1ec7n t\u1ea1i Vi\u1ec7t Nam<\/strong> h\u1ed7 tr\u1ee3 b\u1ea1n t\u1eeb tr\u01b0\u1edbc xu\u1ea5t c\u1ea3nh \u0111\u1ebfn khi \u1ed5n \u0111\u1ecbnh cu\u1ed9c s\u1ed1ng: th\u1ee7 t\u1ee5c \u2013 \u0111\u1ecbnh h\u01b0\u1edbng \u2013 t\u01b0 v\u1ea5n x\u1eed l\u00fd ph\u00e1t sinh.<\/p>\n\n\n\n<hr class=\"wp-block-separator has-alpha-channel-opacity\"\/>\n\n\n\n<h2 class=\"wp-block-heading\">\ud83e\udd8a 15) Em s\u1ee3 b\u1ecb \u201cc\u00f2 m\u1ed3i \u2013 ph\u00ed ph\u00e1t sinh\u201d, c\u00f3 minh b\u1ea1ch kh\u00f4ng?<\/h2>\n\n\n\n<p>\u2705 <strong>V\u0103n ph\u00f2ng \u0111\u1ea1i di\u1ec7n t\u1ea1i Vi\u1ec7t Nam<\/strong> \u01b0u ti\u00ean <strong>minh b\u1ea1ch \u2013 r\u00f5 ph\u00ed \u2013 r\u00f5 l\u1ed9 tr\u00ecnh<\/strong>, h\u1ea1n ch\u1ebf ph\u00e1t sinh kh\u00f4ng c\u1ea7n thi\u1ebft.<\/p>\n\n\n\n<hr class=\"wp-block-separator has-alpha-channel-opacity\"\/>\n\n\n\n<h2 class=\"wp-block-heading\">\ud83d\udc19 16) N\u1ebfu em tr\u01b0\u1ee3t COE\/Visa th\u00ec sao?<\/h2>\n\n\n\n<p>\ud83d\ude0c Kh\u00f4ng sao! <strong>V\u0103n ph\u00f2ng \u0111\u1ea1i di\u1ec7n t\u1ea1i Vi\u1ec7t Nam<\/strong> s\u1ebd ph\u00e2n t\u00edch nguy\u00ean nh\u00e2n + ch\u1ec9nh h\u1ed3 s\u01a1 + \u0111\u1ec1 xu\u1ea5t ph\u01b0\u01a1ng \u00e1n ph\u00f9 h\u1ee3p h\u01a1n.<\/p>\n\n\n\n<hr class=\"wp-block-separator has-alpha-channel-opacity\"\/>\n\n\n\n<h2 class=\"wp-block-heading\">\ud83d\udc33 17) Em c\u00f3 th\u1ec3 chuy\u1ec3n tr\u01b0\u1eddng khi \u0111ang h\u1ecdc \u1edf Nh\u1eadt kh\u00f4ng?<\/h2>\n\n\n\n<p>\u2705 C\u00f3 th\u1ec3, nh\u01b0ng ph\u1ea3i l\u00e0m \u0111\u00fang th\u1ee7 t\u1ee5c \u0111\u1ec3 kh\u00f4ng \u1ea3nh h\u01b0\u1edfng visa. <strong>V\u0103n ph\u00f2ng \u0111\u1ea1i di\u1ec7n t\u1ea1i Vi\u1ec7t Nam<\/strong> s\u1ebd h\u01b0\u1edbng d\u1eabn chi ti\u1ebft.<\/p>\n\n\n\n<hr class=\"wp-block-separator has-alpha-channel-opacity\"\/>\n\n\n\n<h2 class=\"wp-block-heading\">\ud83d\udc14 18) Em c\u00f3 th\u1ec3 v\u1ec1 Vi\u1ec7t Nam th\u0103m nh\u00e0 trong th\u1eddi gian du h\u1ecdc kh\u00f4ng?<\/h2>\n\n\n\n<p>\u2708\ufe0f C\u00f3. Ch\u1ec9 c\u1ea7n l\u00e0m \u0111\u00fang th\u1ee7 t\u1ee5c li\u00ean quan t\u00e1i nh\u1eadp c\u1ea3nh v\u00e0 th\u1eddi h\u1ea1n l\u01b0u tr\u00fa.<\/p>\n\n\n\n<hr class=\"wp-block-separator has-alpha-channel-opacity\"\/>\n\n\n\n<h2 class=\"wp-block-heading\">\ud83d\udc19 19) Du h\u1ecdc xong em c\u00f3 th\u1ec3 chuy\u1ec3n sang visa \u0111i l\u00e0m kh\u00f4ng?<\/h2>\n\n\n\n<p>\ud83d\udcbc C\u00f3 th\u1ec3 n\u1ebfu b\u1ea1n c\u00f3 ti\u1ebfng Nh\u1eadt t\u1ed1t + chuy\u00ean m\u00f4n ph\u00f9 h\u1ee3p + \u0111\u1ecbnh h\u01b0\u1edbng r\u00f5. <strong>V\u0103n ph\u00f2ng \u0111\u1ea1i di\u1ec7n t\u1ea1i Vi\u1ec7t Nam<\/strong> s\u1ebd t\u01b0 v\u1ea5n l\u1ed9 tr\u00ecnh \u201ch\u1ecdc \u2192 l\u00e0m\u201d ngay t\u1eeb \u0111\u1ea7u.<\/p>\n\n\n\n<hr class=\"wp-block-separator has-alpha-channel-opacity\"\/>\n\n\n\n<h2 class=\"wp-block-heading\">\ud83e\udd84 20) Em mu\u1ed1n t\u01b0 v\u1ea5n nhanh th\u00ec c\u1ea7n g\u1eedi th\u00f4ng tin g\u00ec?<\/h2>\n\n\n\n<p>\ud83d\udce9 B\u1ea1n ch\u1ec9 c\u1ea7n g\u1eedi:<br>\ud83d\udc64 H\u1ecd t\u00ean \u2013 \ud83c\udf82 N\u0103m sinh<br>\ud83c\udf93 H\u1ecdc v\u1ea5n \u2013 \ud83d\uddd3\ufe0f Kho\u1ea3ng tr\u1ed1ng (n\u1ebfu c\u00f3)<br>\ud83c\udfaf M\u1ee5c ti\u00eau \u0111i Nh\u1eadt<br>\ud83d\udc49 <strong>V\u0103n ph\u00f2ng \u0111\u1ea1i di\u1ec7n t\u1ea1i Vi\u1ec7t Nam<\/strong> s\u1ebd t\u01b0 v\u1ea5n nhanh v\u00e0 \u0111\u01b0a l\u1ed9 tr\u00ecnh ph\u00f9 h\u1ee3p nh\u1ea5t \ud83d\udcaf<\/p>\n\n\n\n<hr class=\"wp-block-separator has-alpha-channel-opacity\"\/>\n\n\n\n<h1 class=\"wp-block-heading\"><br>\ud83d\udc49 Nh\u1ea5n <strong>\u201c\u0110\u0103ng k\u00fd t\u01b0 v\u1ea5n mi\u1ec5n ph\u00ed\u201d<\/strong> \u2013 <strong>V\u0103n ph\u00f2ng \u0111\u1ea1i di\u1ec7n t\u1ea1i Vi\u1ec7t Nam<\/strong> s\u1ebd ki\u1ec3m tra v\u00e0 t\u01b0 v\u1ea5n l\u1ed9 tr\u00ecnh chu\u1ea9n nh\u1ea5t cho b\u1ea1n \ud83c\uddef\ud83c\uddf5\u2728<\/h1>\n<div class=\"veu_socialSet veu_socialSet-position-after veu_contentAddSection\"><script>window.twttr=(function(d,s,id){var js,fjs=d.getElementsByTagName(s)[0],t=window.twttr||{};if(d.getElementById(id))return t;js=d.createElement(s);js.id=id;js.src=\"https:\/\/platform.twitter.com\/widgets.js\";fjs.parentNode.insertBefore(js,fjs);t._e=[];t.ready=function(f){t._e.push(f);};return t;}(document,\"script\",\"twitter-wjs\"));<\/script><ul><li class=\"sb_facebook sb_icon\"><a class=\"sb_icon_inner\" href=\"\/\/www.facebook.com\/sharer.php?src=bm&u=https%3A%2F%2Fwww.ksgvietnam.com%2F%3Fpage_id%3D678&amp;t=H%E1%BB%8CC%20VI%E1%BB%86N%20NH%E1%BA%ACT%20NG%E1%BB%AE%20TOKYO%20BAY\" target=\"_blank\" onclick=\"window.open(this.href,'FBwindow','width=650,height=450,menubar=no,toolbar=no,scrollbars=yes');return false;\"><span class=\"vk_icon_w_r_sns_fb icon_sns\"><\/span><span class=\"sns_txt\">Facebook<\/span><span class=\"veu_count_sns_fb\"><\/span><\/a><\/li><\/ul><\/div><!-- [ \/.socialSet ] -->","protected":false},"excerpt":{"rendered":"<p>\ud83c\udf38 DU H\u1eccC NH\u1eacT B\u1ea2N \u2013 20 C\u00c2U H\u1eceI TH\u01af\u1edcNG G\u1eb6P \ud83c\udf92\ud83c\uddef\ud83c\uddf5 (D\u00e0nh cho h\u1ecdc sinh &amp; ph\u1ee5 huynh mu\u1ed1n \u0111i Nh\u1eadt an to\u00e0n \u2013 minh b\u1ea1ch \u2013 \u0111\u00fang l\u1ed9 tr\u00ecnh) \ud83d\udc23 1) Em h\u1ecdc l\u1ef1c trung b\u00ecnh c\u00f3 \u0111i du h\u1ecdc Nh\u1eadt \u0111\u01b0\u1ee3c kh\u00f4ng? \u2705 \u0110\u01b0\u1ee3c b\u1ea1n nh\u00e9! Quan tr\u1ecdng l\u00e0 l\u1ed9 tr\u00ecnh \u0111\u00fang [&hellip;]<\/p>\n","protected":false},"author":1,"featured_media":0,"parent":0,"menu_order":0,"comment_status":"closed","ping_status":"closed","template":"","meta":{"om_disable_all_campaigns":false,"_monsterinsights_skip_tracking":false,"_monsterinsights_sitenote_active":false,"_monsterinsights_sitenote_note":"","_monsterinsights_sitenote_category":0,"_uf_show_specific_survey":0,"_uf_disable_surveys":false,"vkexunit_cta_each_option":"","footnotes":""},"aioseo_notices":[],"_links":{"self":[{"href":"https:\/\/www.ksgvietnam.com\/index.php?rest_route=\/wp\/v2\/pages\/678"}],"collection":[{"href":"https:\/\/www.ksgvietnam.com\/index.php?rest_route=\/wp\/v2\/pages"}],"about":[{"href":"https:\/\/www.ksgvietnam.com\/index.php?rest_route=\/wp\/v2\/types\/page"}],"author":[{"embeddable":true,"href":"https:\/\/www.ksgvietnam.com\/index.php?rest_route=\/wp\/v2\/users\/1"}],"replies":[{"embeddable":true,"href":"https:\/\/www.ksgvietnam.com\/index.php?rest_route=%2Fwp%2Fv2%2Fcomments&post=678"}],"version-history":[{"count":3,"href":"https:\/\/www.ksgvietnam.com\/index.php?rest_route=\/wp\/v2\/pages\/678\/revisions"}],"predecessor-version":[{"id":689,"href":"https:\/\/www.ksgvietnam.com\/index.php?rest_route=\/wp\/v2\/pages\/678\/revisions\/689"}],"wp:attachment":[{"href":"https:\/\/www.ksgvietnam.com\/index.php?rest_route=%2Fwp%2Fv2%2Fmedia&parent=678"}],"curies":[{"name":"wp","href":"https:\/\/api.w.org\/{rel}","templated":true}]}}