{"id":83,"date":"2024-01-19T10:19:27","date_gmt":"2024-01-19T01:19:27","guid":{"rendered":"https:\/\/www.ksgvietnam.com\/?page_id=83"},"modified":"2024-04-19T08:44:51","modified_gmt":"2024-04-18T23:44:51","slug":"hoc-phi-chi-phi","status":"publish","type":"page","link":"https:\/\/www.ksgvietnam.com\/?page_id=83","title":{"rendered":"H\u1ecdc ph\u00ed, chi ph\u00ed"},"content":{"rendered":"\n<div class=\"wp-block-cover alignfull is-light has-parallax\" style=\"min-height:141px;aspect-ratio:unset;\"><span aria-hidden=\"true\" class=\"wp-block-cover__background has-background-dim\" style=\"background-color:#898a94\"><\/span><div class=\"wp-block-cover__image-background wp-image-254 has-parallax\" style=\"background-position:50% 50%;background-image:url(https:\/\/www.ksgvietnam.com\/wp-content\/uploads\/2024\/03\/tsunagu.jpg)\"><\/div><div class=\"wp-block-cover__inner-container is-layout-constrained wp-block-cover-is-layout-constrained\">\n<p class=\"has-text-align-center has-luminous-vivid-orange-color has-text-color has-link-color has-large-font-size wp-elements-c3f325f4f347b51738f7e03169d588e1\"><strong>N\u1ed8I DUNG KH\u00d3A H\u1eccC<\/strong><\/p>\n<\/div><\/div>\n\n\n\n<div style=\"height:30px\" aria-hidden=\"true\" class=\"wp-block-spacer\"><\/div>\n\n\n\n<p class=\"has-vivid-cyan-blue-background-color has-background has-medium-font-size\"><strong>TI\u1ebeNG NH\u1eacT TR\u00ccNH \u0110\u1ed8 N\u00c2NG CAO<\/strong><\/p>\n\n\n\n<p class=\"has-medium-font-size\"><strong>POINT<\/strong><\/p>\n\n\n\n<div class=\"wp-block-columns is-layout-flex wp-container-core-columns-is-layout-1 wp-block-columns-is-layout-flex\">\n<div class=\"wp-block-column is-layout-flow wp-block-column-is-layout-flow\" style=\"flex-basis:33.33%\">\n<h3 class=\"wp-block-heading\">KH\u00d3A TI\u1ebeNG NH\u1eacT N\u00c2NG CAO<\/h3>\n\n\n\n<figure class=\"wp-block-image size-full is-resized\"><img loading=\"lazy\" decoding=\"async\" width=\"600\" height=\"466\" src=\"https:\/\/www.ksgvietnam.com\/wp-content\/uploads\/2024\/04\/316238623_561530372647703_6780266030141722774_n.jpg\" alt=\"\" class=\"wp-image-525\" style=\"width:283px;height:auto\" srcset=\"https:\/\/www.ksgvietnam.com\/wp-content\/uploads\/2024\/04\/316238623_561530372647703_6780266030141722774_n.jpg 600w, https:\/\/www.ksgvietnam.com\/wp-content\/uploads\/2024\/04\/316238623_561530372647703_6780266030141722774_n-300x233.jpg 300w\" sizes=\"(max-width: 600px) 100vw, 600px\" \/><\/figure>\n<\/div>\n\n\n\n<div class=\"wp-block-column is-layout-flow wp-block-column-is-layout-flow\" style=\"flex-basis:66.66%\">\n<h3 class=\"wp-block-heading\">C\u00c1C N\u1ed8I DUNG TRONG KH\u00d3A H\u1eccC<\/h3>\n\n\n\n<ul class=\"has-light-green-cyan-background-color has-background\">\n<li class=\"has-small-font-size\">L\u1edbp h\u1ecdc n\u00e0y nh\u1eb1m m\u1ee5c \u0111\u00edch \u0111\u1ec3 Sinh vi\u00ean ti\u1ebfp thu \u0111\u01b0\u1ee3c ti\u1ebfng Nh\u1eadt tr\u00ecnh \u0111\u1ed9 n\u00e2ng cao, thu\u1eadn l\u1ee3i cho vi\u1ec7c h\u1ecdc l\u00ean cao v\u00e0o c\u00e1c tr\u01b0\u1eddng \u0110\u1ea1i h\u1ecdc m\u00e0 sinh vi\u00ean d\u1ef1 \u0111\u1ecbnh nh\u1eadp h\u1ecdc.<\/li>\n\n\n\n<li class=\"has-small-font-size\">C\u00e1c l\u1edbp s\u1ebd \u0111\u01b0\u1ee3c chia ra tu\u1ef3 theo n\u0103ng l\u1ef1c ti\u1ebfng Nh\u1eadt c\u1ee7a sinh vi\u00ean. Sinh vi\u00ean s\u1ebd \u0111\u01b0\u1ee3c h\u1ecdc ti\u1ebfng Nh\u1eadt theo t\u1eebng b\u01b0\u1edbc \u0111\u1ec3 c\u00f3 th\u1ec3 d\u1ec5 d\u00e0ng n\u00e2ng cao tr\u00ecnh \u0111\u1ed9 t\u1eeb c\u01a1 b\u1ea3n \u0111\u1ebfn n\u00e2ng cao.<\/li>\n\n\n\n<li class=\"has-small-font-size\">Tokyo Bay s\u1ebd trang b\u1ecb k\u1ef9 l\u01b0\u1ee1ng ki\u1ebfn th\u1ee9c \u0111\u1ec3 Sinh vi\u00ean t\u1ef1 tin d\u1ef1 k\u1ef3 thi N\u0103ng l\u1ef1c Nh\u1eadt Ng\u1eef (JLPT) c\u0169ng nh\u01b0 h\u00e0nh trang theo sinh vi\u00ean \u0111\u1ebfn c\u00e1c tr\u01b0\u1eddng \u0110\u1ea1i H\u1ecdc m\u00e0 sinh vi\u00ean \u0111\u00e3 l\u1ef1a ch\u1ecdn.<\/li>\n<\/ul>\n<\/div>\n<\/div>\n\n\n\n<div style=\"height:12px\" aria-hidden=\"true\" class=\"wp-block-spacer\"><\/div>\n\n\n\n<p class=\"has-pale-cyan-blue-background-color has-background has-medium-font-size\"><strong>KH\u00d3A TI\u1ebeNG NH\u1eacT C\u01a0 B\u1ea2N<\/strong><\/p>\n\n\n\n<div style=\"height:24px\" aria-hidden=\"true\" class=\"wp-block-spacer\"><\/div>\n\n\n\n<div class=\"wp-block-columns is-layout-flex wp-container-core-columns-is-layout-2 wp-block-columns-is-layout-flex\">\n<div class=\"wp-block-column is-layout-flow wp-block-column-is-layout-flow\" style=\"flex-basis:66.66%\">\n<h3 class=\"wp-block-heading\">N\u1ed8I DUNG KH\u00d3A H\u1eccC C\u01a0 B\u1ea2N<\/h3>\n\n\n\n<ul class=\"has-light-green-cyan-background-color has-background has-medium-font-size\">\n<li class=\"has-small-font-size\">Sinh vi\u00ean s\u1ebd \u0111\u01b0\u1ee3c c\u1ea5p t\u01b0 c\u00e1ch l\u01b0u tr\u00fa &#8220;Du H\u1ecdc Sinh&#8221; sau \u0111\u00f3 nh\u1eadp h\u1ecdc v\u00e0 b\u1eaft \u0111\u1ea7u vi\u1ec7c h\u1ecdc ti\u1ebfng Nh\u1eadt t\u1ea1i tr\u01b0\u1eddng Nh\u1eadt ng\u1eef trong v\u00f2ng t\u1eeb 1 \u0111\u1ebfn 2 n\u0103m. Tr\u01b0\u1edbc ti\u00ean s\u1ebd l\u00e0 b\u00e0i ki\u1ec3m tra \u0111\u1ea7u v\u00e0o \u0111\u01b0\u1ee3c t\u1ed5 ch\u1ee9c t\u1ea1i Tokyo Bay.<\/li>\n\n\n\n<li class=\"has-small-font-size\">S\u1ebd c\u00f3 b\u00e0i ki\u1ec3m tra th\u0103ng c\u1ea5p \u0111\u1ecbnh k\u1ef3. T\u1ea1i l\u1edbp h\u1ecdc, sinh vi\u00ean s\u1ebd \u0111\u01b0\u1ee3c \u0111\u00e0o t\u1ea1o m\u1ed9t c\u00e1ch c\u00e2n b\u1eb1ng v\u00e0 to\u00e0n di\u1ec7n c\u00e1c kh\u1ea3 n\u0103ng NGHE, N\u00d3I, \u0110\u1eccC v\u00e0 VI\u1ebeT.<\/li>\n\n\n\n<li class=\"has-small-font-size\">Ngo\u00e0i ra, ch\u00fang t\u00f4i s\u1ebd \u00e1p d\u1ee5ng c\u00e1c ph\u01b0\u01a1ng ph\u00e1p gi\u00e1o d\u1ee5c khoa h\u1ecdc nh\u1eb1m gi\u00fap sinh vi\u00ean \u0111\u1ea1t \u0111\u01b0\u1ee3c tr\u00ecnh \u0111\u1ed9 c\u00f3 th\u1ec3 v\u01b0\u1ee3t qua k\u1ef3 thi N\u0103ng L\u1ef1c Ti\u1ebfng Nh\u1eadt v\u00e0 v\u1ed1n ti\u1ebfng Nh\u1eadt c\u00f3 th\u1ec3 s\u1eed d\u1ee5ng trong \u0111\u1eddi s\u1ed1ng v\u00e0 c\u00e1c t\u00ecnh hu\u1ed1ng kh\u00e1c nhau.<\/li>\n<\/ul>\n<\/div>\n\n\n\n<div class=\"wp-block-column is-layout-flow wp-block-column-is-layout-flow\" style=\"flex-basis:33.33%\">\n<h3 class=\"wp-block-heading\">TI\u1ebeNG NH\u1eacT C\u01a0 B\u1ea2N<\/h3>\n\n\n\n<figure class=\"wp-block-image size-large is-resized\"><img loading=\"lazy\" decoding=\"async\" width=\"956\" height=\"1024\" src=\"https:\/\/www.ksgvietnam.com\/wp-content\/uploads\/2024\/04\/tsunagu-956x1024.jpg\" alt=\"\" class=\"wp-image-529\" style=\"width:267px;height:auto\" srcset=\"https:\/\/www.ksgvietnam.com\/wp-content\/uploads\/2024\/04\/tsunagu-956x1024.jpg 956w, https:\/\/www.ksgvietnam.com\/wp-content\/uploads\/2024\/04\/tsunagu-280x300.jpg 280w, https:\/\/www.ksgvietnam.com\/wp-content\/uploads\/2024\/04\/tsunagu-768x823.jpg 768w, https:\/\/www.ksgvietnam.com\/wp-content\/uploads\/2024\/04\/tsunagu-1434x1536.jpg 1434w, https:\/\/www.ksgvietnam.com\/wp-content\/uploads\/2024\/04\/tsunagu.jpg 1912w\" sizes=\"(max-width: 956px) 100vw, 956px\" \/><\/figure>\n<\/div>\n<\/div>\n\n\n\n<ul class=\"has-light-green-cyan-background-color has-background has-medium-font-size\">\n<li>Sinh vi\u00ean s\u1ebd \u0111\u01b0\u1ee3c c\u1ea5p t\u01b0 c\u00e1ch l\u01b0u tr\u00fa &#8220;Du H\u1ecdc Sinh&#8221; sau \u0111\u00f3 nh\u1eadp h\u1ecdc v\u00e0 b\u1eaft \u0111\u1ea7u vi\u1ec7c h\u1ecdc ti\u1ebfng Nh\u1eadt t\u1ea1i tr\u01b0\u1eddng Nh\u1eadt ng\u1eef trong v\u00f2ng t\u1eeb 1 \u0111\u1ebfn 2 n\u0103m. Tr\u01b0\u1edbc ti\u00ean s\u1ebd l\u00e0 b\u00e0i ki\u1ec3m tra \u0111\u1ea7u v\u00e0o \u0111\u01b0\u1ee3c t\u1ed5 ch\u1ee9c t\u1ea1i Tokyo Bay.<\/li>\n\n\n\n<li>S\u1ebd c\u00f3 b\u00e0i ki\u1ec3m tra th\u0103ng c\u1ea5p \u0111\u1ecbnh k\u1ef3. T\u1ea1i l\u1edbp h\u1ecdc, sinh vi\u00ean s\u1ebd \u0111\u01b0\u1ee3c \u0111\u00e0o t\u1ea1o m\u1ed9t c\u00e1ch c\u00e2n b\u1eb1ng v\u00e0 to\u00e0n di\u1ec7n c\u00e1c kh\u1ea3 n\u0103ng NGHE, N\u00d3I, \u0110\u1eccC v\u00e0 VI\u1ebeT.<\/li>\n\n\n\n<li>Ngo\u00e0i ra, ch\u00fang t\u00f4i s\u1ebd \u00e1p d\u1ee5ng c\u00e1c ph\u01b0\u01a1ng ph\u00e1p gi\u00e1o d\u1ee5c khoa h\u1ecdc nh\u1eb1m gi\u00fap sinh vi\u00ean \u0111\u1ea1t \u0111\u01b0\u1ee3c tr\u00ecnh \u0111\u1ed9 c\u00f3 th\u1ec3 v\u01b0\u1ee3t qua k\u1ef3 thi N\u0103ng L\u1ef1c Ti\u1ebfng Nh\u1eadt v\u00e0 v\u1ed1n ti\u1ebfng Nh\u1eadt c\u00f3 th\u1ec3 s\u1eed d\u1ee5ng trong \u0111\u1eddi s\u1ed1ng v\u00e0 c\u00e1c t\u00ecnh hu\u1ed1ng kh\u00e1c nhau.<\/li>\n<\/ul>\n\n\n\n<p class=\"has-pale-pink-background-color has-background has-medium-font-size\"><strong>TH\u1edcI GIAN BI\u1ec2U<\/strong><\/p>\n\n\n\n<p class=\"has-medium-font-size\"><strong>LUY\u1ec6N THI &#8211; S\u1ef0 KI\u1ec6N H\u00c0NG N\u0102M<\/strong><\/p>\n\n\n\n<p class=\"has-medium-font-size\"><strong>\u3010S\u1ef1 ki\u1ec7n h\u00e0ng n\u0103m\u3011<\/strong><\/p>\n\n\n\n<p class=\"has-medium-font-size\">T\u1ed5 ch\u1ee9c giao l\u01b0u gi\u1eefa sinh vi\u00ean &#8211; sinh vi\u00ean, sinh vi\u00ean &#8211; gi\u00e1o vi\u00ean nh\u1eb1m t\u0103ng t\u01b0\u01a1ng t\u00e1c v\u00e0 th\u00fac \u0111\u1ea9y tinh th\u1ea7n h\u1ecdc t\u1eadp c\u1ee7a sinh vi\u00ean.<\/p>\n\n\n\n<p class=\"has-medium-font-size\">Hi\u1ec7n t\u1ea1i Tokyo Bay c\u0169ng l\u00ean c\u00e1c k\u1ebf ho\u1ea1ch cho c\u00e1c cu\u1ed9c thi th\u1ec3 thao, ti\u1ec7c n\u01b0\u1edbng, th\u0103m vi\u1ebfng Ch\u00f9a d\u1ecbp \u0111\u1ea7u n\u0103m m\u1edbi, c\u00e1c bu\u1ed5i d\u00e3 ngo\u1ea1i b\u1eb1ng xe bus&#8230;<\/p>\n\n\n\n<p class=\"has-medium-font-size\"><strong>\u3010Luy\u1ec7n thi\u3011<\/strong><\/p>\n\n\n\n<p class=\"has-luminous-vivid-amber-background-color has-background has-medium-font-size\">Li\u00ean quan \u0111\u1ebfn K\u1ef3 Thi N\u0103ng L\u1ef1c Ti\u1ebfng Nh\u1eadt (JLPT) , kh\u00f4ng ch\u1ec9 \u00e1p d\u1ee5ng c\u00e1c ph\u01b0\u01a1ng ph\u00e1p luy\u1ec7n thi th\u00f4ng th\u01b0\u1eddng c\u00f3 trong s\u00e1ch v\u1edf, Tokyo Bay c\u00f2n t\u1ed5 ch\u1ee9c c\u00e1c ph\u01b0\u01a1ng ph\u00e1p luy\u1ec7n thi ngay tr\u01b0\u1edbc k\u1ef3 thi. Ngo\u00e0i ra, ph\u01b0\u01a1ng ph\u00e1p luy\u1ec7n thi song song h\u01b0\u1edbng nghi\u1ec7p, vi\u1ec7c n\u1ed9p h\u1ed3 s\u01a1 c\u1ee7a sinh vi\u00ean s\u1ebd thu\u1eadn l\u1ee3i v\u00e0 nhanh ch\u00f3ng h\u01a1n. B\u00ean c\u1ea1nh \u0111\u00f3 ch\u00fang t\u00f4i t\u1ed5 ch\u1ee9c bu\u1ed5i h\u1ed9i th\u1ea3o v\u00e0o th\u00e1ng 6 h\u00e0ng n\u0103m, c\u00f3 c\u00e1c phi\u00ean ph\u1ecfng v\u1ea5n v\u00e0 thi th\u1eed.<\/p>\n\n\n\n<p class=\"has-pale-cyan-blue-background-color has-background has-medium-font-size\"><strong>TH\u1edcI GIAN BI\u1ec2U H\u00c0NG N\u0102M<\/strong><\/p>\n\n\n\n<figure class=\"wp-block-table\"><table><thead><tr><td>Th\u00e1ng<\/td><td>S\u1ef1 ki\u1ec7n h\u00e0ng n\u0103m<\/td><td>Giao l\u01b0u c\u1ed9ng \u0111\u1ed3ng<\/td><td>Thi c\u1eed<\/td><td>H\u1ecdc l\u00ean cao<\/td><\/tr><\/thead><tbody><tr><td>Th\u00e1ng 4<\/td><td><\/td><td><\/td><td><\/td><td><\/td><\/tr><tr><td>Th\u00e1ng 5<\/td><td>\u0110\u1ea1i h\u1ed9i th\u1ec3 thao<\/td><td><\/td><td><\/td><td><\/td><\/tr><tr><td>Th\u00e1ng 6<\/td><td><\/td><td>Tham quan khu v\u1ef1c<\/td><td><strong>K\u1ef3 thi ti\u1ebfng Nh\u1eadt DHS<\/strong><\/td><td>Ng\u00e0y h\u1ed9i h\u01b0\u1edbng nghi\u1ec7p<\/td><\/tr><tr><td>Th\u00e1ng 7<\/td><td><\/td><td><\/td><td><strong>Thi N\u0103ng L\u1ef1c Ti\u1ebfng Nh\u1ead<\/strong>t<\/td><td><\/td><\/tr><tr><td>Th\u00e1ng 8<\/td><td>BBQ<\/td><td><\/td><td><\/td><td><\/td><\/tr><tr><td>Th\u00e1ng 9<\/td><td><\/td><td>Tham quan khu v\u1ef1c<\/td><td><\/td><td>N\u1ed9p \u0111\u01a1n h\u1ecdc l\u00ean cao<\/td><\/tr><tr><td>Th\u00e1ng 10<\/td><td><\/td><td><\/td><td><\/td><td><\/td><\/tr><tr><td>Th\u00e1ng 11<\/td><td><\/td><td><\/td><td>K\u1ef3 thi ti\u1ebfng Nh\u1eadt DHS<\/td><td>D\u1ef1 k\u1ef3 thi tuy\u1ec3n<\/td><\/tr><tr><td>Th\u00e1ng 12<\/td><td>Cu\u1ed9c thi h\u00f9ng bi\u1ec7n<\/td><td>Tham quan khu v\u1ef1c<\/td><td>Thi N\u0103ng L\u1ef1c Ti\u1ebfng Nh\u1eadt<\/td><td>C\u00f4ng b\u1ed1 k\u1ebft qu\u1ea3<\/td><\/tr><tr><td>Th\u00e1ng 1<\/td><td>Vi\u1ebfng Ch\u00f9a \u0111\u1ea7u n\u0103m<\/td><td><\/td><td><\/td><td><\/td><\/tr><tr><td>Th\u00e1ng 2<\/td><td>D\u00e3 ngo\u1ea1i (bus)<\/td><td><\/td><td><\/td><td><\/td><\/tr><tr><td>Th\u00e1ng 3<\/td><td>L\u1ec4 T\u1ed0T NGHI\u1ec6P<\/td><td>Tham quan khu v\u1ef1c<\/td><td><\/td><td><\/td><\/tr><\/tbody><\/table><\/figure>\n\n\n\n<p class=\"has-pale-pink-background-color has-background has-medium-font-size\"><strong>KHO\u00c1 H\u1eccC &amp; H\u1eccC PH\u00cd<\/strong><\/p>\n\n\n\n<figure class=\"wp-block-table\"><table><thead><tr><td colspan=\"2\">Th\u00e1ng nh\u1eadp h\u1ecdc<\/td><td>Th\u00e1ng 4<\/td><td>Th\u00e1ng 10<\/td><td>Th\u00e1ng 4<\/td><\/tr><tr><td colspan=\"2\">Th\u1eddi gian h\u1ecdc<\/td><td>Kho\u00e1 2 n\u0103m<\/td><td>Kho\u00e1 1 n\u0103m 6 th\u00e1ng<\/td><td>Kho\u00e1 1 n\u0103m<\/td><\/tr><\/thead><tbody><tr><td colspan=\"2\">N\u0103m 1<br><small>\u203bThanh to\u00e1n h\u1ecdc ph\u00ed tr\u01b0\u1edbc khi nh\u1eadp h\u1ecdc<\/small><\/td><td>886,000<\/td><td>856,000<\/td><td>826,000<\/td><\/tr><tr><td rowspan=\"6\">Chi ti\u1ebft<\/td><td>Thanh to\u00e1n h\u1ecdc ph\u00ed tr\u01b0\u1edbc khi nh\u1eadp h\u1ecdc<\/td><td>20,000<\/td><td>20,000<\/td><td>20,000<\/td><\/tr><tr><td>L\u1ec7 ph\u00ed xin VISA<\/td><td>21,000<\/td><td>21,000<\/td><td>21,000<\/td><\/tr><tr><td>Ph\u00ed nh\u1eadp h\u1ecdc<\/td><td>50,000<\/td><td>50,000<\/td><td>50,000<\/td><\/tr><tr><td>H\u1ecdc ph\u00ed<\/td><td>675,000<\/td><td>675,000<\/td><td>675,000<\/td><\/tr><tr><td>B\u1ea3o hi\u1ec3m Du H\u1ecdc Sinh, ph\u00ed Y T\u1ebf<\/td><td>40,000<\/td><td>30,000<\/td><td>20,000<\/td><\/tr><tr><td>S\u00e1ch gi\u00e1o khoa, ph\u00ed sinh ho\u1ea1t tr\u01b0\u1eddng<\/td><td>80,000<\/td><td>60,000<\/td><td>40,000<\/td><\/tr><tr><td colspan=\"2\">N\u0103m th\u1ee9 2<br><small>\u203bC\u00f3 th\u1ec3 tr\u1ea3 g\u00f3p t\u1eebng 6 th\u00e1ng<\/small><\/td><td>675,000<\/td><td>337,500<\/td><td>0<\/td><\/tr><tr><td>Chi ti\u1ebft<\/td><td>H\u1ecdc ph\u00ed : \u0110\u00f3ng 1 l\u1ea7n , x\u00e9t \u0111i\u1ec1u ki\u1ec7n C\u00f3 th\u1ec3 \u0111\u00f3ng 2 l\u1ea7n (ph\u00e1t sinh l\u00e3i)<\/td><td><\/td><td><\/td><td>0<\/td><\/tr><tr><td>T\u1ed4NG C\u1ed8NG<\/td><td>N\u0103m 1 + N\u0103m 2<\/td><td>1,561,000 y\u00ean<\/td><td>1,193,5000 y\u00ean<\/td><td>826,000 y\u00ean<\/td><\/tr><\/tbody><\/table><figcaption class=\"wp-element-caption\">B\u1ea3n c\u1eadp nh\u1eadt h\u1ecdc ph\u00ed c\u1ee7a tr\u01b0\u1eddng Nh\u1eadt ng\u1eef Tokyo Bay Gakuin<\/figcaption><\/figure>\n\n\n\n<h5 class=\"wp-block-heading has-light-green-cyan-background-color has-background has-medium-font-size\">\u203bC\u00e1c \u0111i\u1ec1u kho\u1ea3n c\u1ea7n l\u01b0u \u00fd\u203b<\/h5>\n\n\n\n<ul class=\"has-medium-font-size\">\n<li>T\u1ea5t c\u1ea3 chi ph\u00ed ghi trong b\u1ea3ng gi\u00e1 \u0111\u00e3 bao g\u1ed3m thu\u1ebf<\/li>\n\n\n\n<li>Ph\u00ed 5,000 Y\u00ean (bao g\u1ed3m chi ph\u00ed n\u1ed9p cho C\u1ee5c Xu\u1ea5t Nh\u1eadp C\u1ea3nh Nh\u1eadt B\u1ea3n) s\u1ebd \u0111\u01b0\u1ee3c t\u00ednh khi sinh vi\u00ean gia h\u1ea1n Visa<\/li>\n\n\n\n<li>Th\u1eddi h\u1ea1n thanh to\u00e1n h\u1ecdc ph\u00ed v\u00e0 ti\u1ec1n k\u00fd t\u00fac x\u00e1 nh\u01b0 sau:\n<ul>\n<li>N\u0103m \u0111\u1ea7u: thanh to\u00e1n tr\u01b0\u1edbc khi nh\u1eadp h\u1ecdc, v\u00e0 trong v\u00f2ng 2 tu\u1ea7n sau khi nh\u1eadn \u0111\u01b0\u1ee3c Gi\u1ea5y Ch\u1ee9ng Nh\u1eadn T\u01b0 C\u00e1ch L\u01b0u Tr\u00fa (COE)<\/li>\n\n\n\n<li>\u0110\u1ed1i v\u1edbi c\u00e1c n\u0103m ti\u1ebfp theo: sinh vi\u00ean c\u00f3 th\u1ec3 tr\u1ea3 g\u00f3p theo t\u1eebng qu\u00fd (3 th\u00e1ng). Thanh to\u00e1n tr\u01b0\u1edbc ng\u00e0y 20 c\u1ee7a th\u00e1ng tr\u01b0\u1edbc khi b\u1eaft \u0111\u1ea7u h\u1ecdc k\u1ef3<\/li>\n<\/ul>\n<\/li>\n<\/ul>\n\n\n\n<p class=\"has-luminous-vivid-orange-background-color has-background has-medium-font-size\"><strong>QUY CH\u1ebe HO\u00c0N TI\u1ec0N<\/strong><\/p>\n\n\n\n<figure class=\"wp-block-table\"><table><thead><tr><td>Th\u1eddi \u0111i\u1ec3m b\u00e1o hu\u1ef7<\/td><td>Ph\u00ed h\u1ed3 s\u01a1 + Ph\u00ed nh\u1eadp h\u1ecdc<\/td><td>\u2460H\u1ecdc ph\u00ed<br>\u2461B\u1ea3o hi\u1ec3m Du H\u1ecdc Sinh, ph\u00ed Y T\u1ebf<\/td><td>Ph\u00ed hu\u1ef7 h\u1ee3p \u0111\u1ed3ng<\/td><td>\u0110i\u1ec1u ki\u1ec7n ho\u00e0n ti\u1ec1n<\/td><\/tr><\/thead><tbody><tr><td>Tr\u01b0\u1eddng h\u1ee3p tr\u01b0\u1edbc khi c\u1ea5p COE<\/td><td>Kh\u00f4ng ho\u00e0n ti\u1ec1n<\/td><td>Ho\u00e0n tr\u1ea3 100%<\/td><td>5,000\u5186<\/td><td>Ho\u00e0n tr\u1ea3 Gi\u1ea5y b\u00e1o nh\u1eadp h\u1ecdc v\u00e0 COE<\/td><\/tr><tr><td>Tr\u01b0\u1eddng h\u1ee3p b\u1ecb t\u1eeb ch\u1ed1i COE<\/td><td>Kh\u00f4ng ho\u00e0n ti\u1ec1n<\/td><td>Ho\u00e0n tr\u1ea3 100%<\/td><td>5,000\u5186<\/td><td>N\u1ed9p gi\u1ea5y gi\u1ea3i tr\u00ecnh v\u1ec1 vi\u1ec7c b\u1ecb t\u1eeb ch\u1ed1i c\u1ea5p COE<\/td><\/tr><tr><td>Tr\u01b0\u1eddng h\u1ee3p \u0111\u00e3 c\u1ea5p COE, v\u00e0 tr\u01b0\u1edbc khi b\u1eaft \u0111\u1ea7u k\u1ef3 h\u1ecdc<\/td><td>Kh\u00f4ng ho\u00e0n ti\u1ec1n<\/td><td>Ho\u00e0n tr\u1ea3 100%<\/td><td>5,000\u5186<\/td><td>\u3010SV ch\u01b0a nh\u1eadp c\u1ea3nh\u3011Gi\u1ea5y COE ch\u01b0a s\u1eed d\u1ee5ng<br>\u3010V\u1ec1 n\u01b0\u1edbc\u3011N\u1ed9p c\u00e1c gi\u1ea5y t\u1edd ch\u1ee9ng minh \u0111\u00e3 v\u1ec1 n\u01b0\u1edbc<\/td><\/tr><tr><td>Tr\u01b0\u1eddng h\u1ee3p \u0111\u00e3 b\u1eaft \u0111\u1ea7u k\u1ef3 h\u1ecdc<\/td><td>Kh\u00f4ng ho\u00e0n ti\u1ec1n<\/td><td>\u2460Ho\u00e0n ti\u1ec1n k\u00e8m \u0111i\u1ec1u ki\u1ec7n*<br>\u2461Kh\u00f4ng ho\u00e0n ti\u1ec1n<\/td><td>Kh\u00f4ng<\/td><td>\u3010V\u1ec1 n\u01b0\u1edbc\u3011N\u1ed9p c\u00e1c gi\u1ea5y t\u1edd ch\u1ee9ng minh \u0111\u00e3 v\u1ec1 n\u01b0\u1edbc<br>\u3010Thay \u0111\u1ed5i t\u01b0 c\u00e1ch l\u01b0u tr\u00fa\u3011N\u1ed9p c\u00e1c gi\u1ea5y t\u1edd ch\u1ee9ng minh \u0111\u00e3 thay \u0111\u1ed5i t\u01b0 c\u00e1ch l\u01b0u tr\u00fa<br>\u3010Chuy\u1ec3n tr\u01b0\u1eddng\u3011N\u1ed9p gi\u1ea5y t\u1edd ch\u1ee9ng minh \u0111ang l\u00e0 sinh vi\u00ean c\u1ee7a tr\u01b0\u1eddng chuy\u1ec3n t\u1edbi<\/td><\/tr><\/tbody><\/table><\/figure>\n\n\n\n<p class=\"has-medium-font-size\">\u203bS\u1ed1 ti\u1ec1n ho\u00e0n tr\u1ea3 = h\u1ecdc ph\u00ed \u0111\u00e3 \u0111\u00f3ng cho th\u00e1ng sau ng\u00e0y g\u1eedi \u0110\u01a1n y\u00eau c\u1ea7u ho\u00e0n ti\u1ec1n.<br>V\u00ed d\u1ee5\uff1a Tr\u01b0\u1eddng h\u1ee3p sinh vi\u00ean nh\u1eadp h\u1ecdc v\u00e0o th\u00e1ng 4 v\u00e0 \u0111\u00e3 \u0111\u00f3ng h\u1ecdc ph\u00ed 1 n\u0103m. N\u1ebfu sinh vi\u00ean n\u1ed9p \u0110\u01a1n y\u00eau c\u1ea7u ho\u00e0n ti\u1ec1n v\u00e0o th\u00e1ng 9 th\u00ec s\u1ed1 ti\u1ec1n ho\u00e0n tr\u1ea3 s\u1ebd l\u00e0: (h\u1ecdc ph\u00ed th\u00e1ng 10 -&gt; th\u00e1ng 3\uff09x 50%<\/p>\n\n\n\n<ul class=\"has-medium-font-size\">\n<li>Ng\u00e0y khai gi\u1ea3ng s\u1ebd \u0111\u01b0\u1ee3c ghi r\u00f5 trong l\u1ecbch h\u1ecdc c\u1ee7a tr\u01b0\u1eddng.<\/li>\n\n\n\n<li>Tr\u00ean nguy\u00ean t\u1eafc, vi\u1ec7c ho\u00e0n ti\u1ec1n s\u1ebd \u0111\u01b0\u1ee3c thanh to\u00e1n qua h\u00ecnh th\u1ee9c chuy\u1ec3n kho\u1ea3n (trong ho\u1eb7c ngo\u00e0i n\u01b0\u1edbc). Ch\u00fang t\u00f4i kh\u00f4ng h\u1ed7 tr\u1ee3 ho\u00e0n ti\u1ec1n b\u1eb1ng ti\u1ec1n m\u1eb7t.<\/li>\n\n\n\n<li>Chi ph\u00ed giao d\u1ecbch chuy\u1ec3n kho\u1ea3n s\u1ebd do ng\u01b0\u1eddi nh\u1eadn ch\u1ecbu, ch\u00fang t\u00f4i s\u1ebd tr\u1eeb tr\u1ef1c ti\u1ebfp chi ph\u00ed giao d\u1ecbch v\u00e0o trong s\u1ed1 ti\u1ec1n g\u1eedi.<br>\u0110\u1ec3 bi\u1ebft s\u1ed1 ti\u1ec1n c\u1ee5 th\u1ec3 khi ho\u00e0n ti\u1ec1n, vui l\u00f2ng li\u00ean h\u1ec7 v\u1edbi ch\u00fang t\u00f4i.<\/li>\n\n\n\n<li>Vi\u1ec7c ho\u00e0n ti\u1ec1n s\u1ebd \u0111\u01b0\u1ee3c ti\u1ebfn h\u00e0nh trong v\u00f2ng 40 ng\u00e0y k\u1ec3 t\u1eeb ng\u00e0y n\u1ed9p c\u00e1c t\u00e0i li\u1ec7u c\u1ea7n thi\u1ebft.<\/li>\n<\/ul>\n<div class=\"veu_socialSet veu_socialSet-position-after veu_contentAddSection\"><script>window.twttr=(function(d,s,id){var js,fjs=d.getElementsByTagName(s)[0],t=window.twttr||{};if(d.getElementById(id))return t;js=d.createElement(s);js.id=id;js.src=\"https:\/\/platform.twitter.com\/widgets.js\";fjs.parentNode.insertBefore(js,fjs);t._e=[];t.ready=function(f){t._e.push(f);};return t;}(document,\"script\",\"twitter-wjs\"));<\/script><ul><li class=\"sb_facebook sb_icon\"><a class=\"sb_icon_inner\" href=\"\/\/www.facebook.com\/sharer.php?src=bm&u=https%3A%2F%2Fwww.ksgvietnam.com%2F%3Fpage_id%3D83&amp;t=H%E1%BB%8CC%20VI%E1%BB%86N%20NH%E1%BA%ACT%20NG%E1%BB%AE%20TOKYO%20BAY\" target=\"_blank\" onclick=\"window.open(this.href,'FBwindow','width=650,height=450,menubar=no,toolbar=no,scrollbars=yes');return false;\"><span class=\"vk_icon_w_r_sns_fb icon_sns\"><\/span><span class=\"sns_txt\">Facebook<\/span><span class=\"veu_count_sns_fb\"><\/span><\/a><\/li><\/ul><\/div><!-- [ \/.socialSet ] -->","protected":false},"excerpt":{"rendered":"<p>TI\u1ebeNG NH\u1eacT TR\u00ccNH \u0110\u1ed8 N\u00c2NG CAO POINT KH\u00d3A TI\u1ebeNG NH\u1eacT N\u00c2NG CAO C\u00c1C N\u1ed8I DUNG TRONG KH\u00d3A H\u1eccC KH\u00d3A TI\u1ebeNG NH\u1eacT C\u01a0 B\u1ea2N N\u1ed8I DUNG KH\u00d3A H\u1eccC C\u01a0 B\u1ea2N TI\u1ebeNG NH\u1eacT C\u01a0 B\u1ea2N TH\u1edcI GIAN BI\u1ec2U LUY\u1ec6N THI &#8211; S\u1ef0 KI\u1ec6N H\u00c0NG N\u0102M \u3010S\u1ef1 ki\u1ec7n h\u00e0ng n\u0103m\u3011 T\u1ed5 ch\u1ee9c giao l\u01b0u gi\u1eefa sinh vi\u00ean &#8211; [&hellip;]<\/p>\n","protected":false},"author":1,"featured_media":0,"parent":0,"menu_order":0,"comment_status":"closed","ping_status":"closed","template":"","meta":{"om_disable_all_campaigns":false,"_monsterinsights_skip_tracking":false,"_monsterinsights_sitenote_active":false,"_monsterinsights_sitenote_note":"","_monsterinsights_sitenote_category":0,"_uf_show_specific_survey":0,"_uf_disable_surveys":false,"vkexunit_cta_each_option":"","footnotes":""},"aioseo_notices":[],"_links":{"self":[{"href":"https:\/\/www.ksgvietnam.com\/index.php?rest_route=\/wp\/v2\/pages\/83"}],"collection":[{"href":"https:\/\/www.ksgvietnam.com\/index.php?rest_route=\/wp\/v2\/pages"}],"about":[{"href":"https:\/\/www.ksgvietnam.com\/index.php?rest_route=\/wp\/v2\/types\/page"}],"author":[{"embeddable":true,"href":"https:\/\/www.ksgvietnam.com\/index.php?rest_route=\/wp\/v2\/users\/1"}],"replies":[{"embeddable":true,"href":"https:\/\/www.ksgvietnam.com\/index.php?rest_route=%2Fwp%2Fv2%2Fcomments&post=83"}],"version-history":[{"count":11,"href":"https:\/\/www.ksgvietnam.com\/index.php?rest_route=\/wp\/v2\/pages\/83\/revisions"}],"predecessor-version":[{"id":530,"href":"https:\/\/www.ksgvietnam.com\/index.php?rest_route=\/wp\/v2\/pages\/83\/revisions\/530"}],"wp:attachment":[{"href":"https:\/\/www.ksgvietnam.com\/index.php?rest_route=%2Fwp%2Fv2%2Fmedia&parent=83"}],"curies":[{"name":"wp","href":"https:\/\/api.w.org\/{rel}","templated":true}]}}