{"id":86,"date":"2024-01-19T10:19:27","date_gmt":"2024-01-19T01:19:27","guid":{"rendered":"https:\/\/www.ksgvietnam.com\/?page_id=86"},"modified":"2026-01-21T16:56:51","modified_gmt":"2026-01-21T07:56:51","slug":"gioi-thieu-ksg-viet-nam","status":"publish","type":"page","link":"https:\/\/www.ksgvietnam.com\/?page_id=86","title":{"rendered":"Gi\u1edbi thi\u1ec7u KSG Vi\u1ec7t Nam"},"content":{"rendered":"<h2><span style=\"font-size: 20px;\">Gi\u1edbi thi\u1ec7u v\u1ec1 KSG Vi\u1ec7t Nam<\/span><\/h2>\n\n\n<h2 class=\"wp-block-heading\">KSG VIET NAM \u2013 V\u0103n ph\u00f2ng \u0111\u1ea1i di\u1ec7n ti\u1ebfp nh\u1eadn h\u1ed3 s\u01a1 ch\u00ednh th\u1ee9c c\u1ee7a Tokyo Bay t\u1ea1i Vi\u1ec7t Nam<\/h2>\n\n\n\n<p><strong>KSG VIET NAM<\/strong> l\u00e0 <strong>v\u0103n ph\u00f2ng \u0111\u1ea1i di\u1ec7n v\u00e0 ti\u1ebfp nh\u1eadn h\u1ed3 s\u01a1 ch\u00ednh th\u1ee9c<\/strong> c\u1ee7a <strong>H\u1ecdc vi\u1ec7n Nh\u1eadt ng\u1eef Tokyo Bay (Nh\u1eadt B\u1ea3n)<\/strong> t\u1ea1i Vi\u1ec7t Nam.<br>H\u1ecdc vi\u00ean \u0111\u0103ng k\u00fd qua KSG s\u1ebd \u0111\u01b0\u1ee3c h\u01b0\u1edbng d\u1eabn chu\u1ea9n b\u1ecb h\u1ed3 s\u01a1 <strong>\u0111\u00fang ti\u00eau chu\u1ea9n c\u1ee7a nh\u00e0 tr\u01b0\u1eddng<\/strong>, v\u00e0 <strong>h\u1ed3 s\u01a1 kh\u00f4ng qua trung gian<\/strong>, gi\u00fap <strong>tr\u00e1nh ph\u00e1t sinh ph\u00ed m\u00f4i gi\u1edbi kh\u00f4ng c\u1ea7n thi\u1ebft<\/strong>, minh b\u1ea1ch chi ph\u00ed ngay t\u1eeb \u0111\u1ea7u.<\/p>\n\n\n\n<p>T\u1ea1i Vi\u1ec7t Nam, KSG ti\u1ebfp nh\u1eadn h\u1ed3 s\u01a1 v\u00e0 <strong>ph\u1ed1i h\u1ee3p th\u00f4ng qua c\u00f4ng ty t\u01b0 v\u1ea5n du h\u1ecdc li\u00ean k\u1ebft<\/strong> \u0111\u1ec3 x\u1eed l\u00fd h\u1ed3 s\u01a1 <strong>chu\u1ea9n ch\u1ec9 \u2013 \u0111\u00fang quy tr\u00ecnh<\/strong>, \u0111\u1ea3m b\u1ea3o t\u00ednh r\u00f5 r\u00e0ng v\u00e0 hi\u1ec7u qu\u1ea3 cao nh\u1ea5t khi n\u1ed9p sang Nh\u1eadt.<\/p>\n\n\n\n<p>\u0110\u1eb7c bi\u1ec7t, <strong>Tokyo Bay l\u00e0 tr\u01b0\u1eddng c\u00f3 ch\u1ee9ng ch\u1ec9 NINTEIKOU (\u8a8d\u5b9a\u6821)<\/strong> do <strong>C\u1ee5c Xu\u1ea5t Nh\u1eadp C\u1ea3nh Nh\u1eadt B\u1ea3n<\/strong> c\u00f4ng nh\u1eadn, n\u00ean h\u1ecdc vi\u00ean c\u00f3 th\u1ec3 \u0111\u01b0\u1ee3c <strong>mi\u1ec5n ho\u1eb7c gi\u1ea3m b\u1edbt m\u1ed9t s\u1ed1 gi\u1ea5y t\u1edd ch\u1ee9ng minh t\u00e0i ch\u00ednh<\/strong>. Tuy nhi\u00ean, \u0111\u1ec3 t\u0103ng t\u1ef7 l\u1ec7 \u0111\u1eadu COE\/visa v\u00e0 \u0111\u1ea3m b\u1ea3o h\u1ed3 s\u01a1 an to\u00e0n nh\u1ea5t, <strong>KSG v\u1eabn ki\u1ec3m tra \u2013 r\u00e0 so\u00e1t k\u1ef9 to\u00e0n b\u1ed9 h\u1ed3 s\u01a1 tr\u01b0\u1edbc khi n\u1ed9p qua tr\u01b0\u1eddng<\/strong>, gi\u00fap h\u1ed3 s\u01a1 logic, \u0111\u1ea7y \u0111\u1ee7 v\u00e0 t\u1ed1i \u01b0u k\u1ebft qu\u1ea3.<\/p>\n\n\n\n<p>\ud83d\udc49 N\u1ebfu b\u1ea1n \u0111ang mu\u1ed1n du h\u1ecdc Nh\u1eadt v\u1edbi l\u1ed9 tr\u00ecnh r\u00f5 r\u00e0ng, chi ph\u00ed minh b\u1ea1ch v\u00e0 h\u1ed3 s\u01a1 l\u00e0m chu\u1ea9n ngay t\u1eeb \u0111\u1ea7u, h\u00e3y li\u00ean h\u1ec7 <strong>KSG VIET NAM<\/strong> \u0111\u1ec3 \u0111\u01b0\u1ee3c t\u01b0 v\u1ea5n chi ti\u1ebft.<\/p>\n\n\n\n<p class=\"has-cyan-bluish-gray-background-color has-background has-medium-font-size\"><strong>Th\u00f4ng tin v\u1ec1 tr\u01b0\u1eddng nh\u1eadt ng\u1eef Tokyo Bay Gakuin <\/strong>: <\/p>\n\n\n\n<p><strong>website :https:\/\/ks-global.jp\/<\/strong><\/p>\n\n\n\n<p><strong>\u0110\u1ecba ch\u1ec9 tr\u01b0\u1eddng Tokyo bay t\u1ea1i Nh\u1eadt B\u1ea3n:<\/strong><\/p>\n\n\n\n<p>1-9-17 Ohmori Honcho, Ohta-ku, Tokyo 143-0011TEL\uff1a03-6410-8323 FAX\uff1a03-6410-8324<br><strong>Email:<\/strong>&nbsp;tokyo-bay@ks-global.jp<\/p>\n<div class=\"veu_socialSet veu_socialSet-position-after veu_contentAddSection\"><script>window.twttr=(function(d,s,id){var js,fjs=d.getElementsByTagName(s)[0],t=window.twttr||{};if(d.getElementById(id))return t;js=d.createElement(s);js.id=id;js.src=\"https:\/\/platform.twitter.com\/widgets.js\";fjs.parentNode.insertBefore(js,fjs);t._e=[];t.ready=function(f){t._e.push(f);};return t;}(document,\"script\",\"twitter-wjs\"));<\/script><ul><li class=\"sb_facebook sb_icon\"><a class=\"sb_icon_inner\" href=\"\/\/www.facebook.com\/sharer.php?src=bm&u=https%3A%2F%2Fwww.ksgvietnam.com%2F%3Fpage_id%3D86&amp;t=H%E1%BB%8CC%20VI%E1%BB%86N%20NH%E1%BA%ACT%20NG%E1%BB%AE%20TOKYO%20BAY\" target=\"_blank\" onclick=\"window.open(this.href,'FBwindow','width=650,height=450,menubar=no,toolbar=no,scrollbars=yes');return false;\"><span class=\"vk_icon_w_r_sns_fb icon_sns\"><\/span><span class=\"sns_txt\">Facebook<\/span><span class=\"veu_count_sns_fb\"><\/span><\/a><\/li><\/ul><\/div><!-- [ \/.socialSet ] -->","protected":false},"excerpt":{"rendered":"<p>Gi\u1edbi thi\u1ec7u v\u1ec1 KSG Vi\u1ec7t Nam KSG VIET NAM \u2013 V\u0103n ph\u00f2ng \u0111\u1ea1i di\u1ec7n ti\u1ebfp nh\u1eadn h\u1ed3 s\u01a1 ch\u00ednh th\u1ee9c c\u1ee7a Tokyo Bay t\u1ea1i Vi\u1ec7t Nam KSG VIET NAM l\u00e0 v\u0103n ph\u00f2ng \u0111\u1ea1i di\u1ec7n v\u00e0 ti\u1ebfp nh\u1eadn h\u1ed3 s\u01a1 ch\u00ednh th\u1ee9c c\u1ee7a H\u1ecdc vi\u1ec7n Nh\u1eadt ng\u1eef Tokyo Bay (Nh\u1eadt B\u1ea3n) t\u1ea1i Vi\u1ec7t Nam.H\u1ecdc vi\u00ean \u0111\u0103ng [&hellip;]<\/p>\n","protected":false},"author":1,"featured_media":0,"parent":0,"menu_order":0,"comment_status":"closed","ping_status":"closed","template":"","meta":{"om_disable_all_campaigns":false,"_monsterinsights_skip_tracking":false,"_monsterinsights_sitenote_active":false,"_monsterinsights_sitenote_note":"","_monsterinsights_sitenote_category":0,"_uf_show_specific_survey":0,"_uf_disable_surveys":false,"vkexunit_cta_each_option":"","footnotes":""},"aioseo_notices":[],"_links":{"self":[{"href":"https:\/\/www.ksgvietnam.com\/index.php?rest_route=\/wp\/v2\/pages\/86"}],"collection":[{"href":"https:\/\/www.ksgvietnam.com\/index.php?rest_route=\/wp\/v2\/pages"}],"about":[{"href":"https:\/\/www.ksgvietnam.com\/index.php?rest_route=\/wp\/v2\/types\/page"}],"author":[{"embeddable":true,"href":"https:\/\/www.ksgvietnam.com\/index.php?rest_route=\/wp\/v2\/users\/1"}],"replies":[{"embeddable":true,"href":"https:\/\/www.ksgvietnam.com\/index.php?rest_route=%2Fwp%2Fv2%2Fcomments&post=86"}],"version-history":[{"count":29,"href":"https:\/\/www.ksgvietnam.com\/index.php?rest_route=\/wp\/v2\/pages\/86\/revisions"}],"predecessor-version":[{"id":669,"href":"https:\/\/www.ksgvietnam.com\/index.php?rest_route=\/wp\/v2\/pages\/86\/revisions\/669"}],"wp:attachment":[{"href":"https:\/\/www.ksgvietnam.com\/index.php?rest_route=%2Fwp%2Fv2%2Fmedia&parent=86"}],"curies":[{"name":"wp","href":"https:\/\/api.w.org\/{rel}","templated":true}]}}