{"id":87,"date":"2024-01-19T10:19:27","date_gmt":"2024-01-19T01:19:27","guid":{"rendered":"https:\/\/www.ksgvietnam.com\/?page_id=87"},"modified":"2026-01-19T16:11:52","modified_gmt":"2026-01-19T07:11:52","slug":"tai-sao-chon-tokyo-bay-gakuin","status":"publish","type":"page","link":"https:\/\/www.ksgvietnam.com\/?page_id=87","title":{"rendered":"T\u1ea1i sao ch\u1ecdn Tokyo Bay Gakuin"},"content":{"rendered":"\n<p class=\"has-pale-pink-background-color has-background has-medium-font-size\"><strong>C\u00f3 Nh\u00e2n vi\u00ean ng\u01b0\u1eddi Vi\u1ec7t Nam h\u1ed7 tr\u1ee3<\/strong><\/p>\n\n\n\n<p class=\"has-medium-font-size\">Kh\u00f4ng ph\u1ea3i t\u1ea5t c\u1ea3 c\u00e1c tr\u01b0\u1eddng ti\u1ebfng Nh\u1eadt \u1edf Nh\u1eadt B\u1ea3n \u0111\u1ec1u c\u00f3 nh\u00e2n vi\u00ean ng\u01b0\u1eddi Vi\u1ec7t h\u1ed7 tr\u1ee3. V\u1edbi quy m\u00f4 v\u00e0 l\u01b0\u1ee3ng nh\u1ea5t \u0111\u1ecbnh nh\u00e0 tr\u01b0\u1eddng m\u1edbi tuy\u1ec3n d\u1ee5ng nh\u00e2n vi\u00ean ng\u01b0\u1eddi b\u1ea3n s\u1ee9 ph\u1ee5 tr\u00e1ch.Nh\u1eefng kh\u00f3 kh\u0103n trong cu\u1ed9c s\u1ed1ng h\u00e0ng ng\u00e0y m\u1ecdi ng\u01b0\u1eddi c\u00f3 th\u1ec3 trao \u0111\u1ed5i hay t\u00ecm h\u01b0\u1edbng \u0111i , ph\u01b0\u01a1ng ph\u00e1p gi\u1ea3i quy\u1ebft .<\/p>\n\n\n\n<div class=\"wp-block-columns is-layout-flex wp-container-core-columns-is-layout-1 wp-block-columns-is-layout-flex\">\n<div class=\"wp-block-column is-layout-flow wp-block-column-is-layout-flow\">\n<div class=\"wp-block-group\"><div class=\"wp-block-group__inner-container is-layout-constrained wp-block-group-is-layout-constrained\">\n<figure class=\"wp-block-image size-large is-resized\"><img loading=\"lazy\" decoding=\"async\" width=\"1024\" height=\"768\" src=\"https:\/\/www.ksgvietnam.com\/wp-content\/uploads\/2024\/03\/386258209_800341042099967_4783284446595843552_n-1024x768.jpg\" alt=\"\" class=\"wp-image-253\" style=\"width:568px;height:auto\" srcset=\"https:\/\/www.ksgvietnam.com\/wp-content\/uploads\/2024\/03\/386258209_800341042099967_4783284446595843552_n-1024x768.jpg 1024w, https:\/\/www.ksgvietnam.com\/wp-content\/uploads\/2024\/03\/386258209_800341042099967_4783284446595843552_n-300x225.jpg 300w, https:\/\/www.ksgvietnam.com\/wp-content\/uploads\/2024\/03\/386258209_800341042099967_4783284446595843552_n-768x576.jpg 768w, https:\/\/www.ksgvietnam.com\/wp-content\/uploads\/2024\/03\/386258209_800341042099967_4783284446595843552_n.jpg 1479w\" sizes=\"(max-width: 1024px) 100vw, 1024px\" \/><\/figure>\n<\/div><\/div>\n<\/div>\n\n\n\n<div class=\"wp-block-column is-layout-flow wp-block-column-is-layout-flow\">\n<figure class=\"wp-block-image size-large is-resized\"><img loading=\"lazy\" decoding=\"async\" width=\"1024\" height=\"576\" src=\"https:\/\/www.ksgvietnam.com\/wp-content\/uploads\/2024\/03\/PXL_20240111_072102033-1024x576.jpg\" alt=\"\" class=\"wp-image-252\" style=\"width:798px;height:auto\" srcset=\"https:\/\/www.ksgvietnam.com\/wp-content\/uploads\/2024\/03\/PXL_20240111_072102033-1024x576.jpg 1024w, https:\/\/www.ksgvietnam.com\/wp-content\/uploads\/2024\/03\/PXL_20240111_072102033-300x169.jpg 300w, https:\/\/www.ksgvietnam.com\/wp-content\/uploads\/2024\/03\/PXL_20240111_072102033-768x432.jpg 768w, https:\/\/www.ksgvietnam.com\/wp-content\/uploads\/2024\/03\/PXL_20240111_072102033-1536x864.jpg 1536w, https:\/\/www.ksgvietnam.com\/wp-content\/uploads\/2024\/03\/PXL_20240111_072102033-2048x1152.jpg 2048w, https:\/\/www.ksgvietnam.com\/wp-content\/uploads\/2024\/03\/PXL_20240111_072102033-320x180.jpg 320w\" sizes=\"(max-width: 1024px) 100vw, 1024px\" \/><\/figure>\n<\/div>\n<\/div>\n\n\n\n<p class=\"has-pale-cyan-blue-background-color has-background has-medium-font-size\"><strong>\u00c1p d\u1ee5ng ph\u01b0\u01a1ng  ph\u00e1p d\u1ea1y h\u1ecdc t\u00e2n ti\u1ebfn : N\u00e2ng cao kh\u1ea3 n\u0103ng giao ti\u1ebfp c\u1ee7a h\u1ecdc sinh<\/strong><\/p>\n\n\n\n<p class=\"has-medium-font-size\">R\u1ea5t nhi\u00eau b\u1ea1n h\u1ecdc sinh ra tr\u01b0\u1eddng l\u00e0m test r\u1ea5t gi\u1ecfi  nh\u01b0ng kh\u1ea3 n\u0103ng giao ti\u1ebfp r\u1ea5t k\u00e9m. Th\u1ea5y \u0111\u01b0\u1ee3c \u0111i\u1ec3m y\u1ebfu n\u00e0y nh\u00e0 tr\u01b0\u1eddng \u0111\u00e3 thay \u0111\u1ed5i ph\u01b0\u01a1ng ph\u00e1p d\u1ea1y . \u0110\u01b0a nhi\u1ec1u ph\u01b0\u01a1ng ph\u00e1p d\u1ea1y m\u1edbi. L\u1ea5y h\u1ecdc tr\u00f2 l\u00e0m trung t\u00e2m nh\u1eb1m n\u00e2ng cao kh\u1ea3 n\u0103ng giao ti\u1ebfp cho t\u1ea5t c\u1ea3 c\u00e1c h\u1ecdc sinh t\u1ea1i tr\u01b0\u1eddng.Hi\u1ec7n t\u1ea1i nh\u00e0 tr\u01b0\u1eddng \u0111ang th\u1ef1c hi\u1ec7n \u0111\u01b0a gi\u00e1o tr\u00ecnh d\u1ea1y m\u1edbi thay cho Mina no Nihongo l\u00e0 TSUNAGU NIHONGO l\u00e0 gi\u00e1o tr\u00ecnh t\u00e2n ti\u1ebfn , n\u00e2ng cao t\u1ed1i \u0111a kh\u1ea3 n\u0103ng giao ti\u1ebfp c\u1ee7a h\u1ecdc vi\u00ean. \u0110\u1ed3ng th\u1eddi h\u1ed7 tr\u1ee3 b\u1ed3i d\u01b0\u1ee1ng c\u00e1c em tham gia c\u00e1c k\u00ec thi JLPT ( N\u0103ng l\u1ef1c ti\u1ebfng Nh\u1eadt ) hay EJU ( K\u00ec thi v\u00e0o \u0110H C\u0110 Nh\u1eadt B\u1ea3n d\u00e0nh ri\u00eang cho ng\u01b0\u1eddi n\u01b0\u1edbc ngo\u00e0i.<\/p>\n\n\n\n<div class=\"wp-block-columns is-layout-flex wp-container-core-columns-is-layout-2 wp-block-columns-is-layout-flex\">\n<div class=\"wp-block-column is-layout-flow wp-block-column-is-layout-flow\">\n<figure class=\"wp-block-image size-large is-resized\"><img loading=\"lazy\" decoding=\"async\" width=\"956\" height=\"1024\" src=\"https:\/\/www.ksgvietnam.com\/wp-content\/uploads\/2024\/03\/tsunagu-956x1024.jpg\" alt=\"\" class=\"wp-image-254\" style=\"width:373px;height:auto\" srcset=\"https:\/\/www.ksgvietnam.com\/wp-content\/uploads\/2024\/03\/tsunagu-956x1024.jpg 956w, https:\/\/www.ksgvietnam.com\/wp-content\/uploads\/2024\/03\/tsunagu-280x300.jpg 280w, https:\/\/www.ksgvietnam.com\/wp-content\/uploads\/2024\/03\/tsunagu-768x823.jpg 768w, https:\/\/www.ksgvietnam.com\/wp-content\/uploads\/2024\/03\/tsunagu-1434x1536.jpg 1434w, https:\/\/www.ksgvietnam.com\/wp-content\/uploads\/2024\/03\/tsunagu.jpg 1912w\" sizes=\"(max-width: 956px) 100vw, 956px\" \/><\/figure>\n<\/div>\n\n\n\n<div class=\"wp-block-column is-layout-flow wp-block-column-is-layout-flow\">\n<figure class=\"wp-block-image size-large is-resized\"><img loading=\"lazy\" decoding=\"async\" width=\"1024\" height=\"768\" src=\"https:\/\/www.ksgvietnam.com\/wp-content\/uploads\/2024\/03\/337287746_754031989720636_1358243989240946171_n-1024x768.jpg\" alt=\"\" class=\"wp-image-255\" style=\"width:532px;height:auto\" srcset=\"https:\/\/www.ksgvietnam.com\/wp-content\/uploads\/2024\/03\/337287746_754031989720636_1358243989240946171_n-1024x768.jpg 1024w, https:\/\/www.ksgvietnam.com\/wp-content\/uploads\/2024\/03\/337287746_754031989720636_1358243989240946171_n-300x225.jpg 300w, https:\/\/www.ksgvietnam.com\/wp-content\/uploads\/2024\/03\/337287746_754031989720636_1358243989240946171_n-768x576.jpg 768w, https:\/\/www.ksgvietnam.com\/wp-content\/uploads\/2024\/03\/337287746_754031989720636_1358243989240946171_n-1536x1152.jpg 1536w, https:\/\/www.ksgvietnam.com\/wp-content\/uploads\/2024\/03\/337287746_754031989720636_1358243989240946171_n.jpg 2048w\" sizes=\"(max-width: 1024px) 100vw, 1024px\" \/><\/figure>\n<\/div>\n\n\n\n<div class=\"wp-block-column is-layout-flow wp-block-column-is-layout-flow\">\n<figure class=\"wp-block-image size-large is-resized\"><img loading=\"lazy\" decoding=\"async\" width=\"1024\" height=\"796\" src=\"https:\/\/www.ksgvietnam.com\/wp-content\/uploads\/2024\/03\/tshunagunihongo-1024x796.jpg\" alt=\"\" class=\"wp-image-256\" style=\"width:511px;height:auto\" srcset=\"https:\/\/www.ksgvietnam.com\/wp-content\/uploads\/2024\/03\/tshunagunihongo-1024x796.jpg 1024w, https:\/\/www.ksgvietnam.com\/wp-content\/uploads\/2024\/03\/tshunagunihongo-300x233.jpg 300w, https:\/\/www.ksgvietnam.com\/wp-content\/uploads\/2024\/03\/tshunagunihongo-768x597.jpg 768w, https:\/\/www.ksgvietnam.com\/wp-content\/uploads\/2024\/03\/tshunagunihongo-1536x1194.jpg 1536w, https:\/\/www.ksgvietnam.com\/wp-content\/uploads\/2024\/03\/tshunagunihongo.jpg 2048w\" sizes=\"(max-width: 1024px) 100vw, 1024px\" \/><\/figure>\n<\/div>\n<\/div>\n\n\n\n<div class=\"wp-block-columns is-layout-flex wp-container-core-columns-is-layout-5 wp-block-columns-is-layout-flex\">\n<div class=\"wp-block-column is-layout-flow wp-block-column-is-layout-flow\">\n<p class=\"has-vivid-cyan-blue-background-color has-background has-medium-font-size\"><strong>H\u01b0\u1edbng nghi\u1ec7p -\u0111\u1ecbnh h\u01b0\u1edbng r\u00f5 r\u00e0ng l\u00e0 r\u1ea5t c\u1ea7n thi\u1ebft<\/strong><\/p>\n\n\n\n<p class=\"has-medium-font-size\">Sau khi t\u1ed1t nghi\u1ec7p l\u00e0m g\u00ec ? \u0110i \u0111\u00e2u ? L\u00e0m g\u00ec? Kh\u00f4ng ch\u1ec9 l\u00e0 c\u00e2u h\u1ecfi b\u0103n kho\u0103n c\u1ee7a r\u1ea5t nhi\u1ec1u DHS. Ngay tr\u01b0\u1edbc khi sang Nh\u1eadt m\u1ed7i DHS \u0111\u00e3 c\u00f3 \u00fd \u0111\u1ecbnh r\u00f5 r\u00e0ng. D\u1ef1a tr\u00ean nguy\u1ec7n v\u1ecdng c\u1ee7a m\u1ed7i DHS nh\u00e0 tr\u01b0\u1eddng s\u1ebd t\u01b0 v\u1ea5n , \u0111\u1ecbnh h\u01b0\u1edbng cho m\u1ed7i du h\u1ecdc sinh tr\u01b0\u1edbc khi ra tr\u01b0\u1eddng. K\u00ec thi v\u00e0o \u0111\u1ea1i h\u1ecdc hay xin vi\u1ec7c \u1edf Nh\u1eadt th\u01b0\u1eddng di\u1ec5n ra r\u1ea5t s\u1edbm n\u00ean vi\u1ec7c chu\u1ea9n b\u1ecb t\u00e2m l\u00fd , k\u0129 n\u0103ng l\u00e0 vi\u1ec7c kh\u00f4ng th\u1ec3 thi\u1ebfu. V\u1edbi c\u00e1c b\u1ea1n \u0111\u00e3 t\u1ed1t nghi\u1ec7p \u0111\u1ea1i h\u1ecdc \u1edf Vi\u1ec7t Nam , n\u1ebfu ti\u1ebfng Nh\u1eadt t\u1ed1t c\u00f3 th\u1ec3 xin vi\u1ec7c l\u00e0m ngay sau khi t\u1ed1t nghi\u1ec7p t\u1ea1i tr\u01b0\u1eddng ho\u1eb7c ch\u1ecdn l\u00ean Cao h\u1ecdc .<\/p>\n\n\n\n<div class=\"wp-block-columns is-layout-flex wp-container-core-columns-is-layout-3 wp-block-columns-is-layout-flex\">\n<div class=\"wp-block-column is-layout-flow wp-block-column-is-layout-flow\">\n<figure class=\"wp-block-image size-large\"><img loading=\"lazy\" decoding=\"async\" width=\"1024\" height=\"768\" src=\"https:\/\/www.ksgvietnam.com\/wp-content\/uploads\/2024\/03\/358014399_736934205107318_2507109114544926846_n-1024x768.jpg\" alt=\"\" class=\"wp-image-260\" srcset=\"https:\/\/www.ksgvietnam.com\/wp-content\/uploads\/2024\/03\/358014399_736934205107318_2507109114544926846_n-1024x768.jpg 1024w, https:\/\/www.ksgvietnam.com\/wp-content\/uploads\/2024\/03\/358014399_736934205107318_2507109114544926846_n-300x225.jpg 300w, https:\/\/www.ksgvietnam.com\/wp-content\/uploads\/2024\/03\/358014399_736934205107318_2507109114544926846_n-768x576.jpg 768w, https:\/\/www.ksgvietnam.com\/wp-content\/uploads\/2024\/03\/358014399_736934205107318_2507109114544926846_n.jpg 1479w\" sizes=\"(max-width: 1024px) 100vw, 1024px\" \/><\/figure>\n<\/div>\n\n\n\n<div class=\"wp-block-column is-layout-flow wp-block-column-is-layout-flow\">\n<figure class=\"wp-block-image size-large\"><img loading=\"lazy\" decoding=\"async\" width=\"1024\" height=\"768\" src=\"https:\/\/www.ksgvietnam.com\/wp-content\/uploads\/2024\/03\/357722465_736934238440648_9073160181553091313_n-1024x768.jpg\" alt=\"\" class=\"wp-image-261\" srcset=\"https:\/\/www.ksgvietnam.com\/wp-content\/uploads\/2024\/03\/357722465_736934238440648_9073160181553091313_n-1024x768.jpg 1024w, https:\/\/www.ksgvietnam.com\/wp-content\/uploads\/2024\/03\/357722465_736934238440648_9073160181553091313_n-300x225.jpg 300w, https:\/\/www.ksgvietnam.com\/wp-content\/uploads\/2024\/03\/357722465_736934238440648_9073160181553091313_n-768x576.jpg 768w, https:\/\/www.ksgvietnam.com\/wp-content\/uploads\/2024\/03\/357722465_736934238440648_9073160181553091313_n.jpg 1479w\" sizes=\"(max-width: 1024px) 100vw, 1024px\" \/><\/figure>\n<\/div>\n<\/div>\n\n\n\n<p class=\"has-pale-pink-background-color has-background has-medium-font-size\"><strong>H\u1ecdc m\u00e0 ch\u01a1i<\/strong><\/p>\n\n\n\n<p class=\"has-medium-font-size\">Ngo\u00e0i c\u00e1c gi\u1edd h\u1ecdc ch\u00ednh nh\u00e0 tr\u01b0\u1eddng c\u00f3 t\u1ed5 ch\u1ee9c c\u00e1c bu\u1ed5i ngo\u1ea1i kh\u00f3a , kh\u00e1m ph\u00e1 v\u0103n h\u00f3a Nh\u1eadt B\u1ea3n.C\u1ee5 th\u1ec3 c\u00f3 th\u1ec3 xem l\u1ecbch ho\u1ea1t \u0111\u1ed9ng c\u1ee7a tr\u01b0\u1eddng.<\/p>\n\n\n\n<div class=\"wp-block-columns is-layout-flex wp-container-core-columns-is-layout-4 wp-block-columns-is-layout-flex\">\n<div class=\"wp-block-column is-layout-flow wp-block-column-is-layout-flow\">\n<figure class=\"wp-block-image size-large is-resized\"><img loading=\"lazy\" decoding=\"async\" width=\"1024\" height=\"721\" src=\"https:\/\/www.ksgvietnam.com\/wp-content\/uploads\/2024\/03\/334779239_721742022788351_2195876382511131282_n-1024x721.jpg\" alt=\"\" class=\"wp-image-267\" style=\"width:646px;height:auto\" srcset=\"https:\/\/www.ksgvietnam.com\/wp-content\/uploads\/2024\/03\/334779239_721742022788351_2195876382511131282_n-1024x721.jpg 1024w, https:\/\/www.ksgvietnam.com\/wp-content\/uploads\/2024\/03\/334779239_721742022788351_2195876382511131282_n-300x211.jpg 300w, https:\/\/www.ksgvietnam.com\/wp-content\/uploads\/2024\/03\/334779239_721742022788351_2195876382511131282_n-768x540.jpg 768w, https:\/\/www.ksgvietnam.com\/wp-content\/uploads\/2024\/03\/334779239_721742022788351_2195876382511131282_n.jpg 1279w\" sizes=\"(max-width: 1024px) 100vw, 1024px\" \/><figcaption class=\"wp-element-caption\"><strong>Th\u0103m quan c\u00f4ng vien Disney Tokyo<\/strong><\/figcaption><\/figure>\n<\/div>\n\n\n\n<div class=\"wp-block-column is-layout-flow wp-block-column-is-layout-flow\">\n<figure class=\"wp-block-image size-large is-resized\"><img loading=\"lazy\" decoding=\"async\" width=\"768\" height=\"1024\" src=\"https:\/\/www.ksgvietnam.com\/wp-content\/uploads\/2024\/03\/334803938_691256622778706_6256655596781125108_n-768x1024.jpg\" alt=\"\" class=\"wp-image-268\" style=\"width:299px;height:auto\" srcset=\"https:\/\/www.ksgvietnam.com\/wp-content\/uploads\/2024\/03\/334803938_691256622778706_6256655596781125108_n-768x1024.jpg 768w, https:\/\/www.ksgvietnam.com\/wp-content\/uploads\/2024\/03\/334803938_691256622778706_6256655596781125108_n-225x300.jpg 225w, https:\/\/www.ksgvietnam.com\/wp-content\/uploads\/2024\/03\/334803938_691256622778706_6256655596781125108_n-1152x1536.jpg 1152w, https:\/\/www.ksgvietnam.com\/wp-content\/uploads\/2024\/03\/334803938_691256622778706_6256655596781125108_n.jpg 1536w\" sizes=\"(max-width: 768px) 100vw, 768px\" \/><\/figure>\n<\/div>\n\n\n\n<div class=\"wp-block-column is-layout-flow wp-block-column-is-layout-flow\">\n<figure class=\"wp-block-image size-large is-resized\"><img loading=\"lazy\" decoding=\"async\" width=\"1024\" height=\"768\" src=\"https:\/\/www.ksgvietnam.com\/wp-content\/uploads\/2024\/03\/334814517_1367807267340937_7287939542844372613_n-1024x768.jpg\" alt=\"\" class=\"wp-image-269\" style=\"width:599px;height:auto\" srcset=\"https:\/\/www.ksgvietnam.com\/wp-content\/uploads\/2024\/03\/334814517_1367807267340937_7287939542844372613_n-1024x768.jpg 1024w, https:\/\/www.ksgvietnam.com\/wp-content\/uploads\/2024\/03\/334814517_1367807267340937_7287939542844372613_n-300x225.jpg 300w, https:\/\/www.ksgvietnam.com\/wp-content\/uploads\/2024\/03\/334814517_1367807267340937_7287939542844372613_n-768x576.jpg 768w, https:\/\/www.ksgvietnam.com\/wp-content\/uploads\/2024\/03\/334814517_1367807267340937_7287939542844372613_n.jpg 1290w\" sizes=\"(max-width: 1024px) 100vw, 1024px\" \/><\/figure>\n<\/div>\n<\/div>\n<\/div>\n<\/div>\n<div class=\"veu_socialSet veu_socialSet-position-after veu_contentAddSection\"><script>window.twttr=(function(d,s,id){var js,fjs=d.getElementsByTagName(s)[0],t=window.twttr||{};if(d.getElementById(id))return t;js=d.createElement(s);js.id=id;js.src=\"https:\/\/platform.twitter.com\/widgets.js\";fjs.parentNode.insertBefore(js,fjs);t._e=[];t.ready=function(f){t._e.push(f);};return t;}(document,\"script\",\"twitter-wjs\"));<\/script><ul><li class=\"sb_facebook sb_icon\"><a class=\"sb_icon_inner\" href=\"\/\/www.facebook.com\/sharer.php?src=bm&u=https%3A%2F%2Fwww.ksgvietnam.com%2F%3Fpage_id%3D87&amp;t=H%E1%BB%8CC%20VI%E1%BB%86N%20NH%E1%BA%ACT%20NG%E1%BB%AE%20TOKYO%20BAY\" target=\"_blank\" onclick=\"window.open(this.href,'FBwindow','width=650,height=450,menubar=no,toolbar=no,scrollbars=yes');return false;\"><span class=\"vk_icon_w_r_sns_fb icon_sns\"><\/span><span class=\"sns_txt\">Facebook<\/span><span class=\"veu_count_sns_fb\"><\/span><\/a><\/li><\/ul><\/div><!-- [ \/.socialSet ] -->","protected":false},"excerpt":{"rendered":"<p>C\u00f3 Nh\u00e2n vi\u00ean ng\u01b0\u1eddi Vi\u1ec7t Nam h\u1ed7 tr\u1ee3 Kh\u00f4ng ph\u1ea3i t\u1ea5t c\u1ea3 c\u00e1c tr\u01b0\u1eddng ti\u1ebfng Nh\u1eadt \u1edf Nh\u1eadt B\u1ea3n \u0111\u1ec1u c\u00f3 nh\u00e2n vi\u00ean ng\u01b0\u1eddi Vi\u1ec7t h\u1ed7 tr\u1ee3. V\u1edbi quy m\u00f4 v\u00e0 l\u01b0\u1ee3ng nh\u1ea5t \u0111\u1ecbnh nh\u00e0 tr\u01b0\u1eddng m\u1edbi tuy\u1ec3n d\u1ee5ng nh\u00e2n vi\u00ean ng\u01b0\u1eddi b\u1ea3n s\u1ee9 ph\u1ee5 tr\u00e1ch.Nh\u1eefng kh\u00f3 kh\u0103n trong cu\u1ed9c s\u1ed1ng h\u00e0ng ng\u00e0y m\u1ecdi ng\u01b0\u1eddi [&hellip;]<\/p>\n","protected":false},"author":1,"featured_media":0,"parent":0,"menu_order":0,"comment_status":"closed","ping_status":"closed","template":"","meta":{"om_disable_all_campaigns":false,"_monsterinsights_skip_tracking":false,"_monsterinsights_sitenote_active":false,"_monsterinsights_sitenote_note":"","_monsterinsights_sitenote_category":0,"_uf_show_specific_survey":0,"_uf_disable_surveys":false,"vkexunit_cta_each_option":"","footnotes":""},"aioseo_notices":[],"_links":{"self":[{"href":"https:\/\/www.ksgvietnam.com\/index.php?rest_route=\/wp\/v2\/pages\/87"}],"collection":[{"href":"https:\/\/www.ksgvietnam.com\/index.php?rest_route=\/wp\/v2\/pages"}],"about":[{"href":"https:\/\/www.ksgvietnam.com\/index.php?rest_route=\/wp\/v2\/types\/page"}],"author":[{"embeddable":true,"href":"https:\/\/www.ksgvietnam.com\/index.php?rest_route=\/wp\/v2\/users\/1"}],"replies":[{"embeddable":true,"href":"https:\/\/www.ksgvietnam.com\/index.php?rest_route=%2Fwp%2Fv2%2Fcomments&post=87"}],"version-history":[{"count":12,"href":"https:\/\/www.ksgvietnam.com\/index.php?rest_route=\/wp\/v2\/pages\/87\/revisions"}],"predecessor-version":[{"id":393,"href":"https:\/\/www.ksgvietnam.com\/index.php?rest_route=\/wp\/v2\/pages\/87\/revisions\/393"}],"wp:attachment":[{"href":"https:\/\/www.ksgvietnam.com\/index.php?rest_route=%2Fwp%2Fv2%2Fmedia&parent=87"}],"curies":[{"name":"wp","href":"https:\/\/api.w.org\/{rel}","templated":true}]}}